{"id":216747,"date":"2025-03-20T15:16:27","date_gmt":"2025-03-20T15:16:27","guid":{"rendered":"https:\/\/aromasentia.com\/product\/ylang-ylang-organic-essential-oil-50ml\/"},"modified":"2025-12-31T15:46:38","modified_gmt":"2025-12-31T15:46:38","slug":"ylang-ylang-ekologisk-eterisk-olja-50ml","status":"publish","type":"product","link":"https:\/\/aromasentia.com\/sv\/ylang-ylang-ekologisk-eterisk-olja-50ml\/","title":{"rendered":"Ylang Ylang Ekologisk Eterisk Olja 50ml"},"content":{"rendered":"<p>Ylang Ylang \u00e4r ett stort tr\u00e4d med ursprung i de avl\u00e4gsna \u00f6stl\u00e4nderna som Malaysia, Filippinerna och Indonesien. Dess gula blommor \u00e4r starkt doftande och har l\u00e5nga sl\u00e4pande kronblad.&nbsp;<\/p>\n<p>Enligt vetenskapen \u00e4r Grossist Ylang Ylang Eterisk Olja mentalt stimulerande. D\u00e4remot anser man inom aromaterapi att denna olja \u00e4r en av de b\u00e4sta p\u00e5 att slappna av f\u00f6r b\u00e5de sinnet och kroppen. Att bara lukta p\u00e5 den tros hj\u00e4lpa till att s\u00e4nka blodtrycket. Att ta ett bad med oljan eller anv\u00e4nda den i en massageolja f\u00f6rst\u00e4rker naturligtvis avslappningsupplevelsen. Den anv\u00e4nds f\u00f6r att lindra stress, depression, chock eller \u00e5ngest. N\u00e4r den anv\u00e4nds som h\u00e5rtonic ska den balansera oljeproduktionen. T\u00e4nk dock p\u00e5 att f\u00f6r h\u00f6ga koncentrationer av Ylang Ylang kan orsaka huvudv\u00e4rk eller illam\u00e5ende.<\/p>\n<p><strong>Latinskt namn: <\/strong><em>Cananga Odorata <\/em><\/p>\n<p><strong>Del av v\u00e4xt som anv\u00e4nds: <\/strong><em>Blommor <\/em><\/p>\n<p><strong>Ursprung: <\/strong><em>Komorerna<\/em><\/p>\n<p><strong>Extraktionsmetod: <\/strong><em>\u00c5ngdestillation <\/em><\/p>\n<p><strong><span style=\"color: rgb(84, 172, 210);\">OBS: V\u00e5ra eteriska oljor \u00e4r inte l\u00e4mpliga f\u00f6r internt bruk.<\/span><\/strong><\/p>\n","protected":false},"excerpt":{"rendered":"<p>Ylang Ylang \u00e4r ett stort tr\u00e4d med ursprung i de avl\u00e4gsna \u00f6stl\u00e4nderna som Malaysia, Filippinerna och Indonesien. Dess gula blommor \u00e4r starkt doftande och har l\u00e5nga sl\u00e4pande kronblad.&nbsp; Enligt vetenskapen \u00e4r Grossist Ylang Ylang Eterisk Olja mentalt stimulerande. D\u00e4remot anser man inom aromaterapi att denna olja \u00e4r en av de b\u00e4sta p\u00e5 att slappna av [&hellip;]<\/p>\n","protected":false},"featured_media":268794,"comment_status":"closed","ping_status":"open","template":"","meta":{"_angie_page":false},"product_brand":[27091],"product_cat":[11868,26836,25845,26654,13648,26074],"product_tag":[],"class_list":{"0":"post-216747","1":"product","2":"type-product","3":"status-publish","4":"has-post-thumbnail","6":"product_brand-ancient-wisdom","7":"product_cat-aromaterapi-och-rumsdofter","8":"product_cat-blommig","9":"product_cat-dofter-aromer","10":"product_cat-ekologiska-eteriska-oljor","11":"product_cat-eteriska-oljor","12":"product_cat-ylang-ylang","13":"pa_collection-50ml-organic-essential-oils-for-professionals-sv","14":"pa_made-in-komorerna","15":"pa_size-50ml","17":"first","18":"instock","19":"purchasable","20":"product-type-simple"},"supplier_id":null,"supplier_sku":"PreOrg-05","barcode":null,"atum_controlled":true,"out_stock_date":null,"out_stock_threshold":null,"inheritable":false,"inbound_stock":null,"stock_on_hold":0,"sold_today":0,"sales_last_days":0,"reserved_stock":null,"customer_returns":null,"warehouse_damage":null,"lost_in_post":null,"other_logs":null,"out_stock_days":0,"lost_sales":0,"has_location":null,"update_date":"2026-05-08T05:16:52","atum_locations":[],"atum_stock_status":"instock","restock_status":false,"low_stock_amount":"","sales_update_date":"2026-01-30T01:25:52","calc_backorders":null,"_links":{"self":[{"href":"https:\/\/aromasentia.com\/sv\/wp-json\/wp\/v2\/product\/216747","targetHints":{"allow":["GET"]}}],"collection":[{"href":"https:\/\/aromasentia.com\/sv\/wp-json\/wp\/v2\/product"}],"about":[{"href":"https:\/\/aromasentia.com\/sv\/wp-json\/wp\/v2\/types\/product"}],"replies":[{"embeddable":true,"href":"https:\/\/aromasentia.com\/sv\/wp-json\/wp\/v2\/comments?post=216747"}],"version-history":[{"count":0,"href":"https:\/\/aromasentia.com\/sv\/wp-json\/wp\/v2\/product\/216747\/revisions"}],"wp:featuredmedia":[{"embeddable":true,"href":"https:\/\/aromasentia.com\/sv\/wp-json\/wp\/v2\/media\/268794"}],"wp:attachment":[{"href":"https:\/\/aromasentia.com\/sv\/wp-json\/wp\/v2\/media?parent=216747"}],"wp:term":[{"taxonomy":"product_brand","embeddable":true,"href":"https:\/\/aromasentia.com\/sv\/wp-json\/wp\/v2\/product_brand?post=216747"},{"taxonomy":"product_cat","embeddable":true,"href":"https:\/\/aromasentia.com\/sv\/wp-json\/wp\/v2\/product_cat?post=216747"},{"taxonomy":"product_tag","embeddable":true,"href":"https:\/\/aromasentia.com\/sv\/wp-json\/wp\/v2\/product_tag?post=216747"}],"curies":[{"name":"wp","href":"https:\/\/api.w.org\/{rel}","templated":true}]}}