{"id":216743,"date":"2025-03-20T15:16:27","date_gmt":"2025-03-20T15:16:27","guid":{"rendered":"https:\/\/aromasentia.com\/product\/lavender-organic-essential-oil-50ml\/"},"modified":"2025-12-31T15:46:31","modified_gmt":"2025-12-31T15:46:31","slug":"lavendel-ekologisk-eterisk-olja-50ml","status":"publish","type":"product","link":"https:\/\/aromasentia.com\/sv\/lavendel-ekologisk-eterisk-olja-50ml\/","title":{"rendered":"Lavendel Ekologisk Eterisk Olja 50ml"},"content":{"rendered":"<p>Lavendel har anv\u00e4nts och omhuldats i \u00e5rhundraden f\u00f6r sin omissk\u00e4nnliga arom och otaliga f\u00f6rdelar. I antiken anv\u00e4nde egyptierna och romarna lavendel f\u00f6r bad, avkoppling, matlagning och som parfym.&nbsp;<\/p>\n<p>Den anv\u00e4nds f\u00f6r att fr\u00e4mja avslappning och minska stress och \u00e5ngest. Den anv\u00e4nds ocks\u00e5 f\u00f6r att lindra huvudv\u00e4rk, s\u00f6mnl\u00f6shet och fr\u00e4mja vilsam s\u00f6mn. Dessutom anv\u00e4nds den f\u00f6r att hj\u00e4lpa till med hud\u00e5kommor som eksem och akne, p\u00e5 grund av dess antiinflammatoriska och antiseptiska egenskaper.&nbsp;<\/p>\n<p>Lavendelolja kan ocks\u00e5 anv\u00e4ndas i hush\u00e5llsreng\u00f6ringsmedel, som insektsmedel och i tv\u00e4ttmedel.<\/p>\n<p><strong>Latinskt namn: <\/strong><em>Lavandula Angustifolia<strong> <\/strong><\/em><\/p>\n<p><strong>Del av v\u00e4xt som anv\u00e4nds: <\/strong><em>Blommande spetsar&nbsp;<\/em><\/p>\n<p><strong>Ursprung:&nbsp;<\/strong><em>Bulgarien<\/em><\/p>\n<p><strong>Extraktionsmetod: <\/strong><em>\u00c5ngdestillation <\/em><\/p>\n<p><strong><span style=\"color: rgb(84, 172, 210);\">OBS: V\u00e5ra eteriska oljor \u00e4r inte l\u00e4mpliga f\u00f6r internt bruk.<\/span><\/strong><\/p>\n","protected":false},"excerpt":{"rendered":"<p>Lavendel har anv\u00e4nts och omhuldats i \u00e5rhundraden f\u00f6r sin omissk\u00e4nnliga arom och otaliga f\u00f6rdelar. I antiken anv\u00e4nde egyptierna och romarna lavendel f\u00f6r bad, avkoppling, matlagning och som parfym.&nbsp; Den anv\u00e4nds f\u00f6r att fr\u00e4mja avslappning och minska stress och \u00e5ngest. Den anv\u00e4nds ocks\u00e5 f\u00f6r att lindra huvudv\u00e4rk, s\u00f6mnl\u00f6shet och fr\u00e4mja vilsam s\u00f6mn. Dessutom anv\u00e4nds den f\u00f6r [&hellip;]<\/p>\n","protected":false},"featured_media":268758,"comment_status":"closed","ping_status":"open","template":"","meta":{"_angie_page":false},"product_brand":[27091],"product_cat":[11868,26836,25845,26654,13648,26032],"product_tag":[],"class_list":{"0":"post-216743","1":"product","2":"type-product","3":"status-publish","4":"has-post-thumbnail","6":"product_brand-ancient-wisdom","7":"product_cat-aromaterapi-och-rumsdofter","8":"product_cat-blommig","9":"product_cat-dofter-aromer","10":"product_cat-ekologiska-eteriska-oljor","11":"product_cat-eteriska-oljor","12":"product_cat-lavendel","13":"pa_collection-50ml-organic-essential-oils-for-professionals-sv","14":"pa_made-in-frankrike","15":"pa_size-50ml","17":"first","18":"instock","19":"purchasable","20":"product-type-simple"},"supplier_id":null,"supplier_sku":"PreOrg-01","barcode":null,"atum_controlled":true,"out_stock_date":null,"out_stock_threshold":null,"inheritable":false,"inbound_stock":null,"stock_on_hold":0,"sold_today":0,"sales_last_days":0,"reserved_stock":null,"customer_returns":null,"warehouse_damage":null,"lost_in_post":null,"other_logs":null,"out_stock_days":0,"lost_sales":0,"has_location":null,"update_date":"2026-04-27T07:18:37","atum_locations":[],"atum_stock_status":"instock","restock_status":false,"low_stock_amount":"","sales_update_date":"2026-01-30T01:25:52","calc_backorders":null,"_links":{"self":[{"href":"https:\/\/aromasentia.com\/sv\/wp-json\/wp\/v2\/product\/216743","targetHints":{"allow":["GET"]}}],"collection":[{"href":"https:\/\/aromasentia.com\/sv\/wp-json\/wp\/v2\/product"}],"about":[{"href":"https:\/\/aromasentia.com\/sv\/wp-json\/wp\/v2\/types\/product"}],"replies":[{"embeddable":true,"href":"https:\/\/aromasentia.com\/sv\/wp-json\/wp\/v2\/comments?post=216743"}],"version-history":[{"count":0,"href":"https:\/\/aromasentia.com\/sv\/wp-json\/wp\/v2\/product\/216743\/revisions"}],"wp:featuredmedia":[{"embeddable":true,"href":"https:\/\/aromasentia.com\/sv\/wp-json\/wp\/v2\/media\/268758"}],"wp:attachment":[{"href":"https:\/\/aromasentia.com\/sv\/wp-json\/wp\/v2\/media?parent=216743"}],"wp:term":[{"taxonomy":"product_brand","embeddable":true,"href":"https:\/\/aromasentia.com\/sv\/wp-json\/wp\/v2\/product_brand?post=216743"},{"taxonomy":"product_cat","embeddable":true,"href":"https:\/\/aromasentia.com\/sv\/wp-json\/wp\/v2\/product_cat?post=216743"},{"taxonomy":"product_tag","embeddable":true,"href":"https:\/\/aromasentia.com\/sv\/wp-json\/wp\/v2\/product_tag?post=216743"}],"curies":[{"name":"wp","href":"https:\/\/api.w.org\/{rel}","templated":true}]}}