{"id":216738,"date":"2025-03-20T15:16:36","date_gmt":"2025-03-20T15:16:36","guid":{"rendered":"https:\/\/aromasentia.com\/product\/round-bottle-diffuser-lid-120ml\/"},"modified":"2025-12-31T15:46:31","modified_gmt":"2025-12-31T15:46:31","slug":"rund-flaska-for-doftpinnar-med-lock-150ml","status":"publish","type":"product","link":"https:\/\/aromasentia.com\/sv\/rund-flaska-for-doftpinnar-med-lock-150ml\/","title":{"rendered":"Rund Flaska F\u00f6r Doftpinnar med Lock &#8211; 150ml"},"content":{"rendered":"<p style=\"text-align: justify;\"><strong>150 ml R\u00f6rdiffusor Flaska&nbsp;<\/strong>av tjockt glas<strong>&nbsp;med skyddande plastplugg<\/strong> f\u00f6r transport + svarta diffusorlock (diffusorpinnar ing\u00e5r INTE).&nbsp;<\/p>\n<p style=\"text-align: justify;\">Detta \u00e4r en enkel men snygg glasflaska perfekt f\u00f6r hemdofter.<\/p>\n<p style=\"text-align: justify;\">L\u00e4gg till dina egna doftoljor eller rumsfr\u00e4schande dofter tillsammans med lite diffusorpinnar f\u00f6r att lysa upp dina kunders hem.&nbsp;<\/p>\n<p style=\"text-align: justify;\">Bes\u00f6k g\u00e4rna v\u00e5r <strong>Aromaterapiavdelning&nbsp;<\/strong>f\u00f6r att inspireras av v\u00e5rt breda utbud av doftoljor.&nbsp;<\/p>\n<p style=\"text-align: justify;\"><strong><span style=\"color: rgb(84, 172, 210);\">Best\u00e4ll idag f\u00f6r att omvandla dina kunders hem till en aromatisk himmel!<\/span><\/strong><\/p>\n","protected":false},"excerpt":{"rendered":"<p>150 ml R\u00f6rdiffusor Flaska&nbsp;av tjockt glas&nbsp;med skyddande plastplugg f\u00f6r transport + svarta diffusorlock (diffusorpinnar ing\u00e5r INTE).&nbsp; Detta \u00e4r en enkel men snygg glasflaska perfekt f\u00f6r hemdofter. L\u00e4gg till dina egna doftoljor eller rumsfr\u00e4schande dofter tillsammans med lite diffusorpinnar f\u00f6r att lysa upp dina kunders hem.&nbsp; Bes\u00f6k g\u00e4rna v\u00e5r Aromaterapiavdelning&nbsp;f\u00f6r att inspireras av v\u00e5rt breda utbud [&hellip;]<\/p>\n","protected":false},"featured_media":268955,"comment_status":"closed","ping_status":"open","template":"","meta":[],"product_brand":[],"product_cat":[11884,11885],"product_tag":[],"class_list":{"0":"post-216738","1":"product","2":"type-product","3":"status-publish","4":"has-post-thumbnail","6":"product_cat-aromalampor-diffusers-och-doftpinnar","7":"product_cat-doftpinnar","8":"pa_collection-diffuser-bottles-sv","9":"pa_made-in-kina","11":"first","12":"instock","13":"purchasable","14":"product-type-simple"},"supplier_id":null,"supplier_sku":"RDBot-01","barcode":null,"atum_controlled":true,"out_stock_date":null,"out_stock_threshold":null,"inheritable":false,"inbound_stock":null,"stock_on_hold":0,"sold_today":0,"sales_last_days":0,"reserved_stock":null,"customer_returns":null,"warehouse_damage":null,"lost_in_post":null,"other_logs":null,"out_stock_days":35,"lost_sales":0,"has_location":null,"update_date":"2026-02-10T10:28:34","atum_locations":[],"atum_stock_status":"instock","restock_status":false,"low_stock_amount":"","sales_update_date":"2026-01-20T05:14:40","calc_backorders":null,"_links":{"self":[{"href":"https:\/\/aromasentia.com\/sv\/wp-json\/wp\/v2\/product\/216738","targetHints":{"allow":["GET"]}}],"collection":[{"href":"https:\/\/aromasentia.com\/sv\/wp-json\/wp\/v2\/product"}],"about":[{"href":"https:\/\/aromasentia.com\/sv\/wp-json\/wp\/v2\/types\/product"}],"replies":[{"embeddable":true,"href":"https:\/\/aromasentia.com\/sv\/wp-json\/wp\/v2\/comments?post=216738"}],"version-history":[{"count":0,"href":"https:\/\/aromasentia.com\/sv\/wp-json\/wp\/v2\/product\/216738\/revisions"}],"wp:featuredmedia":[{"embeddable":true,"href":"https:\/\/aromasentia.com\/sv\/wp-json\/wp\/v2\/media\/268955"}],"wp:attachment":[{"href":"https:\/\/aromasentia.com\/sv\/wp-json\/wp\/v2\/media?parent=216738"}],"wp:term":[{"taxonomy":"product_brand","embeddable":true,"href":"https:\/\/aromasentia.com\/sv\/wp-json\/wp\/v2\/product_brand?post=216738"},{"taxonomy":"product_cat","embeddable":true,"href":"https:\/\/aromasentia.com\/sv\/wp-json\/wp\/v2\/product_cat?post=216738"},{"taxonomy":"product_tag","embeddable":true,"href":"https:\/\/aromasentia.com\/sv\/wp-json\/wp\/v2\/product_tag?post=216738"}],"curies":[{"name":"wp","href":"https:\/\/api.w.org\/{rel}","templated":true}]}}