{"id":216732,"date":"2025-03-20T15:16:36","date_gmt":"2025-03-20T15:16:36","guid":{"rendered":"https:\/\/aromasentia.com\/product\/cypress-organic-essential-oil-50ml\/"},"modified":"2025-12-31T15:46:23","modified_gmt":"2025-12-31T15:46:23","slug":"cypress-ekologisk-eterisk-olja-50ml","status":"publish","type":"product","link":"https:\/\/aromasentia.com\/sv\/cypress-ekologisk-eterisk-olja-50ml\/","title":{"rendered":"Cypress Ekologisk Eterisk Olja 50ml"},"content":{"rendered":"<p><strong>Grossist Cypress Eterisk Olja <\/strong>utvinns genom \u00e5ngdestillation fr\u00e5n den italienska eller medelhavscypressen. Oljan tas fr\u00e5n barren och kvistarna p\u00e5 unga grenar av dessa tr\u00e4d som gjorts k\u00e4nda av Van Goghs m\u00e5lningar. Cypress eterisk olja s\u00e4gs lugna starka k\u00e4nslor som ilska, och \u00e4r d\u00e4rf\u00f6r anv\u00e4ndbar att ha under stora f\u00f6r\u00e4ndringar i ens liv.&nbsp;<\/p>\n<p>Denna eteriska olja fungerar som en vasokonstriktor och hj\u00e4lper mot \u00e5derbr\u00e5ck och hemorrojder. Man tror att oljan fungerar bra f\u00f6r att lindra alla tillst\u00e5nd av \u00f6verskott av v\u00e4tska, s\u00e5som kraftig menstruation, \u00f6verdriven svettning, hosta, bronkit, bl\u00f6dningar och v\u00e4tskeretention. Denna olja lugnar muskelkramper, hj\u00e4lper till att reglera menstruationscykeln och lindrar artrit och reumatisk sm\u00e4rta. Anv\u00e4nd denna olja i en f\u00f6r\u00e5ngare f\u00f6r att lugna sinnet och f\u00f6r alla andningsbesv\u00e4r som astma, bronkit eller kikhosta. Den kan anv\u00e4ndas i utsp\u00e4dning i en kall kompress f\u00f6r att stoppa n\u00e4sblod.&nbsp;<\/p>\n<p>Cypressen anses vara ett sorgetr\u00e4d enligt grekisk mytologi och odlas ofta p\u00e5 kyrkog\u00e5rdar av denna anledning. Det \u00e4r ocks\u00e5 f\u00f6rknippat med underjordens gud, Hades. Fenicierna och kretensarna anv\u00e4nde tr\u00e4et fr\u00e5n detta tr\u00e4d f\u00f6r att bygga skepp och hus. Egyptierna gjorde sarkofager av den och grekerna t\u00e4ljer statyer av sina gudar med den. Legenden s\u00e4ger att Jesu Kristi kors gjordes av detta tr\u00e4, en annan anledning till att cypress \u00e4r kopplad till d\u00f6den. Ironiskt nog kommer det botaniska namnet p\u00e5 cypress fr\u00e5n grekiskan &quot;Sempervirens&quot;, som betyder &quot;leva f\u00f6r evigt&quot;.&nbsp;<\/p>\n<p><strong>Latinskt namn: <\/strong><em>Cupressus Sempervirens <\/em><\/p>\n<p><strong>Del av v\u00e4xt som anv\u00e4nds: <\/strong><em>Barr och kvistar&nbsp;<\/em><\/p>\n<p><strong>Ursprung: <\/strong><em>Spanien <\/em><\/p>\n<p><strong>Extraktionsmetod: <\/strong>\u00c5ngdestillation<strong>&nbsp;<\/strong><\/p>\n<p><strong><span style=\"color: rgb(84, 172, 210);\">OBS: V\u00e5ra eteriska oljor \u00e4r inte l\u00e4mpliga f\u00f6r internt bruk.<\/span><\/strong><\/p>\n","protected":false},"excerpt":{"rendered":"<p>Grossist Cypress Eterisk Olja utvinns genom \u00e5ngdestillation fr\u00e5n den italienska eller medelhavscypressen. Oljan tas fr\u00e5n barren och kvistarna p\u00e5 unga grenar av dessa tr\u00e4d som gjorts k\u00e4nda av Van Goghs m\u00e5lningar. Cypress eterisk olja s\u00e4gs lugna starka k\u00e4nslor som ilska, och \u00e4r d\u00e4rf\u00f6r anv\u00e4ndbar att ha under stora f\u00f6r\u00e4ndringar i ens liv.&nbsp; Denna eteriska olja [&hellip;]<\/p>\n","protected":false},"featured_media":268893,"comment_status":"closed","ping_status":"open","template":"","meta":[],"product_brand":[27091],"product_cat":[11868,26019,25845,26654,13648,26899],"product_tag":[],"class_list":{"0":"post-216732","1":"product","2":"type-product","3":"status-publish","4":"has-post-thumbnail","6":"product_brand-ancient-wisdom","7":"product_cat-aromaterapi-och-rumsdofter","8":"product_cat-cypress","9":"product_cat-dofter-aromer","10":"product_cat-ekologiska-eteriska-oljor","11":"product_cat-eteriska-oljor","12":"product_cat-traig","13":"pa_collection-50ml-organic-essential-oils-for-professionals-sv","14":"pa_made-in-italien","15":"pa_size-50ml","17":"first","18":"instock","19":"purchasable","20":"product-type-simple"},"supplier_id":null,"supplier_sku":"PreOrg-16","barcode":null,"atum_controlled":true,"out_stock_date":null,"out_stock_threshold":null,"inheritable":false,"inbound_stock":null,"stock_on_hold":0,"sold_today":0,"sales_last_days":0,"reserved_stock":null,"customer_returns":null,"warehouse_damage":null,"lost_in_post":null,"other_logs":null,"out_stock_days":0,"lost_sales":0,"has_location":null,"update_date":"2026-01-30T01:25:36","atum_locations":[],"atum_stock_status":"instock","restock_status":false,"low_stock_amount":"","sales_update_date":"2026-01-30T01:25:36","calc_backorders":null,"_links":{"self":[{"href":"https:\/\/aromasentia.com\/sv\/wp-json\/wp\/v2\/product\/216732","targetHints":{"allow":["GET"]}}],"collection":[{"href":"https:\/\/aromasentia.com\/sv\/wp-json\/wp\/v2\/product"}],"about":[{"href":"https:\/\/aromasentia.com\/sv\/wp-json\/wp\/v2\/types\/product"}],"replies":[{"embeddable":true,"href":"https:\/\/aromasentia.com\/sv\/wp-json\/wp\/v2\/comments?post=216732"}],"version-history":[{"count":0,"href":"https:\/\/aromasentia.com\/sv\/wp-json\/wp\/v2\/product\/216732\/revisions"}],"wp:featuredmedia":[{"embeddable":true,"href":"https:\/\/aromasentia.com\/sv\/wp-json\/wp\/v2\/media\/268893"}],"wp:attachment":[{"href":"https:\/\/aromasentia.com\/sv\/wp-json\/wp\/v2\/media?parent=216732"}],"wp:term":[{"taxonomy":"product_brand","embeddable":true,"href":"https:\/\/aromasentia.com\/sv\/wp-json\/wp\/v2\/product_brand?post=216732"},{"taxonomy":"product_cat","embeddable":true,"href":"https:\/\/aromasentia.com\/sv\/wp-json\/wp\/v2\/product_cat?post=216732"},{"taxonomy":"product_tag","embeddable":true,"href":"https:\/\/aromasentia.com\/sv\/wp-json\/wp\/v2\/product_tag?post=216732"}],"curies":[{"name":"wp","href":"https:\/\/api.w.org\/{rel}","templated":true}]}}