{"id":216731,"date":"2025-03-20T15:16:36","date_gmt":"2025-03-20T15:16:36","guid":{"rendered":"https:\/\/aromasentia.com\/product\/grapefruit-organic-essential-oil-50ml\/"},"modified":"2025-12-31T15:46:23","modified_gmt":"2025-12-31T15:46:23","slug":"grapefrukt-ekologisk-eterisk-olja-50ml","status":"publish","type":"product","link":"https:\/\/aromasentia.com\/sv\/grapefrukt-ekologisk-eterisk-olja-50ml\/","title":{"rendered":"Grapefrukt Ekologisk Eterisk Olja 50ml"},"content":{"rendered":"<p><strong>Grossist Grapefrukt Eterisk Olja&nbsp;<\/strong>har distinkta egenskaper som kan erbjuda en m\u00e4ngd h\u00e4lsof\u00f6rdelar inklusive minskade stressniv\u00e5er och blodtryck. Anh\u00e4ngare f\u00f6resl\u00e5r att inandning av oljans syrliga doft kan hj\u00e4lpa att lyfta ens hum\u00f6r och erbjuda en m\u00e4ngd olika f\u00f6rdelar.&nbsp;<\/p>\n<p>Att andas in aromen av eterisk grapefruktolja eller absorbera den genom huden tros \u00f6verf\u00f6ra meddelanden till en hj\u00e4rnregion som \u00e4r involverad i att kontrollera k\u00e4nslor. Denna hj\u00e4rnregion, som \u00e4r k\u00e4nd som det limbiska systemet, p\u00e5verkar ocks\u00e5 nervsystemet. Aromaterapif\u00f6respr\u00e5kare f\u00f6resl\u00e5r att eteriska oljor kan p\u00e5verka ett antal biologiska faktorer inklusive hj\u00e4rtfrekvens, stressniv\u00e5er, blodtryck, andning och immunfunktion.&nbsp;<\/p>\n<p>Grapefrukt Eterisk Olja anv\u00e4nds ocks\u00e5 f\u00f6r att minska stress, stimulera cirkulationen, \u00f6ka energin, f\u00f6rb\u00e4ttra hum\u00f6ret och f\u00f6rb\u00e4ttra matsm\u00e4ltningen.&nbsp;<\/p>\n<p><strong>Latinskt namn:&nbsp;<\/strong><em>Citrus Paradisi&nbsp;<\/em><\/p>\n<p><strong>Del av v\u00e4xt som anv\u00e4nds:&nbsp;<\/strong><em>Fruktskal&nbsp;<\/em><\/p>\n<p><strong>Ursprung:&nbsp;<\/strong><em>Argentina<\/em><em>&nbsp;<\/em><\/p>\n<p><strong>Extraktionsmetod:&nbsp;<\/strong><em>Kallpressning<\/em><\/p>\n<p><strong><span style=\"color: rgb(84, 172, 210);\">OBS: V\u00e5ra eteriska oljor \u00e4r inte l\u00e4mpliga f\u00f6r internt bruk.<\/span><\/strong><\/p>\n","protected":false},"excerpt":{"rendered":"<p>Grossist Grapefrukt Eterisk Olja&nbsp;har distinkta egenskaper som kan erbjuda en m\u00e4ngd h\u00e4lsof\u00f6rdelar inklusive minskade stressniv\u00e5er och blodtryck. Anh\u00e4ngare f\u00f6resl\u00e5r att inandning av oljans syrliga doft kan hj\u00e4lpa att lyfta ens hum\u00f6r och erbjuda en m\u00e4ngd olika f\u00f6rdelar.&nbsp; Att andas in aromen av eterisk grapefruktolja eller absorbera den genom huden tros \u00f6verf\u00f6ra meddelanden till en hj\u00e4rnregion [&hellip;]<\/p>\n","protected":false},"featured_media":268884,"comment_status":"closed","ping_status":"open","template":"","meta":[],"product_brand":[27091],"product_cat":[11868,26822,25845,26654,13648,26026],"product_tag":[],"class_list":{"0":"post-216731","1":"product","2":"type-product","3":"status-publish","4":"has-post-thumbnail","6":"product_brand-ancient-wisdom","7":"product_cat-aromaterapi-och-rumsdofter","8":"product_cat-citrus","9":"product_cat-dofter-aromer","10":"product_cat-ekologiska-eteriska-oljor","11":"product_cat-eteriska-oljor","12":"product_cat-grapefrukt","13":"pa_collection-50ml-organic-essential-oils-for-professionals-sv","14":"pa_made-in-argentina","15":"pa_size-50ml","17":"first","18":"instock","19":"purchasable","20":"product-type-simple"},"supplier_id":null,"supplier_sku":"PreOrg-15","barcode":null,"atum_controlled":true,"out_stock_date":null,"out_stock_threshold":null,"inheritable":false,"inbound_stock":null,"stock_on_hold":0,"sold_today":0,"sales_last_days":0,"reserved_stock":null,"customer_returns":null,"warehouse_damage":null,"lost_in_post":null,"other_logs":null,"out_stock_days":0,"lost_sales":0,"has_location":null,"update_date":"2026-01-30T01:26:02","atum_locations":[],"atum_stock_status":"instock","restock_status":false,"low_stock_amount":"","sales_update_date":"2026-01-30T01:26:02","calc_backorders":null,"_links":{"self":[{"href":"https:\/\/aromasentia.com\/sv\/wp-json\/wp\/v2\/product\/216731","targetHints":{"allow":["GET"]}}],"collection":[{"href":"https:\/\/aromasentia.com\/sv\/wp-json\/wp\/v2\/product"}],"about":[{"href":"https:\/\/aromasentia.com\/sv\/wp-json\/wp\/v2\/types\/product"}],"replies":[{"embeddable":true,"href":"https:\/\/aromasentia.com\/sv\/wp-json\/wp\/v2\/comments?post=216731"}],"version-history":[{"count":0,"href":"https:\/\/aromasentia.com\/sv\/wp-json\/wp\/v2\/product\/216731\/revisions"}],"wp:featuredmedia":[{"embeddable":true,"href":"https:\/\/aromasentia.com\/sv\/wp-json\/wp\/v2\/media\/268884"}],"wp:attachment":[{"href":"https:\/\/aromasentia.com\/sv\/wp-json\/wp\/v2\/media?parent=216731"}],"wp:term":[{"taxonomy":"product_brand","embeddable":true,"href":"https:\/\/aromasentia.com\/sv\/wp-json\/wp\/v2\/product_brand?post=216731"},{"taxonomy":"product_cat","embeddable":true,"href":"https:\/\/aromasentia.com\/sv\/wp-json\/wp\/v2\/product_cat?post=216731"},{"taxonomy":"product_tag","embeddable":true,"href":"https:\/\/aromasentia.com\/sv\/wp-json\/wp\/v2\/product_tag?post=216731"}],"curies":[{"name":"wp","href":"https:\/\/api.w.org\/{rel}","templated":true}]}}