{"id":216730,"date":"2025-03-20T15:16:36","date_gmt":"2025-03-20T15:16:36","guid":{"rendered":"https:\/\/aromasentia.com\/product\/clary-sage-organic-essential-oil-50ml\/"},"modified":"2025-12-31T15:46:23","modified_gmt":"2025-12-31T15:46:23","slug":"muskatellsalvia-ekologisk-eterisk-olja-50ml","status":"publish","type":"product","link":"https:\/\/aromasentia.com\/sv\/muskatellsalvia-ekologisk-eterisk-olja-50ml\/","title":{"rendered":"Muskatellsalvia Ekologisk Eterisk Olja 50ml"},"content":{"rendered":"<p><strong>Muskatellsalvia Eterisk Olja<\/strong> extraheras genom \u00e5ngdestillation fr\u00e5n de blommande topparna och bladen p\u00e5 Salvia Sclarea. Den \u00e4r inhemsk i s\u00f6dra Europa och odlas f\u00f6r sin olja i Frankrike och Ryssland. Den st\u00f6rsta f\u00f6rdelen med denna olja \u00e4r dess lugnande verkan p\u00e5 nerverna och \u00e4r s\u00e4rskilt anv\u00e4ndbar f\u00f6r kvinnliga besv\u00e4r och \u00e5kommor. Den s\u00e4gs ocks\u00e5 hj\u00e4lpa hudproblem som akne, b\u00f6lder och s\u00e5r och lindrar sm\u00e4rtsamma muskler och leder.&nbsp;<\/p>\n<p>Muskatellsalvia \u00e4r till hj\u00e4lp f\u00f6r dem som lider av depression, stress och s\u00f6mnl\u00f6shet. Den har anv\u00e4nts f\u00f6r att hj\u00e4lpa kvinnors problem som sm\u00e4rtsamma menstruationer, oregelbunden menstruation och under f\u00f6rlossningen. Under klimakteriet tros denna olja minska v\u00e4rmevallningar, nattliga svettningar, hj\u00e4rtklappning, irritabilitet samt huvudv\u00e4rk och yrsel. Den har anv\u00e4nts som afrodisiakum. Den \u00e4r ocks\u00e5 bra f\u00f6r matsm\u00e4ltningen och njurarna.&nbsp;<\/p>\n<p>Under medeltiden var salvia k\u00e4nd som Oculus Christi, vilket betydde &quot;Kristi \u00f6ga&quot;. Det var en mycket uppskattad medicin sedan dess. P\u00e5 Jamaica anv\u00e4ndes den av lokalbefolkningen f\u00f6r att reng\u00f6ra och kyla s\u00e5r och f\u00f6r inflammation i \u00f6gonen. Det \u00e4r en dyr olja och har varit en viktig och anv\u00e4ndbar s\u00e5dan inom aromaterapi och naturmedicin under l\u00e5ng tid.&nbsp;<\/p>\n<p><strong>V\u00c4NLIGEN OBSERVERA:&nbsp;<\/strong><\/p>\n<p><strong>Salviaolja b\u00f6r undvikas n\u00e4r du konsumerar alkohol, eftersom den kan \u00f6ka berusningen. Anv\u00e4nd i sm\u00e5 m\u00e4ngder eftersom en stor dos kan ge dig huvudv\u00e4rk. Applicera inte direkt i eller n\u00e4ra \u00f6gonen. Undvik att anv\u00e4nda under graviditet.&nbsp;<\/strong><\/p>\n<p><strong>Latinskt namn:&nbsp;<\/strong><em>Salvia Sclarea&nbsp;<\/em><\/p>\n<p><strong>Del av v\u00e4xt som anv\u00e4nds:&nbsp;<\/strong><em>Toppar och l\u00f6v&nbsp;<\/em><\/p>\n<p><strong>Ursprung:&nbsp;<\/strong><em>Elfenbenskusten<\/em><em>&nbsp;<\/em><\/p>\n<p><strong>Extraktionsmetod:&nbsp;<\/strong><em>\u00c5ngdestillation&nbsp;<\/em><\/p>\n<p><strong><span style=\"color: rgb(84, 172, 210);\">OBS: V\u00e5ra eteriska oljor \u00e4r inte l\u00e4mpliga f\u00f6r internt bruk.<\/span><\/strong><\/p>\n","protected":false},"excerpt":{"rendered":"<p>Muskatellsalvia Eterisk Olja extraheras genom \u00e5ngdestillation fr\u00e5n de blommande topparna och bladen p\u00e5 Salvia Sclarea. Den \u00e4r inhemsk i s\u00f6dra Europa och odlas f\u00f6r sin olja i Frankrike och Ryssland. Den st\u00f6rsta f\u00f6rdelen med denna olja \u00e4r dess lugnande verkan p\u00e5 nerverna och \u00e4r s\u00e4rskilt anv\u00e4ndbar f\u00f6r kvinnliga besv\u00e4r och \u00e5kommor. Den s\u00e4gs ocks\u00e5 hj\u00e4lpa [&hellip;]<\/p>\n","protected":false},"featured_media":268875,"comment_status":"closed","ping_status":"open","template":"","meta":{"_angie_page":false},"product_brand":[27091],"product_cat":[11868,25845,26654,13648,26014,26864],"product_tag":[],"class_list":{"0":"post-216730","1":"product","2":"type-product","3":"status-publish","4":"has-post-thumbnail","6":"product_brand-ancient-wisdom","7":"product_cat-aromaterapi-och-rumsdofter","8":"product_cat-dofter-aromer","9":"product_cat-ekologiska-eteriska-oljor","10":"product_cat-eteriska-oljor","11":"product_cat-muskatellsalvia","12":"product_cat-ort-aromatisk","13":"pa_collection-50ml-organic-essential-oils-for-professionals-sv","14":"pa_made-in-frankrike","15":"pa_size-50ml","17":"first","18":"instock","19":"purchasable","20":"product-type-simple"},"supplier_id":null,"supplier_sku":"PreOrg-14","barcode":null,"atum_controlled":true,"out_stock_date":null,"out_stock_threshold":null,"inheritable":false,"inbound_stock":null,"stock_on_hold":0,"sold_today":0,"sales_last_days":0,"reserved_stock":null,"customer_returns":null,"warehouse_damage":null,"lost_in_post":null,"other_logs":null,"out_stock_days":0,"lost_sales":0,"has_location":null,"update_date":"2026-04-29T18:50:32","atum_locations":[],"atum_stock_status":"instock","restock_status":false,"low_stock_amount":"","sales_update_date":"2026-01-30T01:24:25","calc_backorders":null,"_links":{"self":[{"href":"https:\/\/aromasentia.com\/sv\/wp-json\/wp\/v2\/product\/216730","targetHints":{"allow":["GET"]}}],"collection":[{"href":"https:\/\/aromasentia.com\/sv\/wp-json\/wp\/v2\/product"}],"about":[{"href":"https:\/\/aromasentia.com\/sv\/wp-json\/wp\/v2\/types\/product"}],"replies":[{"embeddable":true,"href":"https:\/\/aromasentia.com\/sv\/wp-json\/wp\/v2\/comments?post=216730"}],"version-history":[{"count":0,"href":"https:\/\/aromasentia.com\/sv\/wp-json\/wp\/v2\/product\/216730\/revisions"}],"wp:featuredmedia":[{"embeddable":true,"href":"https:\/\/aromasentia.com\/sv\/wp-json\/wp\/v2\/media\/268875"}],"wp:attachment":[{"href":"https:\/\/aromasentia.com\/sv\/wp-json\/wp\/v2\/media?parent=216730"}],"wp:term":[{"taxonomy":"product_brand","embeddable":true,"href":"https:\/\/aromasentia.com\/sv\/wp-json\/wp\/v2\/product_brand?post=216730"},{"taxonomy":"product_cat","embeddable":true,"href":"https:\/\/aromasentia.com\/sv\/wp-json\/wp\/v2\/product_cat?post=216730"},{"taxonomy":"product_tag","embeddable":true,"href":"https:\/\/aromasentia.com\/sv\/wp-json\/wp\/v2\/product_tag?post=216730"}],"curies":[{"name":"wp","href":"https:\/\/api.w.org\/{rel}","templated":true}]}}