{"id":216718,"date":"2025-03-20T15:17:23","date_gmt":"2025-03-20T15:17:23","guid":{"rendered":"https:\/\/aromasentia.com\/product\/140-ml-round-alchemist-reed-diffuser-bottle-charcoal\/"},"modified":"2025-12-31T15:46:17","modified_gmt":"2025-12-31T15:46:17","slug":"140-ml-rund-alkemist-flaska-for-doftpinnar-trakal","status":"publish","type":"product","link":"https:\/\/aromasentia.com\/sv\/140-ml-rund-alkemist-flaska-for-doftpinnar-trakal\/","title":{"rendered":"140 ml Rund Alkemist Flaska F\u00f6r Doftpinnar &#8211; Tr\u00e4k\u00e5l"},"content":{"rendered":"<p style=\"text-align: justify;\">Detta sortiment av <strong>R<\/strong><strong>\u00f6rdiffusor Flaskor<\/strong> av tjockt glas \u00e4r enkelt, snyggt och perfekt f\u00f6r hemdofter. &nbsp;<\/p>\n<p style=\"text-align: justify;\">L\u00e4gg till dina egna doftoljor eller rumsfr\u00e4schande dofter tillsammans med lite diffusorpinnar f\u00f6r att lysa upp dina kunders hem.&nbsp;<\/p>\n<p style=\"text-align: justify;\">Bes\u00f6k g\u00e4rna v\u00e5r <strong>Aromaterapiavdelning&nbsp;<\/strong>f\u00f6r att inspireras av v\u00e5rt breda utbud av doftoljor.&nbsp;<\/p>\n<p style=\"text-align: justify;\"><strong>Observera att lock och korkar s\u00e4ljs separat. Se till att v\u00e4lja kompatibla lock\/korkar f\u00f6r dina diffusorflaskor.&nbsp;<\/strong><\/p>\n<p style=\"text-align: justify;\"><strong><span style=\"color: rgb(84, 172, 210);\">Best\u00e4ll idag f\u00f6r att omvandla dina kunders hem till en aromatisk himmel!<\/span><\/strong><\/p>\n","protected":false},"excerpt":{"rendered":"<p>Detta sortiment av R\u00f6rdiffusor Flaskor av tjockt glas \u00e4r enkelt, snyggt och perfekt f\u00f6r hemdofter. &nbsp; L\u00e4gg till dina egna doftoljor eller rumsfr\u00e4schande dofter tillsammans med lite diffusorpinnar f\u00f6r att lysa upp dina kunders hem.&nbsp; Bes\u00f6k g\u00e4rna v\u00e5r Aromaterapiavdelning&nbsp;f\u00f6r att inspireras av v\u00e5rt breda utbud av doftoljor.&nbsp; Observera att lock och korkar s\u00e4ljs separat. Se [&hellip;]<\/p>\n","protected":false},"featured_media":269297,"comment_status":"closed","ping_status":"open","template":"","meta":[],"product_brand":[],"product_cat":[11884,11885],"product_tag":[],"class_list":{"0":"post-216718","1":"product","2":"type-product","3":"status-publish","4":"has-post-thumbnail","6":"product_cat-aromalampor-diffusers-och-doftpinnar","7":"product_cat-doftpinnar","8":"pa_collection-diffuser-bottles-sv","9":"pa_made-in-kina","10":"pa_size-140ml","12":"first","13":"instock","14":"purchasable","15":"product-type-simple"},"supplier_id":null,"supplier_sku":"RDBot-09","barcode":null,"atum_controlled":true,"out_stock_date":null,"out_stock_threshold":null,"inheritable":false,"inbound_stock":null,"stock_on_hold":0,"sold_today":0,"sales_last_days":0,"reserved_stock":null,"customer_returns":null,"warehouse_damage":null,"lost_in_post":null,"other_logs":null,"out_stock_days":10,"lost_sales":0,"has_location":null,"update_date":"2026-02-10T11:26:04","atum_locations":[],"atum_stock_status":"instock","restock_status":false,"low_stock_amount":"","sales_update_date":"2026-02-06T00:02:30","calc_backorders":null,"_links":{"self":[{"href":"https:\/\/aromasentia.com\/sv\/wp-json\/wp\/v2\/product\/216718","targetHints":{"allow":["GET"]}}],"collection":[{"href":"https:\/\/aromasentia.com\/sv\/wp-json\/wp\/v2\/product"}],"about":[{"href":"https:\/\/aromasentia.com\/sv\/wp-json\/wp\/v2\/types\/product"}],"replies":[{"embeddable":true,"href":"https:\/\/aromasentia.com\/sv\/wp-json\/wp\/v2\/comments?post=216718"}],"version-history":[{"count":0,"href":"https:\/\/aromasentia.com\/sv\/wp-json\/wp\/v2\/product\/216718\/revisions"}],"wp:featuredmedia":[{"embeddable":true,"href":"https:\/\/aromasentia.com\/sv\/wp-json\/wp\/v2\/media\/269297"}],"wp:attachment":[{"href":"https:\/\/aromasentia.com\/sv\/wp-json\/wp\/v2\/media?parent=216718"}],"wp:term":[{"taxonomy":"product_brand","embeddable":true,"href":"https:\/\/aromasentia.com\/sv\/wp-json\/wp\/v2\/product_brand?post=216718"},{"taxonomy":"product_cat","embeddable":true,"href":"https:\/\/aromasentia.com\/sv\/wp-json\/wp\/v2\/product_cat?post=216718"},{"taxonomy":"product_tag","embeddable":true,"href":"https:\/\/aromasentia.com\/sv\/wp-json\/wp\/v2\/product_tag?post=216718"}],"curies":[{"name":"wp","href":"https:\/\/api.w.org\/{rel}","templated":true}]}}