{"id":216712,"date":"2025-03-20T15:18:52","date_gmt":"2025-03-20T15:18:52","guid":{"rendered":"https:\/\/aromasentia.com\/product\/10ml-roll-on-essential-oil-blend-wake-up\/"},"modified":"2025-12-31T15:46:09","modified_gmt":"2025-12-31T15:46:09","slug":"10ml-roll-on-eterisk-oljeblandning-vakna","status":"publish","type":"product","link":"https:\/\/aromasentia.com\/sv\/10ml-roll-on-eterisk-oljeblandning-vakna\/","title":{"rendered":"10ml Roll On Eterisk Oljeblandning &#8211; Vakna"},"content":{"rendered":"<p>Grossist Roll-On Eteriska Oljeblandningar inneh\u00e5ller en kombination av rena oljor som verkar tillsammans f\u00f6r att fr\u00e4mja n\u00e5got specifikt som avkoppling, \u00f6kad energi, lycka och mycket mer. Roll-ons blir mer och mer popul\u00e4ra bland aromaterapikunder. Inneh\u00e5ller en blandning av 100 % naturliga och eteriska oljor i en lugnande b\u00e4raroljabas med E-vitamin.&nbsp;<\/p>\n<p>Dina kunder kan njuta av f\u00f6rdelarna med aromaterapi n\u00e4r och var som helst med dessa eteriska oljeblandningar i fickstorlek. Idealisk reses\u00e4llskap oavsett om dina kunder \u00e4r p\u00e5 den dagliga pendlingen eller jorden runt resan. Roll-on eteriska oljeblandningar kan enkelt appliceras under hela dagen vid stressiga situationer och sp\u00e4nda stunder, vilket g\u00f6r det enklare \u00e4n n\u00e5gonsin att uppleva aromaterapi n\u00e4r din kund beh\u00f6ver det som mest.&nbsp;<\/p>\n<p>L\u00e4tt att anv\u00e4nda: F\u00f6r att aktivera aromaterapin, rulla p\u00e5 tinningar, handleder och nacke. &nbsp;<\/p>\n<ul style=\"padding: 0px; color: rgb(114, 114, 114); font-family: Ubuntu, sans-serif; font-size: 15px; font-style: normal; font-variant-ligatures: normal; font-variant-caps: normal; font-weight: 400; letter-spacing: normal; orphans: 2; text-align: start; text-indent: 0px; text-transform: none; widows: 2; word-spacing: 0px; -webkit-text-stroke-width: 0px; white-space: normal; background-color: rgb(255, 255, 255); text-decoration-thickness: initial; text-decoration-style: initial; text-decoration-color: initial;\">\n<li>Fickstorlek&nbsp;<\/li>\n<li>Upplyftande dofter&nbsp;<\/li>\n<li>L\u00e4tt att applicera&nbsp;<\/li>\n<\/ul>\n<p><strong>Best\u00e4ll idag f\u00f6r att erbjuda dina kunder det b\u00e4sta urvalet av Roll-On Eteriska Oljeblandningar.<\/strong><\/p>\n<p><strong><span style=\"color: rgb(84, 172, 210);\">OBS: Anv\u00e4nd inte internt. <\/span><\/strong><\/p>\n","protected":false},"excerpt":{"rendered":"<p>Grossist Roll-On Eteriska Oljeblandningar inneh\u00e5ller en kombination av rena oljor som verkar tillsammans f\u00f6r att fr\u00e4mja n\u00e5got specifikt som avkoppling, \u00f6kad energi, lycka och mycket mer. Roll-ons blir mer och mer popul\u00e4ra bland aromaterapikunder. Inneh\u00e5ller en blandning av 100 % naturliga och eteriska oljor i en lugnande b\u00e4raroljabas med E-vitamin.&nbsp; Dina kunder kan njuta av [&hellip;]<\/p>\n","protected":false},"featured_media":269981,"comment_status":"closed","ping_status":"open","template":"","meta":[],"product_brand":[27091],"product_cat":[11868,26653,13648],"product_tag":[],"class_list":{"0":"post-216712","1":"product","2":"type-product","3":"status-publish","4":"has-post-thumbnail","6":"product_brand-ancient-wisdom","7":"product_cat-aromaterapi-och-rumsdofter","8":"product_cat-eteriska-oljeblandningar","9":"product_cat-eteriska-oljor","10":"pa_collection-roll-on-essential-oil-blends-sv","11":"pa_made-in-storbritannien","12":"pa_size-10ml","14":"first","15":"instock","16":"purchasable","17":"product-type-simple"},"supplier_id":null,"supplier_sku":"REBL-06","barcode":null,"atum_controlled":true,"out_stock_date":null,"out_stock_threshold":null,"inheritable":false,"inbound_stock":null,"stock_on_hold":0,"sold_today":0,"sales_last_days":0,"reserved_stock":null,"customer_returns":null,"warehouse_damage":null,"lost_in_post":null,"other_logs":null,"out_stock_days":0,"lost_sales":0,"has_location":null,"update_date":"2026-02-10T14:27:50","atum_locations":[],"atum_stock_status":"instock","restock_status":false,"low_stock_amount":"","sales_update_date":"2025-09-05T00:18:33","calc_backorders":null,"_links":{"self":[{"href":"https:\/\/aromasentia.com\/sv\/wp-json\/wp\/v2\/product\/216712","targetHints":{"allow":["GET"]}}],"collection":[{"href":"https:\/\/aromasentia.com\/sv\/wp-json\/wp\/v2\/product"}],"about":[{"href":"https:\/\/aromasentia.com\/sv\/wp-json\/wp\/v2\/types\/product"}],"replies":[{"embeddable":true,"href":"https:\/\/aromasentia.com\/sv\/wp-json\/wp\/v2\/comments?post=216712"}],"version-history":[{"count":0,"href":"https:\/\/aromasentia.com\/sv\/wp-json\/wp\/v2\/product\/216712\/revisions"}],"wp:featuredmedia":[{"embeddable":true,"href":"https:\/\/aromasentia.com\/sv\/wp-json\/wp\/v2\/media\/269981"}],"wp:attachment":[{"href":"https:\/\/aromasentia.com\/sv\/wp-json\/wp\/v2\/media?parent=216712"}],"wp:term":[{"taxonomy":"product_brand","embeddable":true,"href":"https:\/\/aromasentia.com\/sv\/wp-json\/wp\/v2\/product_brand?post=216712"},{"taxonomy":"product_cat","embeddable":true,"href":"https:\/\/aromasentia.com\/sv\/wp-json\/wp\/v2\/product_cat?post=216712"},{"taxonomy":"product_tag","embeddable":true,"href":"https:\/\/aromasentia.com\/sv\/wp-json\/wp\/v2\/product_tag?post=216712"}],"curies":[{"name":"wp","href":"https:\/\/api.w.org\/{rel}","templated":true}]}}