{"id":216698,"date":"2025-03-20T15:19:48","date_gmt":"2025-03-20T15:19:48","guid":{"rendered":"https:\/\/aromasentia.com\/product\/30x-roll-on-essential-oil-blend-just-focus-unlabelled\/"},"modified":"2025-12-31T15:46:02","modified_gmt":"2025-12-31T15:46:02","slug":"30x-roll-on-eterisk-oljeblandning-fokusera-utan-etikett","status":"publish","type":"product","link":"https:\/\/aromasentia.com\/sv\/30x-roll-on-eterisk-oljeblandning-fokusera-utan-etikett\/","title":{"rendered":"30x Roll On Eterisk Oljeblandning &#8211; Fokusera &#8211; Utan Etikett"},"content":{"rendered":"<p>Det h\u00e4r \u00e4r ett utm\u00e4rkt tillf\u00e4lle att m\u00e4rka och skapa ditt eget varum\u00e4rke av Roll-On Eteriska Oljeblandningar.&nbsp;<\/p>\n<p>Roll-ons blir mer och mer popul\u00e4ra bland aromaterapikunder.&nbsp;<\/p>\n<p>De inneh\u00e5ller en blandning av 100 % naturliga eteriska oljor i en lugnande b\u00e4raroljabas med E-vitamin. Dina kunder kan njuta av f\u00f6rdelarna med aromaterapi n\u00e4r som helst med dessa eteriska oljeblandningar i fickstorlek. Idealisk reses\u00e4llskap oavsett om dina kunder \u00e4r p\u00e5 den dagliga pendlingen eller jorden-runt resan.&nbsp;<\/p>\n<p>Roll-On Eterisk Oljeblandning kan enkelt appliceras under hela dagen under stressiga situationer och tider av sp\u00e4nning, vilket g\u00f6r det enklare \u00e4n n\u00e5gonsin att uppleva aromaterapi n\u00e4r din kund beh\u00f6ver det som mest.&nbsp;<\/p>\n<p><strong><span style=\"color: rgb(84, 172, 210);\">OBS: Anv\u00e4nd inte internt.<\/span><\/strong><\/p>\n","protected":false},"excerpt":{"rendered":"<p>Det h\u00e4r \u00e4r ett utm\u00e4rkt tillf\u00e4lle att m\u00e4rka och skapa ditt eget varum\u00e4rke av Roll-On Eteriska Oljeblandningar.&nbsp; Roll-ons blir mer och mer popul\u00e4ra bland aromaterapikunder.&nbsp; De inneh\u00e5ller en blandning av 100 % naturliga eteriska oljor i en lugnande b\u00e4raroljabas med E-vitamin. Dina kunder kan njuta av f\u00f6rdelarna med aromaterapi n\u00e4r som helst med dessa eteriska [&hellip;]<\/p>\n","protected":false},"featured_media":270147,"comment_status":"closed","ping_status":"open","template":"","meta":[],"product_brand":[27091],"product_cat":[11868,26653,13648],"product_tag":[],"class_list":{"0":"post-216698","1":"product","2":"type-product","3":"status-publish","4":"has-post-thumbnail","6":"product_brand-ancient-wisdom","7":"product_cat-aromaterapi-och-rumsdofter","8":"product_cat-eteriska-oljeblandningar","9":"product_cat-eteriska-oljor","10":"pa_collection-unlabelled-roll-on-essential-oil-blends-sv","11":"pa_made-in-storbritannien","13":"first","14":"instock","15":"purchasable","16":"product-type-simple"},"supplier_id":null,"supplier_sku":"ReblUL-05","barcode":null,"atum_controlled":true,"out_stock_date":null,"out_stock_threshold":null,"inheritable":false,"inbound_stock":null,"stock_on_hold":0,"sold_today":0,"sales_last_days":0,"reserved_stock":null,"customer_returns":null,"warehouse_damage":null,"lost_in_post":null,"other_logs":null,"out_stock_days":0,"lost_sales":0,"has_location":null,"update_date":"2026-02-03T17:58:01","atum_locations":[],"atum_stock_status":"instock","restock_status":false,"low_stock_amount":"","sales_update_date":"2026-01-30T01:24:39","calc_backorders":null,"_links":{"self":[{"href":"https:\/\/aromasentia.com\/sv\/wp-json\/wp\/v2\/product\/216698","targetHints":{"allow":["GET"]}}],"collection":[{"href":"https:\/\/aromasentia.com\/sv\/wp-json\/wp\/v2\/product"}],"about":[{"href":"https:\/\/aromasentia.com\/sv\/wp-json\/wp\/v2\/types\/product"}],"replies":[{"embeddable":true,"href":"https:\/\/aromasentia.com\/sv\/wp-json\/wp\/v2\/comments?post=216698"}],"version-history":[{"count":0,"href":"https:\/\/aromasentia.com\/sv\/wp-json\/wp\/v2\/product\/216698\/revisions"}],"wp:featuredmedia":[{"embeddable":true,"href":"https:\/\/aromasentia.com\/sv\/wp-json\/wp\/v2\/media\/270147"}],"wp:attachment":[{"href":"https:\/\/aromasentia.com\/sv\/wp-json\/wp\/v2\/media?parent=216698"}],"wp:term":[{"taxonomy":"product_brand","embeddable":true,"href":"https:\/\/aromasentia.com\/sv\/wp-json\/wp\/v2\/product_brand?post=216698"},{"taxonomy":"product_cat","embeddable":true,"href":"https:\/\/aromasentia.com\/sv\/wp-json\/wp\/v2\/product_cat?post=216698"},{"taxonomy":"product_tag","embeddable":true,"href":"https:\/\/aromasentia.com\/sv\/wp-json\/wp\/v2\/product_tag?post=216698"}],"curies":[{"name":"wp","href":"https:\/\/api.w.org\/{rel}","templated":true}]}}