{"id":216691,"date":"2025-03-20T15:19:48","date_gmt":"2025-03-20T15:19:48","guid":{"rendered":"https:\/\/aromasentia.com\/product\/small-soapstone-oil-burner-8cm-om\/"},"modified":"2025-12-31T15:45:54","modified_gmt":"2025-12-31T15:45:54","slug":"liten-oljebrannare-av-taljsten-8cm-om","status":"publish","type":"product","link":"https:\/\/aromasentia.com\/sv\/liten-oljebrannare-av-taljsten-8cm-om\/","title":{"rendered":"Liten Oljebr\u00e4nnare av T\u00e4ljsten 8cm &#8211; Om"},"content":{"rendered":"<p style=\"text-align: justify;\">V\u00e5rt nya sortiment av <strong>Oljebr\u00e4nnare i T\u00e4ljsten&nbsp;<\/strong>\u00e4r tillverkade med precision och omsorg, d\u00e4r varje del \u00e4r ett bevis p\u00e5 hantverkarens skicklighet, vilket g\u00f6r dem till b\u00e5de fantastiska dekorativa f\u00f6rem\u00e5l och praktiska verktyg f\u00f6r att skapa en lugn atmosf\u00e4r.&nbsp;<\/p>\n<p style=\"text-align: justify;\">Denna oljebr\u00e4nnare med Om-tema ger en k\u00e4nsla av lugn och andlig anslutning till ditt utrymme. Den \u00e4r tillverkad av t\u00e4ljsten och \u00e4r en h\u00e4rlig blandning av konstn\u00e4rskap och lugn.<\/p>\n<p style=\"text-align: justify;\">F\u00f6r att verkligen f\u00f6rb\u00e4ttra upplevelsen rekommenderar vi att du kompletterar dessa br\u00e4nnare med <a href=\"https:\/\/aromasentia.com\/eo\" rel=\"noopener noreferrer\" target=\"_blank\"><strong>eteriska oljor<\/strong><\/a>, <a href=\"https:\/\/aromasentia.com\/awfo\" rel=\"noopener noreferrer\" target=\"_blank\"><strong>doftoljor<\/strong><\/a>, <a href=\"https:\/\/aromasentia.com\/awmj\" rel=\"noopener noreferrer\" target=\"_blank\"><strong>doftvaxer&nbsp;<\/strong><\/a>eller <a href=\"https:\/\/aromasentia.com\/sghc\" rel=\"noopener noreferrer\" target=\"_blank\"><strong>sjudande granulat<\/strong><\/a>. Kombinationen av v\u00e4ldoftande oljor och det milda sv\u00e4ngandet av r\u00f6kelse skapar en sensorisk resa som kommer att f\u00e4ngsla dina kunder.&nbsp;<\/p>\n<p style=\"text-align: justify;\"><strong>V\u00e4nligen observera:<\/strong> Se till att det finns tillr\u00e4ckligt med vatten i beh\u00e5llaren ovanf\u00f6r br\u00e4nnaren och placera alltid oljebr\u00e4nnaren p\u00e5 en v\u00e4rmet\u00e5lig matta.<\/p>\n","protected":false},"excerpt":{"rendered":"<p>V\u00e5rt nya sortiment av Oljebr\u00e4nnare i T\u00e4ljsten&nbsp;\u00e4r tillverkade med precision och omsorg, d\u00e4r varje del \u00e4r ett bevis p\u00e5 hantverkarens skicklighet, vilket g\u00f6r dem till b\u00e5de fantastiska dekorativa f\u00f6rem\u00e5l och praktiska verktyg f\u00f6r att skapa en lugn atmosf\u00e4r.&nbsp; Denna oljebr\u00e4nnare med Om-tema ger en k\u00e4nsla av lugn och andlig anslutning till ditt utrymme. Den \u00e4r [&hellip;]<\/p>\n","protected":false},"featured_media":270345,"comment_status":"closed","ping_status":"open","template":"","meta":{"_angie_page":false},"product_brand":[],"product_cat":[12345,11884],"product_tag":[],"class_list":{"0":"post-216691","1":"product","2":"type-product","3":"status-publish","4":"has-post-thumbnail","6":"product_cat-aromalampor","7":"product_cat-aromalampor-diffusers-och-doftpinnar","8":"pa_collection-soapstone-oil-burners-sv","9":"pa_made-in-indien","11":"first","12":"outofstock","13":"purchasable","14":"product-type-simple"},"supplier_id":null,"supplier_sku":"SoapOB-14","barcode":null,"atum_controlled":true,"out_stock_date":"2025-09-05 16:08:21","out_stock_threshold":null,"inheritable":false,"inbound_stock":null,"stock_on_hold":0,"sold_today":0,"sales_last_days":0,"reserved_stock":null,"customer_returns":null,"warehouse_damage":null,"lost_in_post":null,"other_logs":null,"out_stock_days":0,"lost_sales":0,"has_location":null,"update_date":"2026-04-27T07:21:52","atum_locations":[],"atum_stock_status":"outofstock","restock_status":false,"low_stock_amount":"","sales_update_date":"2025-09-05T00:18:35","calc_backorders":null,"_links":{"self":[{"href":"https:\/\/aromasentia.com\/sv\/wp-json\/wp\/v2\/product\/216691","targetHints":{"allow":["GET"]}}],"collection":[{"href":"https:\/\/aromasentia.com\/sv\/wp-json\/wp\/v2\/product"}],"about":[{"href":"https:\/\/aromasentia.com\/sv\/wp-json\/wp\/v2\/types\/product"}],"replies":[{"embeddable":true,"href":"https:\/\/aromasentia.com\/sv\/wp-json\/wp\/v2\/comments?post=216691"}],"version-history":[{"count":0,"href":"https:\/\/aromasentia.com\/sv\/wp-json\/wp\/v2\/product\/216691\/revisions"}],"wp:featuredmedia":[{"embeddable":true,"href":"https:\/\/aromasentia.com\/sv\/wp-json\/wp\/v2\/media\/270345"}],"wp:attachment":[{"href":"https:\/\/aromasentia.com\/sv\/wp-json\/wp\/v2\/media?parent=216691"}],"wp:term":[{"taxonomy":"product_brand","embeddable":true,"href":"https:\/\/aromasentia.com\/sv\/wp-json\/wp\/v2\/product_brand?post=216691"},{"taxonomy":"product_cat","embeddable":true,"href":"https:\/\/aromasentia.com\/sv\/wp-json\/wp\/v2\/product_cat?post=216691"},{"taxonomy":"product_tag","embeddable":true,"href":"https:\/\/aromasentia.com\/sv\/wp-json\/wp\/v2\/product_tag?post=216691"}],"curies":[{"name":"wp","href":"https:\/\/api.w.org\/{rel}","templated":true}]}}