{"id":216686,"date":"2025-03-20T15:20:52","date_gmt":"2025-03-20T15:20:52","guid":{"rendered":"https:\/\/aromasentia.com\/product\/wake-up-aromatherapy-smelling-salt\/"},"modified":"2025-12-31T15:45:54","modified_gmt":"2025-12-31T15:45:54","slug":"aromaterapi-luktsalt-vakna","status":"publish","type":"product","link":"https:\/\/aromasentia.com\/sv\/aromaterapi-luktsalt-vakna\/","title":{"rendered":"Aromaterapi Luktsalt &#8211; Vakna"},"content":{"rendered":"<p style=\"text-align: justify;\">Friska upp dina sinnen och h\u00e4mta ny energi med detta aromaterapi luktsalt!&nbsp;<\/p>\n<p style=\"text-align: justify;\">I \u00e5rhundraden har en kombination av aromatiska \u00e4mnen blandats och andats in f\u00f6r sina terapeutiska effekter.&nbsp;<\/p>\n<p style=\"text-align: justify;\">Upplev en vitaliserande friskhet med <strong>Vakna Aromaterapi Luktsalt<\/strong>, noga utformat f\u00f6r att st\u00e4rka dina sinnen och kickstarta dina morgnar. Denna fantastiska blandning inneh\u00e5ller en symfoni av eteriska oljor och den naturliga renheten av Himalayasalt. Den inkluderar eteriska oljor av ravensara, rosmarin, citrongr\u00e4s och mandarin.<\/p>\n<p style=\"text-align: justify;\">Ravensara, som \u00e4r k\u00e4nd f\u00f6r sina uppfriskande egenskaper, f\u00f6renar sina krafter med de upplyftande tonerna av rosmarin och citrongr\u00e4s. Denna dynamiska blandning v\u00e4cker dina sinnen och ger en pigg energikick, vilket g\u00f6r den till det perfekta till\u00e4gget till din morgonrutin. Den milda men upplyftande aromen av mandarin ger en touch av ljushet och skapar en atmosf\u00e4r av vitalitet.<\/p>\n<p style=\"text-align: justify;\">Paketet inkluderar 10 x 10 ml flaskor med <strong>Vakna&nbsp;<\/strong><strong>Luktsalt<\/strong>.<\/p>\n<p style=\"text-align: justify;\"><strong><span style=\"color: rgb(84, 172, 210);\">Kickstarta dina morgnar med naturens mest uppiggande essenser med hj\u00e4lp av denna uppfriskande blandning av eteriska oljor och himalayasalt!<\/span><\/strong><\/p>\n","protected":false},"excerpt":{"rendered":"<p>Friska upp dina sinnen och h\u00e4mta ny energi med detta aromaterapi luktsalt!&nbsp; I \u00e5rhundraden har en kombination av aromatiska \u00e4mnen blandats och andats in f\u00f6r sina terapeutiska effekter.&nbsp; Upplev en vitaliserande friskhet med Vakna Aromaterapi Luktsalt, noga utformat f\u00f6r att st\u00e4rka dina sinnen och kickstarta dina morgnar. Denna fantastiska blandning inneh\u00e5ller en symfoni av eteriska [&hellip;]<\/p>\n","protected":false},"featured_media":270839,"comment_status":"closed","ping_status":"open","template":"","meta":{"_angie_page":false},"product_brand":[],"product_cat":[11868,25793],"product_tag":[],"class_list":{"0":"post-216686","1":"product","2":"type-product","3":"status-publish","4":"has-post-thumbnail","6":"product_cat-aromaterapi-och-rumsdofter","7":"product_cat-luktsalt","8":"pa_collection-aromatherapy-smelling-salts-sv","9":"pa_made-in-storbritannien","11":"first","12":"instock","13":"purchasable","14":"product-type-simple"},"supplier_id":null,"supplier_sku":"SSalt-04","barcode":null,"atum_controlled":true,"out_stock_date":null,"out_stock_threshold":null,"inheritable":false,"inbound_stock":null,"stock_on_hold":0,"sold_today":0,"sales_last_days":0,"reserved_stock":null,"customer_returns":null,"warehouse_damage":null,"lost_in_post":null,"other_logs":null,"out_stock_days":0,"lost_sales":0,"has_location":null,"update_date":"2026-04-27T07:23:10","atum_locations":[],"atum_stock_status":"instock","restock_status":false,"low_stock_amount":"","sales_update_date":"2026-01-30T01:24:34","calc_backorders":null,"_links":{"self":[{"href":"https:\/\/aromasentia.com\/sv\/wp-json\/wp\/v2\/product\/216686","targetHints":{"allow":["GET"]}}],"collection":[{"href":"https:\/\/aromasentia.com\/sv\/wp-json\/wp\/v2\/product"}],"about":[{"href":"https:\/\/aromasentia.com\/sv\/wp-json\/wp\/v2\/types\/product"}],"replies":[{"embeddable":true,"href":"https:\/\/aromasentia.com\/sv\/wp-json\/wp\/v2\/comments?post=216686"}],"version-history":[{"count":0,"href":"https:\/\/aromasentia.com\/sv\/wp-json\/wp\/v2\/product\/216686\/revisions"}],"wp:featuredmedia":[{"embeddable":true,"href":"https:\/\/aromasentia.com\/sv\/wp-json\/wp\/v2\/media\/270839"}],"wp:attachment":[{"href":"https:\/\/aromasentia.com\/sv\/wp-json\/wp\/v2\/media?parent=216686"}],"wp:term":[{"taxonomy":"product_brand","embeddable":true,"href":"https:\/\/aromasentia.com\/sv\/wp-json\/wp\/v2\/product_brand?post=216686"},{"taxonomy":"product_cat","embeddable":true,"href":"https:\/\/aromasentia.com\/sv\/wp-json\/wp\/v2\/product_cat?post=216686"},{"taxonomy":"product_tag","embeddable":true,"href":"https:\/\/aromasentia.com\/sv\/wp-json\/wp\/v2\/product_tag?post=216686"}],"curies":[{"name":"wp","href":"https:\/\/api.w.org\/{rel}","templated":true}]}}