{"id":216673,"date":"2025-03-20T15:22:14","date_gmt":"2025-03-20T15:22:14","guid":{"rendered":"https:\/\/aromasentia.com\/product\/top-6-essential-oils-aromatherapy-box\/"},"modified":"2025-12-31T15:45:47","modified_gmt":"2025-12-31T15:45:47","slug":"topp-6-eteriska-oljor-aromaterapi-ask","status":"publish","type":"product","link":"https:\/\/aromasentia.com\/sv\/topp-6-eteriska-oljor-aromaterapi-ask\/","title":{"rendered":"Topp 6 Eteriska Oljor Aromaterapi-ask"},"content":{"rendered":"<p style=\"text-align: justify;\">Maximera din f\u00f6rs\u00e4ljning genom att skaffa ett av v\u00e5ra fantastiska startpaket till din butik.<\/p>\n<p style=\"text-align: justify;\">Den \u00e4r fylld med b\u00e4sts\u00e4ljande <strong>eteriska oljor<\/strong> (6x 10ml flaskor) och dessutom f\u00e5r du en <strong>aromaterapi-ask av mangotr\u00e4<\/strong> helt GRATIS!<\/p>\n<p style=\"text-align: justify;\">Vi tror att v\u00e5ra eteriska oljor till grossistf\u00f6rs\u00e4ljning erbjuder den b\u00e4sta kvaliteten och v\u00e4rdet p\u00e5 marknaden. Ge dina kunder det b\u00e4sta urvalet av eteriska oljor f\u00f6r aromaterapi.<\/p>\n<p style=\"text-align: justify;\"><strong>Detta startpaket inneh\u00e5ller:<\/strong><\/p>\n<p>10ml Lavendel Eterisk Olja<br \/>10ml Tetr\u00e4d Eterisk Olja<br \/>10ml Eukalyptus Eterisk Olja<br \/>10ml Pepparmynta Eterisk Olja<br \/>10ml Ylang Ylang I Eterisk Olja<br \/>10ml Cedertr\u00e4 Virginian Eterisk Olja<\/p>\n<p style=\"text-align: justify;\">Aromaterapi-asken \u00e4r tillverkad av mangotr\u00e4 och dekorerad med handkarvade m\u00f6nster. Denna vackra ask \u00e4r perfekt f\u00f6r sovrummet, sminkbordet&#8230; eller vilket rum som helst.<br \/>\nDesignad f\u00f6r att h\u00e5lla 10ml flaskor &ndash; s\u00e5 v\u00e5ra eteriska oljor passar perfekt.<\/p>\n<p style=\"text-align: justify;\"><strong><span style=\"color: rgb(84, 172, 210);\">Skapa en fantastisk, uppseendev\u00e4ckande utst\u00e4llning i din butik. Best\u00e4ll nu!<\/span><\/strong><\/p>\n","protected":false},"excerpt":{"rendered":"<p>Maximera din f\u00f6rs\u00e4ljning genom att skaffa ett av v\u00e5ra fantastiska startpaket till din butik. Den \u00e4r fylld med b\u00e4sts\u00e4ljande eteriska oljor (6x 10ml flaskor) och dessutom f\u00e5r du en aromaterapi-ask av mangotr\u00e4 helt GRATIS! Vi tror att v\u00e5ra eteriska oljor till grossistf\u00f6rs\u00e4ljning erbjuder den b\u00e4sta kvaliteten och v\u00e4rdet p\u00e5 marknaden. Ge dina kunder det b\u00e4sta [&hellip;]<\/p>\n","protected":false},"featured_media":271052,"comment_status":"closed","ping_status":"open","template":"","meta":[],"product_brand":[],"product_cat":[11868,13648],"product_tag":[],"class_list":{"0":"post-216673","1":"product","2":"type-product","3":"status-publish","4":"has-post-thumbnail","6":"product_cat-aromaterapi-och-rumsdofter","7":"product_cat-eteriska-oljor","8":"pa_collection-starter-sets-for-dropshippers-sv","9":"pa_made-in-storbritannien","11":"first","12":"outofstock","13":"purchasable","14":"product-type-simple"},"supplier_id":null,"supplier_sku":"ABoxEO-03","barcode":null,"atum_controlled":true,"out_stock_date":"2026-02-09 17:56:07","out_stock_threshold":null,"inheritable":false,"inbound_stock":null,"stock_on_hold":0,"sold_today":0,"sales_last_days":0,"reserved_stock":null,"customer_returns":null,"warehouse_damage":null,"lost_in_post":null,"other_logs":null,"out_stock_days":0,"lost_sales":0,"has_location":null,"update_date":"2026-02-09T17:56:07","atum_locations":[],"atum_stock_status":"outofstock","restock_status":false,"low_stock_amount":"","sales_update_date":"2026-02-06T00:02:42","calc_backorders":null,"_links":{"self":[{"href":"https:\/\/aromasentia.com\/sv\/wp-json\/wp\/v2\/product\/216673","targetHints":{"allow":["GET"]}}],"collection":[{"href":"https:\/\/aromasentia.com\/sv\/wp-json\/wp\/v2\/product"}],"about":[{"href":"https:\/\/aromasentia.com\/sv\/wp-json\/wp\/v2\/types\/product"}],"replies":[{"embeddable":true,"href":"https:\/\/aromasentia.com\/sv\/wp-json\/wp\/v2\/comments?post=216673"}],"version-history":[{"count":0,"href":"https:\/\/aromasentia.com\/sv\/wp-json\/wp\/v2\/product\/216673\/revisions"}],"wp:featuredmedia":[{"embeddable":true,"href":"https:\/\/aromasentia.com\/sv\/wp-json\/wp\/v2\/media\/271052"}],"wp:attachment":[{"href":"https:\/\/aromasentia.com\/sv\/wp-json\/wp\/v2\/media?parent=216673"}],"wp:term":[{"taxonomy":"product_brand","embeddable":true,"href":"https:\/\/aromasentia.com\/sv\/wp-json\/wp\/v2\/product_brand?post=216673"},{"taxonomy":"product_cat","embeddable":true,"href":"https:\/\/aromasentia.com\/sv\/wp-json\/wp\/v2\/product_cat?post=216673"},{"taxonomy":"product_tag","embeddable":true,"href":"https:\/\/aromasentia.com\/sv\/wp-json\/wp\/v2\/product_tag?post=216673"}],"curies":[{"name":"wp","href":"https:\/\/api.w.org\/{rel}","templated":true}]}}