{"id":216665,"date":"2025-03-20T15:22:14","date_gmt":"2025-03-20T15:22:14","guid":{"rendered":"https:\/\/aromasentia.com\/product\/stone-oil-burner-carved-leaf\/"},"modified":"2025-12-31T15:45:40","modified_gmt":"2025-12-31T15:45:40","slug":"oljebrannare-av-sten-lov","status":"publish","type":"product","link":"https:\/\/aromasentia.com\/sv\/oljebrannare-av-sten-lov\/","title":{"rendered":"Oljebr\u00e4nnare Av Sten &#8211; L\u00f6v"},"content":{"rendered":"<p style=\"text-align: justify;\">Dessa noggrant handsnidade Sandstens Oljebr\u00e4nnare  kan l\u00e4tt bli mittpunkten i ett valfritt rum eller perfekt dekoration f\u00f6r ett lyxigt spa eller hotell.<\/p>\n<p style=\"text-align: justify;\">Unika handsnidade Sandstens Oljebr\u00e4nnare  i grossistledet har en fantastisk form och exceptionell f\u00e4rg.&nbsp;<\/p>\n<p style=\"text-align: justify;\">Oljebr\u00e4nnarna g\u00e5r bra att anv\u00e4nda med doftoljor och sojavaxer.&nbsp;<\/p>\n<p style=\"text-align: justify;\">Den h\u00e4r konsten fr\u00e5n Java, Indonesien, \u00e4r sv\u00e5r att hitta och kommer att komplimentera alla utrymmen den placeras i.<\/p>\n","protected":false},"excerpt":{"rendered":"<p>Dessa noggrant handsnidade Sandstens Oljebr\u00e4nnare kan l\u00e4tt bli mittpunkten i ett valfritt rum eller perfekt dekoration f\u00f6r ett lyxigt spa eller hotell. Unika handsnidade Sandstens Oljebr\u00e4nnare i grossistledet har en fantastisk form och exceptionell f\u00e4rg.&nbsp; Oljebr\u00e4nnarna g\u00e5r bra att anv\u00e4nda med doftoljor och sojavaxer.&nbsp; Den h\u00e4r konsten fr\u00e5n Java, Indonesien, \u00e4r sv\u00e5r att hitta och [&hellip;]<\/p>\n","protected":false},"featured_media":270980,"comment_status":"closed","ping_status":"open","template":"","meta":{"_angie_page":false},"product_brand":[],"product_cat":[12345,11884],"product_tag":[],"class_list":{"0":"post-216665","1":"product","2":"type-product","3":"status-publish","4":"has-post-thumbnail","6":"product_cat-aromalampor","7":"product_cat-aromalampor-diffusers-och-doftpinnar","8":"pa_collection-sandstone-oil-burner-sv","9":"pa_made-in-indonesien","11":"first","12":"instock","13":"purchasable","14":"product-type-simple"},"supplier_id":null,"supplier_sku":"SSOB-02","barcode":null,"atum_controlled":true,"out_stock_date":null,"out_stock_threshold":null,"inheritable":false,"inbound_stock":null,"stock_on_hold":0,"sold_today":0,"sales_last_days":0,"reserved_stock":null,"customer_returns":null,"warehouse_damage":null,"lost_in_post":null,"other_logs":null,"out_stock_days":0,"lost_sales":0,"has_location":null,"update_date":"2026-04-27T07:23:19","atum_locations":[],"atum_stock_status":"instock","restock_status":false,"low_stock_amount":"","sales_update_date":"2026-01-30T01:24:44","calc_backorders":null,"_links":{"self":[{"href":"https:\/\/aromasentia.com\/sv\/wp-json\/wp\/v2\/product\/216665","targetHints":{"allow":["GET"]}}],"collection":[{"href":"https:\/\/aromasentia.com\/sv\/wp-json\/wp\/v2\/product"}],"about":[{"href":"https:\/\/aromasentia.com\/sv\/wp-json\/wp\/v2\/types\/product"}],"replies":[{"embeddable":true,"href":"https:\/\/aromasentia.com\/sv\/wp-json\/wp\/v2\/comments?post=216665"}],"version-history":[{"count":0,"href":"https:\/\/aromasentia.com\/sv\/wp-json\/wp\/v2\/product\/216665\/revisions"}],"wp:featuredmedia":[{"embeddable":true,"href":"https:\/\/aromasentia.com\/sv\/wp-json\/wp\/v2\/media\/270980"}],"wp:attachment":[{"href":"https:\/\/aromasentia.com\/sv\/wp-json\/wp\/v2\/media?parent=216665"}],"wp:term":[{"taxonomy":"product_brand","embeddable":true,"href":"https:\/\/aromasentia.com\/sv\/wp-json\/wp\/v2\/product_brand?post=216665"},{"taxonomy":"product_cat","embeddable":true,"href":"https:\/\/aromasentia.com\/sv\/wp-json\/wp\/v2\/product_cat?post=216665"},{"taxonomy":"product_tag","embeddable":true,"href":"https:\/\/aromasentia.com\/sv\/wp-json\/wp\/v2\/product_tag?post=216665"}],"curies":[{"name":"wp","href":"https:\/\/api.w.org\/{rel}","templated":true}]}}