{"id":216663,"date":"2025-03-20T15:22:48","date_gmt":"2025-03-20T15:22:48","guid":{"rendered":"https:\/\/aromasentia.com\/product\/sun-star-oil-burners\/"},"modified":"2025-12-31T15:45:40","modified_gmt":"2025-12-31T15:45:40","slug":"sol-stjarnor-oljebrannare-6-st-blandade","status":"publish","type":"product","link":"https:\/\/aromasentia.com\/sv\/sol-stjarnor-oljebrannare-6-st-blandade\/","title":{"rendered":"Sol &#038; Stj\u00e4rnor Oljebr\u00e4nnare (6 st &#8211; blandade)"},"content":{"rendered":"<p style=\"text-align: justify;\">Dessa keramiska Yin-Yang-oljebr\u00e4nnare i grossistledet har f\u00f6rsetts med dekorativ glasyr f\u00f6r att ge dem en fin glans och g\u00f6ra dem mer eleganta.&nbsp;<\/p>\n<p style=\"text-align: justify;\">De \u00e4r en utm\u00e4rkt presentid&eacute; f\u00f6r speciella tillf\u00e4llen p\u00e5 grund av kvaliteten, materialet och v\u00e4rdet.&nbsp;<\/p>\n<p style=\"text-align: justify;\">De g\u00f6r ocks\u00e5 en mycket fin dekoration som passar i alla rum, tack vare den lyxiga designen.&nbsp;<\/p>\n<p style=\"text-align: justify;\">Om du vill anv\u00e4nda dem med doftoljor, placera helt enkelt ett v\u00e4rmeljus l\u00e4ngst ner och tills\u00e4tt n\u00e5gra droppar doftolja i sk\u00e5len.&nbsp;<\/p>\n<p style=\"text-align: justify;\">Oljebr\u00e4nnare kan anv\u00e4ndas med doftoljor eller doftvaxer.<\/p>\n","protected":false},"excerpt":{"rendered":"<p>Dessa keramiska Yin-Yang-oljebr\u00e4nnare i grossistledet har f\u00f6rsetts med dekorativ glasyr f\u00f6r att ge dem en fin glans och g\u00f6ra dem mer eleganta.&nbsp; De \u00e4r en utm\u00e4rkt presentid&eacute; f\u00f6r speciella tillf\u00e4llen p\u00e5 grund av kvaliteten, materialet och v\u00e4rdet.&nbsp; De g\u00f6r ocks\u00e5 en mycket fin dekoration som passar i alla rum, tack vare den lyxiga designen.&nbsp; Om [&hellip;]<\/p>\n","protected":false},"featured_media":271295,"comment_status":"closed","ping_status":"open","template":"","meta":{"_angie_page":false},"product_brand":[],"product_cat":[12345,11884],"product_tag":[],"class_list":{"0":"post-216663","1":"product","2":"type-product","3":"status-publish","4":"has-post-thumbnail","6":"product_cat-aromalampor","7":"product_cat-aromalampor-diffusers-och-doftpinnar","8":"pa_collection-yin-yang-oil-burners-sv","9":"pa_made-in-kina","11":"first","12":"instock","13":"purchasable","14":"product-type-simple"},"supplier_id":null,"supplier_sku":"YYOB-01","barcode":null,"atum_controlled":true,"out_stock_date":null,"out_stock_threshold":null,"inheritable":false,"inbound_stock":null,"stock_on_hold":0,"sold_today":0,"sales_last_days":0,"reserved_stock":null,"customer_returns":null,"warehouse_damage":null,"lost_in_post":null,"other_logs":null,"out_stock_days":0,"lost_sales":0,"has_location":null,"update_date":"2026-04-27T07:27:29","atum_locations":[],"atum_stock_status":"instock","restock_status":false,"low_stock_amount":"","sales_update_date":"2025-09-05T00:18:43","calc_backorders":null,"_links":{"self":[{"href":"https:\/\/aromasentia.com\/sv\/wp-json\/wp\/v2\/product\/216663","targetHints":{"allow":["GET"]}}],"collection":[{"href":"https:\/\/aromasentia.com\/sv\/wp-json\/wp\/v2\/product"}],"about":[{"href":"https:\/\/aromasentia.com\/sv\/wp-json\/wp\/v2\/types\/product"}],"replies":[{"embeddable":true,"href":"https:\/\/aromasentia.com\/sv\/wp-json\/wp\/v2\/comments?post=216663"}],"version-history":[{"count":0,"href":"https:\/\/aromasentia.com\/sv\/wp-json\/wp\/v2\/product\/216663\/revisions"}],"wp:featuredmedia":[{"embeddable":true,"href":"https:\/\/aromasentia.com\/sv\/wp-json\/wp\/v2\/media\/271295"}],"wp:attachment":[{"href":"https:\/\/aromasentia.com\/sv\/wp-json\/wp\/v2\/media?parent=216663"}],"wp:term":[{"taxonomy":"product_brand","embeddable":true,"href":"https:\/\/aromasentia.com\/sv\/wp-json\/wp\/v2\/product_brand?post=216663"},{"taxonomy":"product_cat","embeddable":true,"href":"https:\/\/aromasentia.com\/sv\/wp-json\/wp\/v2\/product_cat?post=216663"},{"taxonomy":"product_tag","embeddable":true,"href":"https:\/\/aromasentia.com\/sv\/wp-json\/wp\/v2\/product_tag?post=216663"}],"curies":[{"name":"wp","href":"https:\/\/api.w.org\/{rel}","templated":true}]}}