{"id":216652,"date":"2025-03-20T16:13:15","date_gmt":"2025-03-20T16:13:15","guid":{"rendered":"https:\/\/aromasentia.com\/product\/warming-potion-7kg-hessian-sack\/"},"modified":"2025-12-31T15:45:25","modified_gmt":"2025-12-31T15:45:25","slug":"aromaterapi-badsalt-7kg-varmande","status":"publish","type":"product","link":"https:\/\/aromasentia.com\/sv\/aromaterapi-badsalt-7kg-varmande\/","title":{"rendered":"Aromaterapi Badsalt 7kg &#8211; V\u00e4rmande"},"content":{"rendered":"<p style=\"text-align: justify;\"><strong>V\u00e4rmande Aromaterapi Badsalt (7kg)<\/strong> \u00e4r tillverkad av en smart blandning av rena bensoin, ingef\u00e4ra &amp; apelsin eteriska oljor och havssalt. Den \u00e4r f\u00f6rpackad i hessians\u00e4ckar och \u00e4r redo f\u00f6r omedelbar utst\u00e4llning och f\u00f6rs\u00e4ljning.<\/p>\n<p style=\"text-align: justify;\">N\u00e4r du \u00f6ppnar denna blandning och luktar p\u00e5 den kommer du att f\u00f6rst\u00e5 hur potenta dessa blandningar \u00e4r. Detta g\u00f6r dem popul\u00e4ra hos kunderna och l\u00e4tta att s\u00e4lja. Levereras med ingrediensetikett. Skopa kan k\u00f6pas extra.<\/p>\n<p style=\"text-align: justify;\">Tills\u00e4tt en liten m\u00e4ngd av denna blandning till ditt bad f\u00f6r en extraordin\u00e4r aromatisk badupplevelse!<\/p>\n","protected":false},"excerpt":{"rendered":"<p>V\u00e4rmande Aromaterapi Badsalt (7kg) \u00e4r tillverkad av en smart blandning av rena bensoin, ingef\u00e4ra &amp; apelsin eteriska oljor och havssalt. Den \u00e4r f\u00f6rpackad i hessians\u00e4ckar och \u00e4r redo f\u00f6r omedelbar utst\u00e4llning och f\u00f6rs\u00e4ljning. N\u00e4r du \u00f6ppnar denna blandning och luktar p\u00e5 den kommer du att f\u00f6rst\u00e5 hur potenta dessa blandningar \u00e4r. Detta g\u00f6r dem popul\u00e4ra [&hellip;]<\/p>\n","protected":false},"featured_media":271624,"comment_status":"closed","ping_status":"open","template":"","meta":{"_angie_page":false},"product_brand":[],"product_cat":[12600],"product_tag":[],"class_list":{"0":"post-216652","1":"product","2":"type-product","3":"status-publish","4":"has-post-thumbnail","6":"product_cat-bad-och-dusch","7":"pa_collection-aromatherapy-bath-potions-bulk-7kg-sv","8":"pa_made-in-storbritannien","10":"first","11":"instock","12":"purchasable","13":"product-type-simple"},"supplier_id":null,"supplier_sku":"ABP-08","barcode":null,"atum_controlled":true,"out_stock_date":null,"out_stock_threshold":null,"inheritable":false,"inbound_stock":null,"stock_on_hold":0,"sold_today":0,"sales_last_days":0,"reserved_stock":null,"customer_returns":null,"warehouse_damage":null,"lost_in_post":null,"other_logs":null,"out_stock_days":0,"lost_sales":0,"has_location":null,"update_date":"2026-05-08T05:02:34","atum_locations":[],"atum_stock_status":"instock","restock_status":false,"low_stock_amount":"","sales_update_date":"2025-10-09T03:22:24","calc_backorders":null,"_links":{"self":[{"href":"https:\/\/aromasentia.com\/sv\/wp-json\/wp\/v2\/product\/216652","targetHints":{"allow":["GET"]}}],"collection":[{"href":"https:\/\/aromasentia.com\/sv\/wp-json\/wp\/v2\/product"}],"about":[{"href":"https:\/\/aromasentia.com\/sv\/wp-json\/wp\/v2\/types\/product"}],"replies":[{"embeddable":true,"href":"https:\/\/aromasentia.com\/sv\/wp-json\/wp\/v2\/comments?post=216652"}],"version-history":[{"count":0,"href":"https:\/\/aromasentia.com\/sv\/wp-json\/wp\/v2\/product\/216652\/revisions"}],"wp:featuredmedia":[{"embeddable":true,"href":"https:\/\/aromasentia.com\/sv\/wp-json\/wp\/v2\/media\/271624"}],"wp:attachment":[{"href":"https:\/\/aromasentia.com\/sv\/wp-json\/wp\/v2\/media?parent=216652"}],"wp:term":[{"taxonomy":"product_brand","embeddable":true,"href":"https:\/\/aromasentia.com\/sv\/wp-json\/wp\/v2\/product_brand?post=216652"},{"taxonomy":"product_cat","embeddable":true,"href":"https:\/\/aromasentia.com\/sv\/wp-json\/wp\/v2\/product_cat?post=216652"},{"taxonomy":"product_tag","embeddable":true,"href":"https:\/\/aromasentia.com\/sv\/wp-json\/wp\/v2\/product_tag?post=216652"}],"curies":[{"name":"wp","href":"https:\/\/api.w.org\/{rel}","templated":true}]}}