{"id":216618,"date":"2025-03-20T16:14:01","date_gmt":"2025-03-20T16:14:01","guid":{"rendered":"https:\/\/aromasentia.com\/product\/hand-body-cream-white-fig-300ml\/"},"modified":"2025-12-31T15:45:03","modified_gmt":"2025-12-31T15:45:03","slug":"hand-hudkram-vitt-fikon-300ml","status":"publish","type":"product","link":"https:\/\/aromasentia.com\/sv\/hand-hudkram-vitt-fikon-300ml\/","title":{"rendered":"Hand- &#038; Hudkr\u00e4m &#8211; Vitt Fikon &#8211; 300ml"},"content":{"rendered":"<p style=\"text-align: justify;\"><strong>Agnes + Cat Hand- &amp; Hudkr\u00e4m &#8211; Vitt Fikon &#8211; 300ml<\/strong> \u00e4r tillverkad med omsorg och infunderad med de finaste naturliga ingredienserna i v\u00e5rt produktionsrum i Sheffield, vilket s\u00e4kerst\u00e4ller exceptionell kvalitet och konsistens.&nbsp;<\/p>\n<p style=\"text-align: justify;\">Denna lyxiga kr\u00e4m \u00e4r designad f\u00f6r att ge djup \u00e5terfuktning och n\u00e4ring till dina h\u00e4nder och kropp. Den \u00e4r tillg\u00e4nglig i 6 f\u00e4ngslande dofter, \u00e4r formulerad med naturliga oljor och absorberas l\u00e4tt in i huden, vilket f\u00e5r din hud att k\u00e4nnas mjuk, len och f\u00f6ryngrad.&nbsp;<\/p>\n<p style=\"text-align: justify;\">F\u00f6r den ultimata bortsk\u00e4mningsupplevelsen, anv\u00e4nd dem ihop med v\u00e5ra <a href=\"https:\/\/aromasentia.com\/acsr\" rel=\"noopener noreferrer\" target=\"_blank\"><strong>Reptv\u00e5l<\/strong><\/a> och <a href=\"https:\/\/aromasentia.com\/acss\" rel=\"noopener noreferrer\" target=\"_blank\"><strong>Fasta Schampo<\/strong><\/a>.&nbsp;<\/p>\n<p style=\"text-align: justify;\">V\u00e5ra flaskor \u00e4r tillverkade av slitstarkt gr\u00e5tt frostat glas, vilket ger ett tidl\u00f6st och elegant utseende samtidigt som det minskar milj\u00f6p\u00e5verkan. Du kan enkelt reng\u00f6ra flaskan och \u00e5teranv\u00e4nda den f\u00f6r DIY-projekt, eller fylla p\u00e5 den med din favoritkr\u00e4m eller flytande tv\u00e5l.&nbsp;<\/p>\n<p style=\"text-align: justify;\"><strong>Anv\u00e4nd s\u00e5 h\u00e4r:<\/strong> Applicera helt enkelt en liten m\u00e4ngd p\u00e5 h\u00e4nderna eller kroppen och massera in f\u00f6rsiktigt. L\u00e5t kr\u00e4men absorberas helt och njut av den vackra doften som kommer att dr\u00f6ja kvar.&nbsp;<\/p>\n<ul>\n<li style=\"text-align: left;\"><strong>SLS-fri, SLES-fri, parabenfri, palmoljefri&nbsp;<\/strong><\/li>\n<li style=\"text-align: left;\"><strong>Grymhetsfri, ej testad p\u00e5 djur, vegansk&nbsp;<\/strong><\/li>\n<li style=\"text-align: left;\"><strong>S\u00e4ljes i kartonger om 4 st.<\/strong><\/li>\n<\/ul>\n","protected":false},"excerpt":{"rendered":"<p>Agnes + Cat Hand- &amp; Hudkr\u00e4m &#8211; Vitt Fikon &#8211; 300ml \u00e4r tillverkad med omsorg och infunderad med de finaste naturliga ingredienserna i v\u00e5rt produktionsrum i Sheffield, vilket s\u00e4kerst\u00e4ller exceptionell kvalitet och konsistens.&nbsp; Denna lyxiga kr\u00e4m \u00e4r designad f\u00f6r att ge djup \u00e5terfuktning och n\u00e4ring till dina h\u00e4nder och kropp. Den \u00e4r tillg\u00e4nglig i 6 [&hellip;]<\/p>\n","protected":false},"featured_media":642316,"comment_status":"closed","ping_status":"open","template":"","meta":{"_angie_page":false},"product_brand":[27085],"product_cat":[12600,12984],"product_tag":[],"class_list":{"0":"post-216618","1":"product","2":"type-product","3":"status-publish","4":"has-post-thumbnail","6":"product_brand-agnes-and-cat","7":"product_cat-bad-och-dusch","8":"product_cat-kroppsvard","9":"pa_collection-agnescat-hand-body-cream-sv","10":"pa_made-in-storbritannien","11":"pa_size-300ml","13":"first","14":"instock","15":"purchasable","16":"product-type-simple"},"supplier_id":null,"supplier_sku":"ACBC-05","barcode":null,"atum_controlled":true,"out_stock_date":null,"out_stock_threshold":null,"inheritable":false,"inbound_stock":null,"stock_on_hold":0,"sold_today":0,"sales_last_days":0,"reserved_stock":null,"customer_returns":null,"warehouse_damage":null,"lost_in_post":null,"other_logs":null,"out_stock_days":0,"lost_sales":0,"has_location":null,"update_date":"2026-05-04T00:02:48","atum_locations":[],"atum_stock_status":"instock","restock_status":false,"low_stock_amount":"","sales_update_date":"2026-01-30T01:25:45","calc_backorders":null,"_links":{"self":[{"href":"https:\/\/aromasentia.com\/sv\/wp-json\/wp\/v2\/product\/216618","targetHints":{"allow":["GET"]}}],"collection":[{"href":"https:\/\/aromasentia.com\/sv\/wp-json\/wp\/v2\/product"}],"about":[{"href":"https:\/\/aromasentia.com\/sv\/wp-json\/wp\/v2\/types\/product"}],"replies":[{"embeddable":true,"href":"https:\/\/aromasentia.com\/sv\/wp-json\/wp\/v2\/comments?post=216618"}],"version-history":[{"count":0,"href":"https:\/\/aromasentia.com\/sv\/wp-json\/wp\/v2\/product\/216618\/revisions"}],"wp:featuredmedia":[{"embeddable":true,"href":"https:\/\/aromasentia.com\/sv\/wp-json\/wp\/v2\/media\/642316"}],"wp:attachment":[{"href":"https:\/\/aromasentia.com\/sv\/wp-json\/wp\/v2\/media?parent=216618"}],"wp:term":[{"taxonomy":"product_brand","embeddable":true,"href":"https:\/\/aromasentia.com\/sv\/wp-json\/wp\/v2\/product_brand?post=216618"},{"taxonomy":"product_cat","embeddable":true,"href":"https:\/\/aromasentia.com\/sv\/wp-json\/wp\/v2\/product_cat?post=216618"},{"taxonomy":"product_tag","embeddable":true,"href":"https:\/\/aromasentia.com\/sv\/wp-json\/wp\/v2\/product_tag?post=216618"}],"curies":[{"name":"wp","href":"https:\/\/api.w.org\/{rel}","templated":true}]}}