{"id":216610,"date":"2025-03-20T16:15:57","date_gmt":"2025-03-20T16:15:57","guid":{"rendered":"https:\/\/aromasentia.com\/product\/gift-box-parma-violet-candle-seasalt-and-moss-dolly-blue-fizz\/"},"modified":"2025-12-31T15:44:56","modified_gmt":"2025-12-31T15:44:56","slug":"gavoset-parmaviol-ljus-havssalt-och-mossa-dolly-blue-badbomber","status":"publish","type":"product","link":"https:\/\/aromasentia.com\/sv\/gavoset-parmaviol-ljus-havssalt-och-mossa-dolly-blue-badbomber\/","title":{"rendered":"G\u00e5voset &#8211; Parmaviol (Ljus) + Havssalt och Mossa &#038; Dolly Blue (Badbomber)"},"content":{"rendered":"<p style=\"text-align: center;\"><strong><span style=\"color: rgb(44, 130, 201);\">Ljuset i Syltburk &quot;Parmaviol&quot; + Badbomben &quot;Havssalt och Mossa&quot; + Badbomben &quot;Dolly Blue&quot;<\/span><\/strong><\/p>\n<p style=\"text-align: justify;\"><strong>Den perfekta presenten f\u00f6r alla tillf\u00e4llen!<\/strong><\/p>\n<p style=\"text-align: justify;\">Dessa vackert inslagna presentf\u00f6rpackningar \u00e4r perfekta f\u00f6r jul, f\u00f6delsedagar, \u00e5rsdagar eller andra speciella tillf\u00e4llen.<\/p>\n<p style=\"text-align: justify;\"><strong>Vad g\u00f6r dem unika?<\/strong><\/p>\n<ul>\n<li style=\"text-align: justify;\">Presentpappret \u00e4r exklusivt designat f\u00f6r Agnes + Cat och finns inte n\u00e5gon annanstans!<\/li>\n<\/ul>\n<p style=\"text-align: justify;\"><strong>Vad finns i varje f\u00f6rpackning?<\/strong><\/p>\n<p><em>2 x Brusande Badbomber:<\/em><\/p>\n<ul>\n<li style=\"text-align: justify;\">Doftsatta med Agnes + Cats signaturdofter.<\/li>\n<li style=\"text-align: justify;\">Inneh\u00e5ller ett klick kokosn\u00f6tssm\u00f6r f\u00f6r en lyxig och \u00e5terfuktande badupplevelse.<\/li>\n<li style=\"text-align: justify;\">Kan anv\u00e4ndas hela eller delas f\u00f6r tv\u00e5 bad och \u00e4r individuellt inslagna.<\/li>\n<\/ul>\n<p><em>1 x Ljus i Syltburk:&nbsp;<\/em><\/p>\n<ul>\n<li style=\"text-align: justify;\">Tillverkat av naturligt sojavax.<\/li>\n<li style=\"text-align: justify;\">Doftsatt med en blandning av naturliga eteriska oljor och h\u00f6gkvalitativa doftoljor f\u00f6r en ljuvlig arom.<\/li>\n<\/ul>\n<p style=\"text-align: justify;\"><strong>Ge dina kunder en of\u00f6rgl\u00f6mlig upplevelse med Agnes + Cat!<\/strong><\/p>\n","protected":false},"excerpt":{"rendered":"<p>Ljuset i Syltburk &quot;Parmaviol&quot; + Badbomben &quot;Havssalt och Mossa&quot; + Badbomben &quot;Dolly Blue&quot; Den perfekta presenten f\u00f6r alla tillf\u00e4llen! Dessa vackert inslagna presentf\u00f6rpackningar \u00e4r perfekta f\u00f6r jul, f\u00f6delsedagar, \u00e5rsdagar eller andra speciella tillf\u00e4llen. Vad g\u00f6r dem unika? Presentpappret \u00e4r exklusivt designat f\u00f6r Agnes + Cat och finns inte n\u00e5gon annanstans! Vad finns i varje f\u00f6rpackning? [&hellip;]<\/p>\n","protected":false},"featured_media":272094,"comment_status":"closed","ping_status":"open","template":"","meta":[],"product_brand":[27085],"product_cat":[12600,12864,25845,12735,12865],"product_tag":[],"class_list":{"0":"post-216610","1":"product","2":"type-product","3":"status-publish","4":"has-post-thumbnail","6":"product_brand-agnes-and-cat","7":"product_cat-bad-och-dusch","8":"product_cat-badbomber","9":"product_cat-dofter-aromer","10":"product_cat-doftljus","11":"product_cat-presentset","12":"pa_collection-agnescat-gift-boxes-sv","13":"pa_made-in-storbritannien","15":"first","16":"instock","17":"purchasable","18":"product-type-simple"},"supplier_id":null,"supplier_sku":"ACGP-04","barcode":null,"atum_controlled":true,"out_stock_date":null,"out_stock_threshold":null,"inheritable":false,"inbound_stock":0,"stock_on_hold":0,"sold_today":0,"sales_last_days":0,"reserved_stock":0,"customer_returns":0,"warehouse_damage":0,"lost_in_post":0,"other_logs":0,"out_stock_days":0,"lost_sales":0,"has_location":false,"update_date":"2026-01-30T01:26:29","atum_locations":[],"atum_stock_status":"instock","restock_status":false,"low_stock_amount":"","sales_update_date":"2026-01-30T01:26:29","calc_backorders":null,"_links":{"self":[{"href":"https:\/\/aromasentia.com\/sv\/wp-json\/wp\/v2\/product\/216610","targetHints":{"allow":["GET"]}}],"collection":[{"href":"https:\/\/aromasentia.com\/sv\/wp-json\/wp\/v2\/product"}],"about":[{"href":"https:\/\/aromasentia.com\/sv\/wp-json\/wp\/v2\/types\/product"}],"replies":[{"embeddable":true,"href":"https:\/\/aromasentia.com\/sv\/wp-json\/wp\/v2\/comments?post=216610"}],"version-history":[{"count":0,"href":"https:\/\/aromasentia.com\/sv\/wp-json\/wp\/v2\/product\/216610\/revisions"}],"wp:featuredmedia":[{"embeddable":true,"href":"https:\/\/aromasentia.com\/sv\/wp-json\/wp\/v2\/media\/272094"}],"wp:attachment":[{"href":"https:\/\/aromasentia.com\/sv\/wp-json\/wp\/v2\/media?parent=216610"}],"wp:term":[{"taxonomy":"product_brand","embeddable":true,"href":"https:\/\/aromasentia.com\/sv\/wp-json\/wp\/v2\/product_brand?post=216610"},{"taxonomy":"product_cat","embeddable":true,"href":"https:\/\/aromasentia.com\/sv\/wp-json\/wp\/v2\/product_cat?post=216610"},{"taxonomy":"product_tag","embeddable":true,"href":"https:\/\/aromasentia.com\/sv\/wp-json\/wp\/v2\/product_tag?post=216610"}],"curies":[{"name":"wp","href":"https:\/\/api.w.org\/{rel}","templated":true}]}}