{"id":216576,"date":"2025-03-20T16:17:26","date_gmt":"2025-03-20T16:17:26","guid":{"rendered":"https:\/\/aromasentia.com\/product\/agnes-cat-fragrance-gift-set-tea-roses\/"},"modified":"2025-12-31T15:44:41","modified_gmt":"2025-12-31T15:44:41","slug":"agnes-cat-gavoset-med-doftprodukter-te-rosor","status":"publish","type":"product","link":"https:\/\/aromasentia.com\/sv\/agnes-cat-gavoset-med-doftprodukter-te-rosor\/","title":{"rendered":"Agnes &#038; Cat G\u00e5voset med Doftprodukter &#8211; Te &#038; Rosor"},"content":{"rendered":"<p><strong>Agnes &amp; Cat G\u00e5voset med Doftprodukter &#8211; Te &amp; Rosor<\/strong><strong>&nbsp;<\/strong>inneh\u00e5ller:<\/p>\n<ul>\n<li>A&amp;C Oljebr\u00e4nnare<\/li>\n<li>A&amp;C 4 Sojavaxer &#8211; Te &amp; Rosor <\/li>\n<li>V\u00e4rmeljus<\/li>\n<\/ul>\n","protected":false},"excerpt":{"rendered":"<p>Agnes &amp; Cat G\u00e5voset med Doftprodukter &#8211; Te &amp; Rosor&nbsp;inneh\u00e5ller: A&amp;C Oljebr\u00e4nnare A&amp;C 4 Sojavaxer &#8211; Te &amp; Rosor V\u00e4rmeljus<\/p>\n","protected":false},"featured_media":272340,"comment_status":"closed","ping_status":"open","template":"","meta":{"_angie_page":false},"product_brand":[27085],"product_cat":[12600,26836,25845,26059],"product_tag":[],"class_list":{"0":"post-216576","1":"product","2":"type-product","3":"status-publish","4":"has-post-thumbnail","6":"product_brand-agnes-and-cat","7":"product_cat-bad-och-dusch","8":"product_cat-blommig","9":"product_cat-dofter-aromer","10":"product_cat-ros","11":"pa_collection-agnes-cat-gift-sets-sv","12":"pa_made-in-storbritannien","14":"first","15":"instock","16":"purchasable","17":"product-type-simple"},"supplier_id":null,"supplier_sku":"ACGS-04","barcode":null,"atum_controlled":true,"out_stock_date":null,"out_stock_threshold":null,"inheritable":false,"inbound_stock":null,"stock_on_hold":0,"sold_today":0,"sales_last_days":0,"reserved_stock":null,"customer_returns":null,"warehouse_damage":null,"lost_in_post":null,"other_logs":null,"out_stock_days":0,"lost_sales":0,"has_location":null,"update_date":"2026-04-27T06:49:16","atum_locations":[],"atum_stock_status":"instock","restock_status":false,"low_stock_amount":"","sales_update_date":"2026-01-20T05:14:32","calc_backorders":null,"_links":{"self":[{"href":"https:\/\/aromasentia.com\/sv\/wp-json\/wp\/v2\/product\/216576","targetHints":{"allow":["GET"]}}],"collection":[{"href":"https:\/\/aromasentia.com\/sv\/wp-json\/wp\/v2\/product"}],"about":[{"href":"https:\/\/aromasentia.com\/sv\/wp-json\/wp\/v2\/types\/product"}],"replies":[{"embeddable":true,"href":"https:\/\/aromasentia.com\/sv\/wp-json\/wp\/v2\/comments?post=216576"}],"version-history":[{"count":0,"href":"https:\/\/aromasentia.com\/sv\/wp-json\/wp\/v2\/product\/216576\/revisions"}],"wp:featuredmedia":[{"embeddable":true,"href":"https:\/\/aromasentia.com\/sv\/wp-json\/wp\/v2\/media\/272340"}],"wp:attachment":[{"href":"https:\/\/aromasentia.com\/sv\/wp-json\/wp\/v2\/media?parent=216576"}],"wp:term":[{"taxonomy":"product_brand","embeddable":true,"href":"https:\/\/aromasentia.com\/sv\/wp-json\/wp\/v2\/product_brand?post=216576"},{"taxonomy":"product_cat","embeddable":true,"href":"https:\/\/aromasentia.com\/sv\/wp-json\/wp\/v2\/product_cat?post=216576"},{"taxonomy":"product_tag","embeddable":true,"href":"https:\/\/aromasentia.com\/sv\/wp-json\/wp\/v2\/product_tag?post=216576"}],"curies":[{"name":"wp","href":"https:\/\/api.w.org\/{rel}","templated":true}]}}