{"id":216574,"date":"2025-03-20T16:17:57","date_gmt":"2025-03-20T16:17:57","guid":{"rendered":"https:\/\/aromasentia.com\/product\/pack-of-500g-bath-salt-tea-tree-lime\/"},"modified":"2025-06-29T20:45:51","modified_gmt":"2025-06-29T20:45:51","slug":"tea-tree-lime-badsalt-500g","status":"publish","type":"product","link":"https:\/\/aromasentia.com\/sv\/tea-tree-lime-badsalt-500g\/","title":{"rendered":"Tea Tree &#038; Lime Badsalt 500g"},"content":{"rendered":"<p><span style=\u201dcolor: rgb(75, 80, 88);\u201d>Introduktion av oparfymerat <strong>Himalayan Tea Tree &amp; Lime Bath Salt&nbsp;<\/strong><strong>! <\/strong><\/span><\/p>\n<p><span style=\u201dcolor: rgb(75, 80, 88);\u201d><strong>F\u00f6rh\u00f6j din badupplevelse:<\/strong><\/span><\/p>\n<p><span style=\u201dcolor: rgb(75, 80, 88);\u201d>Bada i den rena essensen av Himalayasalt, berikat med 100% rena eteriska oljor fr\u00e5n Tea Tree och Lime, kompletterat med nattljusolja. <\/span><\/p>\n<p><span style=\u201dcolor: rgb(75, 80, 88);\u201d><strong>Frisk och uppfriskande:<\/strong><\/span><\/p>\n<p><span style=\u201dcolor: rgb(75, 80, 88);\u201d>L\u00e5t den uppfriskande doften av eteriska oljor fr\u00e5n Tea Tree och Lime rensa ditt sinne och ladda din energi n\u00e4r du badar i badkaret. Tea Tree-oljans antibakteriella och antiinflammatoriska egenskaper kan bidra till att bibeh\u00e5lla en klar och frisk hud. <\/span><\/p>\n<p><span style=\u201dcolor: rgb(75, 80, 88);\u201d><strong> Omfamna den upplyftande aromaterapin:<\/strong><\/span><\/p>\n<p><span style=\u201dcolor: rgb(75, 80, 88);\u201d>L\u00e5t den st\u00e4mningsh\u00f6jande aromen lyfta ditt hum\u00f6r och f\u00f6ryngra dina sinnen, vilket skapar en vitaliserande badupplevelse. <\/span><\/p>\n<p><span style=\u201dcolor: rgb(75, 80, 88);\u201d><strong>En tidl\u00f6s tradition:<\/strong><\/span><\/p>\n<p><span style=\u201dcolor: rgb(75, 80, 88);\u201d>Utnyttja den antika visdomen med saltbad, som har uppskattats f\u00f6r sina anm\u00e4rkningsv\u00e4rda h\u00e4lsof\u00f6rdelar sedan antikens Grekland. <strong>500 g p\u00e5sar<\/strong> med badsalt levereras elegant f\u00f6rpackade i en l\u00e5da, komplett med en praktisk tr\u00e4skopa f\u00f6r exakta m\u00e4tningar, vilket g\u00f6r dem till en tankev\u00e4ckande g\u00e5va f\u00f6r alla tillf\u00e4llen. <\/span><\/p>\n<p><span style=\u201dcolor: rgb(75, 80, 88);\u201d><strong>Enkel njutning:<\/strong><\/span><\/p>\n<p><span style=\u201dcolor: rgb(75, 80, 88);\u201d>Uppn\u00e5 en spa-liknande upplevelse i bekv\u00e4mligheten av ditt eget hem. <strong> L\u00e4gg bara till tv\u00e5 skopor av v\u00e5ra badsalter i ditt bad, l\u00e5t dem l\u00f6sas upp och l\u00e5t avkopplingen b\u00f6rja. <\/strong><\/span><\/p>\n<p><span style=\u201dcolor: rgb(75, 80, 88);\u201d><strong>Milj\u00f6medveten anm\u00e4rkning:<\/strong><\/span><\/p>\n<p><span style=\u201dcolor: rgb(75, 80, 88);\u201d>Var uppm\u00e4rksam p\u00e5 att \u00e4ven om vi str\u00e4var efter att tillhandah\u00e5lla kvalitetsprodukter \u00e4r p\u00e5sen i l\u00e5dan som inneh\u00e5ller salterna tillverkad av plast, vilket g\u00f6r att denna produkt <strong>inte \u00e4r helt plastfri. <\/strong><\/span><\/p>\n<p><span style=\u201dcolor: rgb(75, 80, 88);\u201d>H\u00f6j din egenv\u00e5rdsrutin med v\u00e5r <strong>Energizing Tea Tree &amp; Lime Bath Salt Blend.<\/strong><\/span> <\/p>\n<p><span style=\u201dcolor: rgb(75, 80, 88);\u201d><strong>B\u00f6rja p\u00e5 en resa till friskare, mer str\u00e5lande hud.<\/strong><\/span><\/p>\n","protected":false},"excerpt":{"rendered":"<p>Introduktion av oparfymerat Himalayan Tea Tree &amp; Lime Bath Salt&nbsp;! F\u00f6rh\u00f6j din badupplevelse: Bada i den rena essensen av Himalayasalt, berikat med 100% rena eteriska oljor fr\u00e5n Tea Tree och Lime, kompletterat med nattljusolja. Frisk och uppfriskande: L\u00e5t den uppfriskande doften av eteriska oljor fr\u00e5n Tea Tree och Lime rensa ditt sinne och ladda din [&hellip;]<\/p>\n","protected":false},"featured_media":272866,"comment_status":"closed","ping_status":"open","template":"","meta":{"_angie_page":false},"product_brand":[27085],"product_cat":[12600,12908,26822,25845,26037,26871,26067],"product_tag":[],"class_list":{"0":"post-216574","1":"product","2":"type-product","3":"status-publish","4":"has-post-thumbnail","6":"product_brand-agnes-and-cat","7":"product_cat-bad-och-dusch","8":"product_cat-badsalt","9":"product_cat-citrus","10":"product_cat-dofter-aromer","11":"product_cat-lime","12":"product_cat-medicinsk-kamferdoftande","13":"product_cat-tea-tree-tetrad","14":"pa_collection-ac-bath-salts-500g-sv","15":"pa_made-in-storbritannien","16":"pa_size-500g","18":"first","19":"instock","20":"purchasable","21":"product-type-simple"},"supplier_id":null,"supplier_sku":"ACSalt-08DS","barcode":null,"atum_controlled":true,"out_stock_date":null,"out_stock_threshold":null,"inheritable":false,"inbound_stock":null,"stock_on_hold":0,"sold_today":0,"sales_last_days":0,"reserved_stock":null,"customer_returns":null,"warehouse_damage":null,"lost_in_post":null,"other_logs":null,"out_stock_days":0,"lost_sales":0,"has_location":null,"update_date":"2026-04-29T05:08:47","atum_locations":[],"atum_stock_status":"instock","restock_status":false,"low_stock_amount":"","sales_update_date":"2025-10-09T03:23:09","calc_backorders":null,"_links":{"self":[{"href":"https:\/\/aromasentia.com\/sv\/wp-json\/wp\/v2\/product\/216574","targetHints":{"allow":["GET"]}}],"collection":[{"href":"https:\/\/aromasentia.com\/sv\/wp-json\/wp\/v2\/product"}],"about":[{"href":"https:\/\/aromasentia.com\/sv\/wp-json\/wp\/v2\/types\/product"}],"replies":[{"embeddable":true,"href":"https:\/\/aromasentia.com\/sv\/wp-json\/wp\/v2\/comments?post=216574"}],"version-history":[{"count":0,"href":"https:\/\/aromasentia.com\/sv\/wp-json\/wp\/v2\/product\/216574\/revisions"}],"wp:featuredmedia":[{"embeddable":true,"href":"https:\/\/aromasentia.com\/sv\/wp-json\/wp\/v2\/media\/272866"}],"wp:attachment":[{"href":"https:\/\/aromasentia.com\/sv\/wp-json\/wp\/v2\/media?parent=216574"}],"wp:term":[{"taxonomy":"product_brand","embeddable":true,"href":"https:\/\/aromasentia.com\/sv\/wp-json\/wp\/v2\/product_brand?post=216574"},{"taxonomy":"product_cat","embeddable":true,"href":"https:\/\/aromasentia.com\/sv\/wp-json\/wp\/v2\/product_cat?post=216574"},{"taxonomy":"product_tag","embeddable":true,"href":"https:\/\/aromasentia.com\/sv\/wp-json\/wp\/v2\/product_tag?post=216574"}],"curies":[{"name":"wp","href":"https:\/\/api.w.org\/{rel}","templated":true}]}}