{"id":216573,"date":"2025-03-20T16:17:57","date_gmt":"2025-03-20T16:17:57","guid":{"rendered":"https:\/\/aromasentia.com\/product\/pack-of-500g-bath-salt-grapefruit-geranium\/"},"modified":"2025-06-29T20:45:50","modified_gmt":"2025-06-29T20:45:50","slug":"grapefrukt-geranium-badsalt-500g","status":"publish","type":"product","link":"https:\/\/aromasentia.com\/sv\/grapefrukt-geranium-badsalt-500g\/","title":{"rendered":"Grapefrukt &#038; Geranium Badsalt 500g"},"content":{"rendered":"<p><span style=\u201dcolor: rgb(75, 80, 88);\u201d>Introducerar oparfymerat Himalayan <strong>Grapefrukt &amp; Geranium Badsalt! <\/strong><\/span><\/p>\n<p><span style=\u201dcolor: rgb(75, 80, 88);\u201d><strong>F\u00f6rh\u00f6j din badupplevelse:<\/strong><\/span><\/p>\n<p><span style=\u201dcolor: rgb(75, 80, 88);\u201d>Blanda dig sj\u00e4lv i den mineralrika omfamningen av Himalayasalt, blandat med 100% ren grapefrukt och geranium eteriska oljor, f\u00f6rst\u00e4rkt med n\u00e4rande vitamin E-olja och lugnande kamomillblommor. <\/span><\/p>\n<p><span style=\u201dcolor: rgb(75, 80, 88);\u201d><strong>F\u00f6rnya och \u00e5terbalansera:<\/strong><\/span><\/p>\n<p><span style=\u201dcolor: rgb(75, 80, 88);\u201d>V\u00e4ck dina sinnen med den uppfriskande doften av grapefrukt- och geraniumoljor, k\u00e4nda f\u00f6r sina antibakteriella och antioxidativa egenskaper. Denna saltblandning kan bli det perfekta tillskottet till din dagliga badritual, som arbetar f\u00f6r att f\u00f6rnya din hud och ge en k\u00e4nsla av balans och lugn f\u00f6r din kropp och sj\u00e4l. <\/span><\/p>\n<p><span style=\u201dcolor: rgb(75, 80, 88);\u201d><strong>Upplev den uppfriskande aromaterapin:<\/strong><\/span><\/p>\n<p><span style=\u201dcolor: rgb(75, 80, 88);\u201d>L\u00e5t den uppfriskande doften f\u00f6ra dig till ett tillst\u00e5nd av f\u00f6ryngring och v\u00e4lbefinnande n\u00e4r du badar bort dagens bekymmer. <\/span><\/p>\n<p><span style=\u201dcolor: rgb(75, 80, 88);\u201d><strong>En tidl\u00f6s tradition:<\/strong><\/span><\/p>\n<p><span style=\u201dcolor: rgb(75, 80, 88);\u201d>Utnyttja den antika visdomen med saltbad, som har uppskattats f\u00f6r sina anm\u00e4rkningsv\u00e4rda h\u00e4lsof\u00f6rdelar sedan det antika Grekland. <strong>500 g-p\u00e5sarna<\/strong> med badsalt levereras elegant f\u00f6rpackade i en l\u00e5da, komplett med en praktisk tr\u00e4skopa f\u00f6r exakta m\u00e4tningar, vilket g\u00f6r dem till en tankev\u00e4ckande g\u00e5va f\u00f6r alla tillf\u00e4llen. <\/span><\/p>\n<p><span style=\u201dcolor: rgb(75, 80, 88);\u201d><strong>Enkel njutning:<\/strong><\/span><\/p>\n<p><span style=\u201dcolor: rgb(75, 80, 88);\u201d>Uppn\u00e5 en spa-liknande upplevelse i bekv\u00e4mligheten av ditt eget hem. <strong>L\u00e4gg bara till tv\u00e5 skopor av v\u00e5ra badsalter i ditt bad, l\u00e5t dem l\u00f6sa upp sig och l\u00e5t avkopplingen b\u00f6rja. <\/strong><\/span><\/p>\n<p><span style=\u201dcolor: rgb(75, 80, 88);\u201d><strong>Milj\u00f6medveten anm\u00e4rkning:<\/strong><\/span><\/p>\n<p><span style=\u201dcolor: rgb(75, 80, 88);\u201d>Var uppm\u00e4rksam p\u00e5 att \u00e4ven om vi str\u00e4var efter att tillhandah\u00e5lla kvalitetsprodukter \u00e4r p\u00e5sen i l\u00e5dan som inneh\u00e5ller salterna tillverkad av plast, vilket g\u00f6r att denna produkt <strong>inte \u00e4r helt plastfri. <\/strong><\/span><\/p>\n<p><span style=\u201dcolor: rgb(75, 80, 88);\u201d>H\u00f6j din egenv\u00e5rdsrutin med v\u00e5r Revitalizing&nbsp;<\/span><strong><span style=\u201dcolor: rgb(75, 80, 88);\u201d>Grapefruit &amp; Geranium Bath Salt Blend. <\/span><\/strong><\/p>\n<p><span style=\u201dcolor: rgb(75, 80, 88);\u201d><strong>B\u00f6rja p\u00e5 en resa till friskare, mer str\u00e5lande hud.<\/strong><\/span><\/p>\n","protected":false},"excerpt":{"rendered":"<p>Introducerar oparfymerat Himalayan Grapefrukt &amp; Geranium Badsalt! F\u00f6rh\u00f6j din badupplevelse: Blanda dig sj\u00e4lv i den mineralrika omfamningen av Himalayasalt, blandat med 100% ren grapefrukt och geranium eteriska oljor, f\u00f6rst\u00e4rkt med n\u00e4rande vitamin E-olja och lugnande kamomillblommor. F\u00f6rnya och \u00e5terbalansera: V\u00e4ck dina sinnen med den uppfriskande doften av grapefrukt- och geraniumoljor, k\u00e4nda f\u00f6r sina antibakteriella och [&hellip;]<\/p>\n","protected":false},"featured_media":272857,"comment_status":"closed","ping_status":"open","template":"","meta":{"_angie_page":false},"product_brand":[27085],"product_cat":[12600,12908,26836,26822,25845,26024,26026],"product_tag":[],"class_list":{"0":"post-216573","1":"product","2":"type-product","3":"status-publish","4":"has-post-thumbnail","6":"product_brand-agnes-and-cat","7":"product_cat-bad-och-dusch","8":"product_cat-badsalt","9":"product_cat-blommig","10":"product_cat-citrus","11":"product_cat-dofter-aromer","12":"product_cat-geranium","13":"product_cat-grapefrukt","14":"pa_collection-ac-bath-salts-500g-sv","15":"pa_made-in-storbritannien","16":"pa_size-500g","18":"first","19":"instock","20":"purchasable","21":"product-type-simple"},"supplier_id":null,"supplier_sku":"ACSalt-07DS","barcode":null,"atum_controlled":true,"out_stock_date":null,"out_stock_threshold":null,"inheritable":false,"inbound_stock":null,"stock_on_hold":0,"sold_today":0,"sales_last_days":0,"reserved_stock":null,"customer_returns":null,"warehouse_damage":null,"lost_in_post":null,"other_logs":null,"out_stock_days":0,"lost_sales":0,"has_location":null,"update_date":"2026-04-27T06:50:12","atum_locations":[],"atum_stock_status":"instock","restock_status":false,"low_stock_amount":"","sales_update_date":"2025-10-09T03:23:09","calc_backorders":null,"_links":{"self":[{"href":"https:\/\/aromasentia.com\/sv\/wp-json\/wp\/v2\/product\/216573","targetHints":{"allow":["GET"]}}],"collection":[{"href":"https:\/\/aromasentia.com\/sv\/wp-json\/wp\/v2\/product"}],"about":[{"href":"https:\/\/aromasentia.com\/sv\/wp-json\/wp\/v2\/types\/product"}],"replies":[{"embeddable":true,"href":"https:\/\/aromasentia.com\/sv\/wp-json\/wp\/v2\/comments?post=216573"}],"version-history":[{"count":0,"href":"https:\/\/aromasentia.com\/sv\/wp-json\/wp\/v2\/product\/216573\/revisions"}],"wp:featuredmedia":[{"embeddable":true,"href":"https:\/\/aromasentia.com\/sv\/wp-json\/wp\/v2\/media\/272857"}],"wp:attachment":[{"href":"https:\/\/aromasentia.com\/sv\/wp-json\/wp\/v2\/media?parent=216573"}],"wp:term":[{"taxonomy":"product_brand","embeddable":true,"href":"https:\/\/aromasentia.com\/sv\/wp-json\/wp\/v2\/product_brand?post=216573"},{"taxonomy":"product_cat","embeddable":true,"href":"https:\/\/aromasentia.com\/sv\/wp-json\/wp\/v2\/product_cat?post=216573"},{"taxonomy":"product_tag","embeddable":true,"href":"https:\/\/aromasentia.com\/sv\/wp-json\/wp\/v2\/product_tag?post=216573"}],"curies":[{"name":"wp","href":"https:\/\/api.w.org\/{rel}","templated":true}]}}