{"id":216570,"date":"2025-03-20T16:17:57","date_gmt":"2025-03-20T16:17:57","guid":{"rendered":"https:\/\/aromasentia.com\/product\/pack-of-500g-bath-salt-lavender-himalayan\/"},"modified":"2025-06-29T20:45:48","modified_gmt":"2025-06-29T20:45:48","slug":"lavendel-himalaya-badsalt-500g","status":"publish","type":"product","link":"https:\/\/aromasentia.com\/sv\/lavendel-himalaya-badsalt-500g\/","title":{"rendered":"Lavendel Himalaya Badsalt 500g"},"content":{"rendered":"<p><span style=\u201dcolor: rgb(75, 80, 88);\u201d><strong>Introducerar oparfymerat &nbsp;lavendelbadsalt! &nbsp;<\/strong><\/span><\/p>\n<p><span style=\u201dcolor: rgb(75, 80, 88);\u201d><strong>V\u00e4rva dig sj\u00e4lv i lugn och ro:<\/strong><\/span><\/p>\n<p><span style=\u201dcolor: rgb(75, 80, 88);\u201d>Upplev den lugnande omfamningen av v\u00e5rt Himalaya-salt infunderat med 100% ren eterisk lavendelolja, n\u00e4rande jojobaolja och k\u00e4nsliga lavendelfr\u00f6n. <\/span><\/p>\n<p><span style=\u201dcolor: rgb(75, 80, 88);\u201d><strong>H\u00f6j ditt v\u00e4lbefinnande:<\/strong><\/span><\/p>\n<p><span style=\u201dcolor: rgb(75, 80, 88);\u201d>Njut av ett lyxigt bad fyllt med den aromatiska blandningen, utformad f\u00f6r att hj\u00e4lpa dig att varva ner och f\u00f6rb\u00e4ttra ditt hum\u00f6r efter en kr\u00e4vande dag. Eterisk lavendelolja, k\u00e4nd f\u00f6r sina lugnande egenskaper, kan ocks\u00e5 lindra \u00e5ngest och f\u00f6rb\u00e4ttra din s\u00f6mnkvalitet.<\/span><\/p>\n<p><span style=\u201dcolor: rgb(75, 80, 88);\u201d><strong>En tidl\u00f6s tradition:<\/strong><\/span><\/p>\n<p><span style=\u201dcolor: rgb(75, 80, 88);\u201d>Utnyttja den antika visdomen med salta bad, som har uppskattats f\u00f6r sina anm\u00e4rkningsv\u00e4rda h\u00e4lsof\u00f6rdelar sedan antikens Grekland. <strong>500 g-p\u00e5sarna<\/strong> med badsalt levereras elegant f\u00f6rpackade i en l\u00e5da, komplett med en praktisk tr\u00e4skopa f\u00f6r exakta m\u00e4tningar, vilket g\u00f6r dem till en tankev\u00e4ckande g\u00e5va f\u00f6r alla tillf\u00e4llen. <\/span><\/p>\n<p><span style=\u201dcolor: rgb(75, 80, 88);\u201d><strong>Enkel njutning:<\/strong><\/span><\/p>\n<p><span style=\u201dcolor: rgb(75, 80, 88);\u201d>Uppn\u00e5 en spa-liknande upplevelse i bekv\u00e4mligheten av ditt eget hem. <strong> L\u00e4gg bara till tv\u00e5 skopor av v\u00e5ra badsalter i ditt bad, l\u00e5t dem l\u00f6sas upp och l\u00e5t avkopplingen b\u00f6rja. <\/strong><\/span><\/p>\n<p><span style=\u201dcolor: rgb(75, 80, 88);\u201d><strong>Milj\u00f6medveten anm\u00e4rkning:<\/strong><\/span><\/p>\n<p><span style=\u201dcolor: rgb(75, 80, 88);\u201d>Var uppm\u00e4rksam p\u00e5 att \u00e4ven om vi str\u00e4var efter att tillhandah\u00e5lla kvalitetsprodukter \u00e4r p\u00e5sen i l\u00e5dan som inneh\u00e5ller salterna tillverkad av plast, vilket g\u00f6r att denna produkt <strong>inte \u00e4r helt plastfri. <\/strong><\/span><\/p>\n<p><span style=\u201dcolor: rgb(75, 80, 88);\u201d>F\u00f6rh\u00f6j din badritual med v\u00e5rt <strong>Lavender Bath Salt <\/strong>. <strong>Uppt\u00e4ck den f\u00f6ryngrande kraften i naturens&#038;# 39: s bounty.<\/strong><\/span><\/p>\n<p><span style=\u201dcolor: rgb(75, 80, 88);\u201d><strong>B\u00f6rja p\u00e5 en resa till friskare, mer str\u00e5lande hud.<\/strong><\/span><\/p>\n","protected":false},"excerpt":{"rendered":"<p>Introducerar oparfymerat &nbsp;lavendelbadsalt! &nbsp; V\u00e4rva dig sj\u00e4lv i lugn och ro: Upplev den lugnande omfamningen av v\u00e5rt Himalaya-salt infunderat med 100% ren eterisk lavendelolja, n\u00e4rande jojobaolja och k\u00e4nsliga lavendelfr\u00f6n. H\u00f6j ditt v\u00e4lbefinnande: Njut av ett lyxigt bad fyllt med den aromatiska blandningen, utformad f\u00f6r att hj\u00e4lpa dig att varva ner och f\u00f6rb\u00e4ttra ditt hum\u00f6r efter [&hellip;]<\/p>\n","protected":false},"featured_media":272830,"comment_status":"closed","ping_status":"open","template":"","meta":{"_angie_page":false},"product_brand":[27085],"product_cat":[12600,12908,26836,25845,26032],"product_tag":[],"class_list":{"0":"post-216570","1":"product","2":"type-product","3":"status-publish","4":"has-post-thumbnail","6":"product_brand-agnes-and-cat","7":"product_cat-bad-och-dusch","8":"product_cat-badsalt","9":"product_cat-blommig","10":"product_cat-dofter-aromer","11":"product_cat-lavendel","12":"pa_collection-ac-bath-salts-500g-sv","13":"pa_made-in-storbritannien","14":"pa_size-500g","16":"first","17":"instock","18":"purchasable","19":"product-type-simple"},"supplier_id":null,"supplier_sku":"ACSalt-04DS","barcode":null,"atum_controlled":true,"out_stock_date":null,"out_stock_threshold":null,"inheritable":false,"inbound_stock":0,"stock_on_hold":0,"sold_today":0,"sales_last_days":0,"reserved_stock":0,"customer_returns":0,"warehouse_damage":0,"lost_in_post":0,"other_logs":0,"out_stock_days":0,"lost_sales":0,"has_location":false,"update_date":"2026-05-08T05:02:36","atum_locations":[],"atum_stock_status":"instock","restock_status":false,"low_stock_amount":"","sales_update_date":"2025-10-09T03:23:09","calc_backorders":null,"_links":{"self":[{"href":"https:\/\/aromasentia.com\/sv\/wp-json\/wp\/v2\/product\/216570","targetHints":{"allow":["GET"]}}],"collection":[{"href":"https:\/\/aromasentia.com\/sv\/wp-json\/wp\/v2\/product"}],"about":[{"href":"https:\/\/aromasentia.com\/sv\/wp-json\/wp\/v2\/types\/product"}],"replies":[{"embeddable":true,"href":"https:\/\/aromasentia.com\/sv\/wp-json\/wp\/v2\/comments?post=216570"}],"version-history":[{"count":0,"href":"https:\/\/aromasentia.com\/sv\/wp-json\/wp\/v2\/product\/216570\/revisions"}],"wp:featuredmedia":[{"embeddable":true,"href":"https:\/\/aromasentia.com\/sv\/wp-json\/wp\/v2\/media\/272830"}],"wp:attachment":[{"href":"https:\/\/aromasentia.com\/sv\/wp-json\/wp\/v2\/media?parent=216570"}],"wp:term":[{"taxonomy":"product_brand","embeddable":true,"href":"https:\/\/aromasentia.com\/sv\/wp-json\/wp\/v2\/product_brand?post=216570"},{"taxonomy":"product_cat","embeddable":true,"href":"https:\/\/aromasentia.com\/sv\/wp-json\/wp\/v2\/product_cat?post=216570"},{"taxonomy":"product_tag","embeddable":true,"href":"https:\/\/aromasentia.com\/sv\/wp-json\/wp\/v2\/product_tag?post=216570"}],"curies":[{"name":"wp","href":"https:\/\/api.w.org\/{rel}","templated":true}]}}