{"id":216568,"date":"2025-03-20T16:17:57","date_gmt":"2025-03-20T16:17:57","guid":{"rendered":"https:\/\/aromasentia.com\/product\/pack-of-500g-bath-salt-epsom\/"},"modified":"2025-06-29T20:45:47","modified_gmt":"2025-06-29T20:45:47","slug":"epsom-badsalt-500g","status":"publish","type":"product","link":"https:\/\/aromasentia.com\/sv\/epsom-badsalt-500g\/","title":{"rendered":"Epsom Badsalt 500g"},"content":{"rendered":"<p><span style=\u201dcolor: rgb(75, 80, 88);\u201d>Introduktion av oparfymerat Epsom-salt! &nbsp;<\/span><\/p>\n<p><span style=\u201dcolor: rgb(75, 80, 88);\u201d><strong>Revitalize Your Skin:<\/strong><\/span><\/p>\n<p><span style=\u201dcolor: rgb(75, 80, 88);\u201d>Sedan uppt\u00e4ckten i Surrey, England, har Epsom-salt uppskattats som ett m\u00e5ngsidigt h\u00e4lso- och sk\u00f6nhetshj\u00e4lpmedel. Dess rika arv och tidstestade f\u00f6rdelar g\u00f6r det till en h\u00e4ftklammer i egenv\u00e5rdsrutiner \u00f6ver hela v\u00e4rlden.<\/span><\/p>\n<p><span style=\u201dcolor: rgb(75, 80, 88);\u201d><strong>V\u00e5rd ditt v\u00e4lbefinnande:<\/strong><\/span><\/p>\n<p><span style=\u201dcolor: rgb(75, 80, 88);\u201d>Frig\u00f6r potentialen f\u00f6r \u00f6kad avkoppling, stressreducering och f\u00f6rb\u00e4ttrad s\u00f6mn. Dessutom kan Epsom-salt hj\u00e4lpa till med muskelavslappning och avgiftningsprocessen, vilket ger en helhetssyn p\u00e5 din h\u00e4lsa och ditt v\u00e4lbefinnande.<\/span><\/p>\n<p><span style=\u201dcolor: rgb(75, 80, 88);\u201d><strong>En tidl\u00f6s tradition:<\/strong><\/span><\/p>\n<p><span style=\u201dcolor: rgb(75, 80, 88);\u201d>Utnyttja den antika visdomen med saltbad, som har uppskattats f\u00f6r sina anm\u00e4rkningsv\u00e4rda h\u00e4lsof\u00f6rdelar sedan antikens Grekland. <strong>500 g-p\u00e5sarna<\/strong> med badsalt levereras elegant f\u00f6rpackade i en l\u00e5da, komplett med en praktisk tr\u00e4skopa f\u00f6r exakta m\u00e4tningar, vilket g\u00f6r dem till en tankev\u00e4ckande g\u00e5va f\u00f6r alla tillf\u00e4llen. <\/span><\/p>\n<p><span style=\u201dcolor: rgb(75, 80, 88);\u201d><strong>Enkel njutning:<\/strong><\/span><\/p>\n<p><span style=\u201dcolor: rgb(75, 80, 88);\u201d>Uppn\u00e5 en spa-liknande upplevelse i bekv\u00e4mligheten av ditt eget hem. <strong> L\u00e4gg bara till tv\u00e5 skopor av v\u00e5ra badsalter i ditt bad, l\u00e5t dem l\u00f6sas upp och l\u00e5t avkopplingen b\u00f6rja. <\/strong><\/span><\/p>\n<p><span style=\u201dcolor: rgb(75, 80, 88);\u201d><strong>Milj\u00f6medveten anm\u00e4rkning:<\/strong><\/span><\/p>\n<p><span style=\u201dcolor: rgb(75, 80, 88);\u201d>Var uppm\u00e4rksam p\u00e5 att \u00e4ven om vi str\u00e4var efter att tillhandah\u00e5lla kvalitetsprodukter \u00e4r p\u00e5sen i l\u00e5dan som inneh\u00e5ller salterna tillverkad av plast, vilket g\u00f6r att denna produkt <strong>inte \u00e4r helt plastfri. <\/strong><\/span><\/p>\n<p><span style=\u201dcolor: rgb(75, 80, 88);\u201d>H\u00f6j din egenv\u00e5rdsrutin med v\u00e5rt oparfymerade<strong>&nbsp;Epsom-badsalt och uppt\u00e4ck de extraordin\u00e4ra f\u00f6rdelarna sj\u00e4lv. <\/strong><\/span><\/p>\n<p><span style=\u201dcolor: rgb(75, 80, 88);\u201d><strong>B\u00f6rja p\u00e5 en resa till friskare, mer str\u00e5lande hud.<\/strong><\/span><\/p>\n","protected":false},"excerpt":{"rendered":"<p>Introduktion av oparfymerat Epsom-salt! &nbsp; Revitalize Your Skin: Sedan uppt\u00e4ckten i Surrey, England, har Epsom-salt uppskattats som ett m\u00e5ngsidigt h\u00e4lso- och sk\u00f6nhetshj\u00e4lpmedel. Dess rika arv och tidstestade f\u00f6rdelar g\u00f6r det till en h\u00e4ftklammer i egenv\u00e5rdsrutiner \u00f6ver hela v\u00e4rlden. V\u00e5rd ditt v\u00e4lbefinnande: Frig\u00f6r potentialen f\u00f6r \u00f6kad avkoppling, stressreducering och f\u00f6rb\u00e4ttrad s\u00f6mn. Dessutom kan Epsom-salt hj\u00e4lpa till [&hellip;]<\/p>\n","protected":false},"featured_media":272812,"comment_status":"closed","ping_status":"open","template":"","meta":{"_angie_page":false},"product_brand":[27085],"product_cat":[12600,12908],"product_tag":[],"class_list":{"0":"post-216568","1":"product","2":"type-product","3":"status-publish","4":"has-post-thumbnail","6":"product_brand-agnes-and-cat","7":"product_cat-bad-och-dusch","8":"product_cat-badsalt","9":"pa_collection-ac-bath-salts-500g-sv","10":"pa_made-in-storbritannien","11":"pa_size-500g","13":"first","14":"instock","15":"purchasable","16":"product-type-simple"},"supplier_id":null,"supplier_sku":"ACSalt-02DS","barcode":null,"atum_controlled":true,"out_stock_date":null,"out_stock_threshold":null,"inheritable":false,"inbound_stock":null,"stock_on_hold":0,"sold_today":0,"sales_last_days":0,"reserved_stock":null,"customer_returns":null,"warehouse_damage":null,"lost_in_post":null,"other_logs":null,"out_stock_days":0,"lost_sales":0,"has_location":null,"update_date":"2026-04-27T06:50:12","atum_locations":[],"atum_stock_status":"instock","restock_status":false,"low_stock_amount":"","sales_update_date":"2025-10-09T03:23:05","calc_backorders":null,"_links":{"self":[{"href":"https:\/\/aromasentia.com\/sv\/wp-json\/wp\/v2\/product\/216568","targetHints":{"allow":["GET"]}}],"collection":[{"href":"https:\/\/aromasentia.com\/sv\/wp-json\/wp\/v2\/product"}],"about":[{"href":"https:\/\/aromasentia.com\/sv\/wp-json\/wp\/v2\/types\/product"}],"replies":[{"embeddable":true,"href":"https:\/\/aromasentia.com\/sv\/wp-json\/wp\/v2\/comments?post=216568"}],"version-history":[{"count":0,"href":"https:\/\/aromasentia.com\/sv\/wp-json\/wp\/v2\/product\/216568\/revisions"}],"wp:featuredmedia":[{"embeddable":true,"href":"https:\/\/aromasentia.com\/sv\/wp-json\/wp\/v2\/media\/272812"}],"wp:attachment":[{"href":"https:\/\/aromasentia.com\/sv\/wp-json\/wp\/v2\/media?parent=216568"}],"wp:term":[{"taxonomy":"product_brand","embeddable":true,"href":"https:\/\/aromasentia.com\/sv\/wp-json\/wp\/v2\/product_brand?post=216568"},{"taxonomy":"product_cat","embeddable":true,"href":"https:\/\/aromasentia.com\/sv\/wp-json\/wp\/v2\/product_cat?post=216568"},{"taxonomy":"product_tag","embeddable":true,"href":"https:\/\/aromasentia.com\/sv\/wp-json\/wp\/v2\/product_tag?post=216568"}],"curies":[{"name":"wp","href":"https:\/\/api.w.org\/{rel}","templated":true}]}}