{"id":216535,"date":"2025-03-20T16:19:41","date_gmt":"2025-03-20T16:19:41","guid":{"rendered":"https:\/\/aromasentia.com\/product\/aromatherapy-shower-steamer-80g-revitalise\/"},"modified":"2025-12-31T15:44:11","modified_gmt":"2025-12-31T15:44:11","slug":"aromaterapi-duschtabletter-80g-vitalisera","status":"publish","type":"product","link":"https:\/\/aromasentia.com\/sv\/aromaterapi-duschtabletter-80g-vitalisera\/","title":{"rendered":"Aromaterapi Duschtabletter 80g &#8211; Vitalisera"},"content":{"rendered":"<p style=\"text-align: justify;\">Placera helt enkelt en av v\u00e5ra duschtabletter p\u00e5 golvet i din dusch och l\u00e5t det varma vattnet frig\u00f6ra dess terapeutiska arom.&nbsp;<\/p>\n<p style=\"text-align: justify;\">V\u00e5ra duschtabletter \u00e4r tillverkade med naturliga ingredienser och \u00e4r fria fr\u00e5n starka kemikalier, vilket g\u00f6r dem till ett s\u00e4kert och effektivt s\u00e4tt att fr\u00e4scha upp och f\u00f6ryngra.&nbsp;<\/p>\n<p style=\"text-align: justify;\">Perfekta f\u00f6r anv\u00e4ndning i spa, hotell och h\u00e4lsocenter, och samtidigt ett bra komplement till presentkorgar eller som en detaljhandelsvara f\u00f6r ditt f\u00f6retag.&nbsp;<\/p>\n<p style=\"text-align: justify;\">Eteriska oljor: apelsin, bergamott, may chang + kosher salt&nbsp;<\/p>\n<p style=\"text-align: justify;\"><strong>OBS:&nbsp;<\/strong>Produktvikten kan variera mellan 70g och 80g<\/p>\n<p style=\"text-align: justify;\"><strong><span style=\"color: rgb(84, 172, 210);\">L\u00e4gg din best\u00e4llning idag och ta f\u00f6rsta steget mot att fr\u00e4mja v\u00e4lbefinnande och avkoppling i ditt f\u00f6retag!<\/span><\/strong><\/p>\n","protected":false},"excerpt":{"rendered":"<p>Placera helt enkelt en av v\u00e5ra duschtabletter p\u00e5 golvet i din dusch och l\u00e5t det varma vattnet frig\u00f6ra dess terapeutiska arom.&nbsp; V\u00e5ra duschtabletter \u00e4r tillverkade med naturliga ingredienser och \u00e4r fria fr\u00e5n starka kemikalier, vilket g\u00f6r dem till ett s\u00e4kert och effektivt s\u00e4tt att fr\u00e4scha upp och f\u00f6ryngra.&nbsp; Perfekta f\u00f6r anv\u00e4ndning i spa, hotell och [&hellip;]<\/p>\n","protected":false},"featured_media":273467,"comment_status":"closed","ping_status":"open","template":"","meta":{"_angie_page":false},"product_brand":[],"product_cat":[12600,12864],"product_tag":[],"class_list":{"0":"post-216535","1":"product","2":"type-product","3":"status-publish","4":"has-post-thumbnail","6":"product_cat-bad-och-dusch","7":"product_cat-badbomber","8":"pa_collection-aromatherapy-shower-steamers-sv","9":"pa_made-in-storbritannien","10":"pa_size-80g","12":"first","13":"instock","14":"purchasable","15":"product-type-simple"},"supplier_id":null,"supplier_sku":"AROSS-04a","barcode":null,"atum_controlled":true,"out_stock_date":null,"out_stock_threshold":null,"inheritable":false,"inbound_stock":null,"stock_on_hold":0,"sold_today":0,"sales_last_days":0,"reserved_stock":null,"customer_returns":null,"warehouse_damage":null,"lost_in_post":null,"other_logs":null,"out_stock_days":0,"lost_sales":0,"has_location":null,"update_date":"2026-05-08T05:03:47","atum_locations":[],"atum_stock_status":"instock","restock_status":false,"low_stock_amount":"","sales_update_date":"2025-10-09T03:23:29","calc_backorders":null,"_links":{"self":[{"href":"https:\/\/aromasentia.com\/sv\/wp-json\/wp\/v2\/product\/216535","targetHints":{"allow":["GET"]}}],"collection":[{"href":"https:\/\/aromasentia.com\/sv\/wp-json\/wp\/v2\/product"}],"about":[{"href":"https:\/\/aromasentia.com\/sv\/wp-json\/wp\/v2\/types\/product"}],"replies":[{"embeddable":true,"href":"https:\/\/aromasentia.com\/sv\/wp-json\/wp\/v2\/comments?post=216535"}],"version-history":[{"count":0,"href":"https:\/\/aromasentia.com\/sv\/wp-json\/wp\/v2\/product\/216535\/revisions"}],"wp:featuredmedia":[{"embeddable":true,"href":"https:\/\/aromasentia.com\/sv\/wp-json\/wp\/v2\/media\/273467"}],"wp:attachment":[{"href":"https:\/\/aromasentia.com\/sv\/wp-json\/wp\/v2\/media?parent=216535"}],"wp:term":[{"taxonomy":"product_brand","embeddable":true,"href":"https:\/\/aromasentia.com\/sv\/wp-json\/wp\/v2\/product_brand?post=216535"},{"taxonomy":"product_cat","embeddable":true,"href":"https:\/\/aromasentia.com\/sv\/wp-json\/wp\/v2\/product_cat?post=216535"},{"taxonomy":"product_tag","embeddable":true,"href":"https:\/\/aromasentia.com\/sv\/wp-json\/wp\/v2\/product_tag?post=216535"}],"curies":[{"name":"wp","href":"https:\/\/api.w.org\/{rel}","templated":true}]}}