{"id":216534,"date":"2025-03-20T16:19:41","date_gmt":"2025-03-20T16:19:41","guid":{"rendered":"https:\/\/aromasentia.com\/product\/aromatherapy-shower-steamer-80g-steamy-shower\/"},"modified":"2025-12-31T15:44:11","modified_gmt":"2025-12-31T15:44:11","slug":"aromaterapi-duschtabletter-80g-rykande-dusch","status":"publish","type":"product","link":"https:\/\/aromasentia.com\/sv\/aromaterapi-duschtabletter-80g-rykande-dusch\/","title":{"rendered":"Aromaterapi Duschtabletter 80g &#8211; Rykande Dusch"},"content":{"rendered":"<p style=\"text-align: justify;\">Designade som en badbomb f\u00f6r duschen &#8211; l\u00e4gg helt enkelt en p\u00e5 golvet i din dusch f\u00f6r att f\u00e5 en spaliknande aromatisk atmosf\u00e4r! Nu kan du locka fler kunder \u00e4n bara dem som har ett badkar hemma.&nbsp;<\/p>\n<p style=\"text-align: justify;\"><strong>Aromaterapi Duschtabletter 80g &#8211; Rykande Dusch<\/strong> kommer att skapa en enast\u00e5ende doftande och attraktiv upplevelse. Det \u00e4r en trevlig present, perfekt till br\u00f6llop eller babyshowern.<\/p>\n<p style=\"text-align: justify;\">Varje doft \u00e4r designad f\u00f6r olika \u00e4ndam\u00e5l. Denna duschtablett doftar som en rykande dusch med Patchouli, Jasmin, Ylang-Ylang &amp; Rosenblad.&nbsp;<\/p>\n<p style=\"text-align: justify;\"><strong><span style=\"color: rgb(84, 172, 210);\">Ge dina kunder n\u00e5got nytt och \u00f6ka din f\u00f6rs\u00e4ljning idag!<\/span><\/strong><\/p>\n","protected":false},"excerpt":{"rendered":"<p>Designade som en badbomb f\u00f6r duschen &#8211; l\u00e4gg helt enkelt en p\u00e5 golvet i din dusch f\u00f6r att f\u00e5 en spaliknande aromatisk atmosf\u00e4r! Nu kan du locka fler kunder \u00e4n bara dem som har ett badkar hemma.&nbsp; Aromaterapi Duschtabletter 80g &#8211; Rykande Dusch kommer att skapa en enast\u00e5ende doftande och attraktiv upplevelse. Det \u00e4r en [&hellip;]<\/p>\n","protected":false},"featured_media":273442,"comment_status":"closed","ping_status":"open","template":"","meta":{"_angie_page":false},"product_brand":[],"product_cat":[12600,12864],"product_tag":[],"class_list":{"0":"post-216534","1":"product","2":"type-product","3":"status-publish","4":"has-post-thumbnail","6":"product_cat-bad-och-dusch","7":"product_cat-badbomber","8":"pa_collection-aromatherapy-shower-steamers-sv","9":"pa_made-in-storbritannien","10":"pa_size-80g","12":"first","13":"instock","14":"purchasable","15":"product-type-simple"},"supplier_id":null,"supplier_sku":"AROSS-05a","barcode":null,"atum_controlled":true,"out_stock_date":null,"out_stock_threshold":null,"inheritable":false,"inbound_stock":null,"stock_on_hold":0,"sold_today":0,"sales_last_days":0,"reserved_stock":null,"customer_returns":null,"warehouse_damage":null,"lost_in_post":null,"other_logs":null,"out_stock_days":0,"lost_sales":0,"has_location":null,"update_date":"2026-04-27T06:50:47","atum_locations":[],"atum_stock_status":"instock","restock_status":false,"low_stock_amount":"","sales_update_date":"2025-10-09T03:23:29","calc_backorders":null,"_links":{"self":[{"href":"https:\/\/aromasentia.com\/sv\/wp-json\/wp\/v2\/product\/216534","targetHints":{"allow":["GET"]}}],"collection":[{"href":"https:\/\/aromasentia.com\/sv\/wp-json\/wp\/v2\/product"}],"about":[{"href":"https:\/\/aromasentia.com\/sv\/wp-json\/wp\/v2\/types\/product"}],"replies":[{"embeddable":true,"href":"https:\/\/aromasentia.com\/sv\/wp-json\/wp\/v2\/comments?post=216534"}],"version-history":[{"count":0,"href":"https:\/\/aromasentia.com\/sv\/wp-json\/wp\/v2\/product\/216534\/revisions"}],"wp:featuredmedia":[{"embeddable":true,"href":"https:\/\/aromasentia.com\/sv\/wp-json\/wp\/v2\/media\/273442"}],"wp:attachment":[{"href":"https:\/\/aromasentia.com\/sv\/wp-json\/wp\/v2\/media?parent=216534"}],"wp:term":[{"taxonomy":"product_brand","embeddable":true,"href":"https:\/\/aromasentia.com\/sv\/wp-json\/wp\/v2\/product_brand?post=216534"},{"taxonomy":"product_cat","embeddable":true,"href":"https:\/\/aromasentia.com\/sv\/wp-json\/wp\/v2\/product_cat?post=216534"},{"taxonomy":"product_tag","embeddable":true,"href":"https:\/\/aromasentia.com\/sv\/wp-json\/wp\/v2\/product_tag?post=216534"}],"curies":[{"name":"wp","href":"https:\/\/api.w.org\/{rel}","templated":true}]}}