{"id":216526,"date":"2025-03-20T16:19:41","date_gmt":"2025-03-20T16:19:41","guid":{"rendered":"https:\/\/aromasentia.com\/product\/juniper-lime-spearmint-hand-body-wash-250ml\/"},"modified":"2025-06-29T20:45:43","modified_gmt":"2025-06-29T20:45:43","slug":"enbar-lime-gronmynta-hand-duschtval-250ml","status":"publish","type":"product","link":"https:\/\/aromasentia.com\/sv\/enbar-lime-gronmynta-hand-duschtval-250ml\/","title":{"rendered":"Enb\u00e4r, Lime &#038; Gr\u00f6nmynta Hand- &#038; Duschtv\u00e5l 250ml"},"content":{"rendered":"<p style=\"text-align: justify;\">Enb\u00e4r, Lime &amp; Gr\u00f6nmynta Aromaterapi Hand- &amp; Duschtv\u00e5l \u00e4r en lyxig och uppfriskande produkt som \u00e4r designad f\u00f6r att reng\u00f6ra och ge n\u00e4ring till huden. Denna kosmetika \u00e4r gjord med en blandning av eteriska oljor som samverkar f\u00f6r att skapa en unik och stimulerande doft.&nbsp;<\/p>\n<p style=\"text-align: justify;\">Enb\u00e4ren \u00e4r k\u00e4nda f\u00f6r sina renande egenskaper och sin f\u00f6rm\u00e5ga att fr\u00e4mja frisk hud. De anv\u00e4nds ofta i hudv\u00e5rdsprodukter f\u00f6r dess sammandragande egenskaper som kan hj\u00e4lpa till att strama upp och tona huden. Lime \u00e4r samtidigt en naturlig antioxidant som hj\u00e4lper till att skydda huden fr\u00e5n skador orsakade av fria radikaler. Den har ocks\u00e5 en ljus, citrusaktig doft som \u00e4r upplyftande och energigivande. Gr\u00f6nmynta ger en sval och uppfriskande k\u00e4nsla som hj\u00e4lper till att st\u00e4rka sinnena. Den \u00e4r ocks\u00e5 k\u00e4nd f\u00f6r sina antibakteriella och svampd\u00f6dande egenskaper som kan hj\u00e4lpa till att h\u00e5lla huden frisk och fri fr\u00e5n infektioner.&nbsp;<\/p>\n<p style=\"text-align: justify;\">Denna hand- och duschtv\u00e5l skummar upp l\u00e4tt och sk\u00f6ljs enkelt bort vilket g\u00f6r att huden k\u00e4nns mjuk, len och fr\u00e4sch.<\/p>\n","protected":false},"excerpt":{"rendered":"<p>Enb\u00e4r, Lime &amp; Gr\u00f6nmynta Aromaterapi Hand- &amp; Duschtv\u00e5l \u00e4r en lyxig och uppfriskande produkt som \u00e4r designad f\u00f6r att reng\u00f6ra och ge n\u00e4ring till huden. Denna kosmetika \u00e4r gjord med en blandning av eteriska oljor som samverkar f\u00f6r att skapa en unik och stimulerande doft.&nbsp; Enb\u00e4ren \u00e4r k\u00e4nda f\u00f6r sina renande egenskaper och sin f\u00f6rm\u00e5ga [&hellip;]<\/p>\n","protected":false},"featured_media":273314,"comment_status":"closed","ping_status":"open","template":"","meta":{"_angie_page":false},"product_brand":[],"product_cat":[12600,26822,25845,26064,12984,26037,26878],"product_tag":[],"class_list":{"0":"post-216526","1":"product","2":"type-product","3":"status-publish","4":"has-post-thumbnail","6":"product_cat-bad-och-dusch","7":"product_cat-citrus","8":"product_cat-dofter-aromer","9":"product_cat-gronmynta","10":"product_cat-kroppsvard","11":"product_cat-lime","12":"product_cat-mintig","13":"pa_collection-aromatherapy-hand-body-wash-sv","14":"pa_made-in-storbritannien","15":"pa_size-250ml","17":"first","18":"instock","19":"purchasable","20":"product-type-simple"},"supplier_id":null,"supplier_sku":"AHBW-01","barcode":null,"atum_controlled":true,"out_stock_date":null,"out_stock_threshold":null,"inheritable":false,"inbound_stock":null,"stock_on_hold":0,"sold_today":0,"sales_last_days":0,"reserved_stock":null,"customer_returns":null,"warehouse_damage":null,"lost_in_post":null,"other_logs":null,"out_stock_days":0,"lost_sales":0,"has_location":null,"update_date":"2026-05-08T05:02:36","atum_locations":[],"atum_stock_status":"instock","restock_status":false,"low_stock_amount":"","sales_update_date":"2026-01-30T01:24:52","calc_backorders":null,"_links":{"self":[{"href":"https:\/\/aromasentia.com\/sv\/wp-json\/wp\/v2\/product\/216526","targetHints":{"allow":["GET"]}}],"collection":[{"href":"https:\/\/aromasentia.com\/sv\/wp-json\/wp\/v2\/product"}],"about":[{"href":"https:\/\/aromasentia.com\/sv\/wp-json\/wp\/v2\/types\/product"}],"replies":[{"embeddable":true,"href":"https:\/\/aromasentia.com\/sv\/wp-json\/wp\/v2\/comments?post=216526"}],"version-history":[{"count":0,"href":"https:\/\/aromasentia.com\/sv\/wp-json\/wp\/v2\/product\/216526\/revisions"}],"wp:featuredmedia":[{"embeddable":true,"href":"https:\/\/aromasentia.com\/sv\/wp-json\/wp\/v2\/media\/273314"}],"wp:attachment":[{"href":"https:\/\/aromasentia.com\/sv\/wp-json\/wp\/v2\/media?parent=216526"}],"wp:term":[{"taxonomy":"product_brand","embeddable":true,"href":"https:\/\/aromasentia.com\/sv\/wp-json\/wp\/v2\/product_brand?post=216526"},{"taxonomy":"product_cat","embeddable":true,"href":"https:\/\/aromasentia.com\/sv\/wp-json\/wp\/v2\/product_cat?post=216526"},{"taxonomy":"product_tag","embeddable":true,"href":"https:\/\/aromasentia.com\/sv\/wp-json\/wp\/v2\/product_tag?post=216526"}],"curies":[{"name":"wp","href":"https:\/\/api.w.org\/{rel}","templated":true}]}}