{"id":216524,"date":"2025-03-20T16:19:41","date_gmt":"2025-03-20T16:19:41","guid":{"rendered":"https:\/\/aromasentia.com\/product\/sandalwood-rose-hand-body-wash-250ml\/"},"modified":"2025-06-29T20:45:42","modified_gmt":"2025-06-29T20:45:42","slug":"sandeltra-ros-hand-duschtval-250ml","status":"publish","type":"product","link":"https:\/\/aromasentia.com\/sv\/sandeltra-ros-hand-duschtval-250ml\/","title":{"rendered":"Sandeltr\u00e4 &#038; Ros Hand- &#038; Duschtv\u00e5l 250ml"},"content":{"rendered":"<p style=\"text-align: justify;\">Sandeltr\u00e4 &amp; Ros Aromaterapi Hand- &amp; Duschtv\u00e5l \u00e4r en lyxig och uppfriskande produkt som \u00e4r designad f\u00f6r att reng\u00f6ra och ge n\u00e4ring \u00e5t huden samtidigt som den ger en uppfriskande upplevelse. Denna kosmetika \u00e4r gjord med en blandning av eteriska oljor som samverkar f\u00f6r att skapa en unik och stimulerande doft.&nbsp;<\/p>\n<p style=\"text-align: justify;\">Sandeltr\u00e4et \u00e4r k\u00e4nt f\u00f6r sin varma och tr\u00e4iga doft, samt sin f\u00f6rm\u00e5ga att lugna huden. Det anv\u00e4nds ofta i aromaterapi f\u00f6r att fr\u00e4mja avslappning och minska stress. Rosen ger en delikat och romantisk doft som \u00e4r b\u00e5de lugnande och upplyftande. Den anv\u00e4nds ofta i hudv\u00e5rdsprodukter f\u00f6r dess f\u00f6rm\u00e5ga att \u00e5terfukta och ge n\u00e4ring till huden.&nbsp;<\/p>\n<p style=\"text-align: justify;\">Denna hand- och duschtv\u00e5l skummar upp l\u00e4tt och sk\u00f6ljs bort enkelt vilket g\u00f6r att huden k\u00e4nns mjuk, len och fr\u00e4sch.<\/p>\n","protected":false},"excerpt":{"rendered":"<p>Sandeltr\u00e4 &amp; Ros Aromaterapi Hand- &amp; Duschtv\u00e5l \u00e4r en lyxig och uppfriskande produkt som \u00e4r designad f\u00f6r att reng\u00f6ra och ge n\u00e4ring \u00e5t huden samtidigt som den ger en uppfriskande upplevelse. Denna kosmetika \u00e4r gjord med en blandning av eteriska oljor som samverkar f\u00f6r att skapa en unik och stimulerande doft.&nbsp; Sandeltr\u00e4et \u00e4r k\u00e4nt f\u00f6r [&hellip;]<\/p>\n","protected":false},"featured_media":273296,"comment_status":"closed","ping_status":"open","template":"","meta":{"_angie_page":false},"product_brand":[],"product_cat":[12600,26836,25845,12984,26059,26063,26899],"product_tag":[],"class_list":{"0":"post-216524","1":"product","2":"type-product","3":"status-publish","4":"has-post-thumbnail","6":"product_cat-bad-och-dusch","7":"product_cat-blommig","8":"product_cat-dofter-aromer","9":"product_cat-kroppsvard","10":"product_cat-ros","11":"product_cat-sandeltra","12":"product_cat-traig","13":"pa_collection-aromatherapy-hand-body-wash-sv","14":"pa_made-in-storbritannien","15":"pa_size-250ml","17":"first","18":"instock","19":"purchasable","20":"product-type-simple"},"supplier_id":null,"supplier_sku":"AHBW-03","barcode":null,"atum_controlled":true,"out_stock_date":null,"out_stock_threshold":null,"inheritable":false,"inbound_stock":null,"stock_on_hold":0,"sold_today":0,"sales_last_days":0,"reserved_stock":null,"customer_returns":null,"warehouse_damage":null,"lost_in_post":null,"other_logs":null,"out_stock_days":0,"lost_sales":0,"has_location":null,"update_date":"2026-05-08T05:02:36","atum_locations":[],"atum_stock_status":"instock","restock_status":false,"low_stock_amount":"","sales_update_date":"2026-02-06T00:02:21","calc_backorders":null,"_links":{"self":[{"href":"https:\/\/aromasentia.com\/sv\/wp-json\/wp\/v2\/product\/216524","targetHints":{"allow":["GET"]}}],"collection":[{"href":"https:\/\/aromasentia.com\/sv\/wp-json\/wp\/v2\/product"}],"about":[{"href":"https:\/\/aromasentia.com\/sv\/wp-json\/wp\/v2\/types\/product"}],"replies":[{"embeddable":true,"href":"https:\/\/aromasentia.com\/sv\/wp-json\/wp\/v2\/comments?post=216524"}],"version-history":[{"count":0,"href":"https:\/\/aromasentia.com\/sv\/wp-json\/wp\/v2\/product\/216524\/revisions"}],"wp:featuredmedia":[{"embeddable":true,"href":"https:\/\/aromasentia.com\/sv\/wp-json\/wp\/v2\/media\/273296"}],"wp:attachment":[{"href":"https:\/\/aromasentia.com\/sv\/wp-json\/wp\/v2\/media?parent=216524"}],"wp:term":[{"taxonomy":"product_brand","embeddable":true,"href":"https:\/\/aromasentia.com\/sv\/wp-json\/wp\/v2\/product_brand?post=216524"},{"taxonomy":"product_cat","embeddable":true,"href":"https:\/\/aromasentia.com\/sv\/wp-json\/wp\/v2\/product_cat?post=216524"},{"taxonomy":"product_tag","embeddable":true,"href":"https:\/\/aromasentia.com\/sv\/wp-json\/wp\/v2\/product_tag?post=216524"}],"curies":[{"name":"wp","href":"https:\/\/api.w.org\/{rel}","templated":true}]}}