{"id":216522,"date":"2025-03-20T16:19:41","date_gmt":"2025-03-20T16:19:41","guid":{"rendered":"https:\/\/aromasentia.com\/product\/clary-sage-lavender-hand-body-wash-250ml\/"},"modified":"2025-06-29T20:45:42","modified_gmt":"2025-06-29T20:45:42","slug":"muskatellsalvia-lavendel-hand-duschtval-250ml","status":"publish","type":"product","link":"https:\/\/aromasentia.com\/sv\/muskatellsalvia-lavendel-hand-duschtval-250ml\/","title":{"rendered":"Muskatellsalvia &#038; Lavendel Hand- &#038; Duschtv\u00e5l 250ml"},"content":{"rendered":"<p style=\"text-align: justify;\">Clary Salvia &amp; Lavendel Aromaterapi Hand- &amp; Duschtv\u00e5l \u00e4r en lyxig och lugnande produkt som \u00e4r designad f\u00f6r att reng\u00f6ra och ge n\u00e4ring \u00e5t huden samtidigt som den ger en lugnande och avkopplande upplevelse. Denna kosmetika \u00e4r tillverkad med en blandning av eteriska oljor som samverkar f\u00f6r att skapa en unik och stimulerande doft.&nbsp;<\/p>\n<p style=\"text-align: justify;\">Salvian \u00e4r k\u00e4nd f\u00f6r sina lugnande egenskaper. Den anv\u00e4nds ofta i aromaterapi f\u00f6r att minska stress och fr\u00e4mja k\u00e4nslor av avslappning. Lavendeln ger en delikat och blommig doft som \u00e4r b\u00e5de lugnande och uppfriskande. Den anv\u00e4nds ofta i hudv\u00e5rdsprodukter f\u00f6r dess f\u00f6rm\u00e5ga att lugna huden.&nbsp;<\/p>\n<p style=\"text-align: justify;\">Denna hand- och duschtv\u00e5l skummar upp l\u00e4tt och sk\u00f6ljs bort enkelt vilket g\u00f6r att huden k\u00e4nns mjuk, len och fr\u00e4sch. Detta \u00e4r ett utm\u00e4rkt alternativ f\u00f6r dem som vill ta hand om sin hud samtidigt som de vill njuta av de terapeutiska f\u00f6rdelarna med eteriska oljor. Produkten \u00e4r perfekt f\u00f6r dig som vill k\u00e4nna dig lugn och avslappnad, och som vill njuta av en spa-liknande upplevelse direkt i ditt egna hem.<\/p>\n","protected":false},"excerpt":{"rendered":"<p>Clary Salvia &amp; Lavendel Aromaterapi Hand- &amp; Duschtv\u00e5l \u00e4r en lyxig och lugnande produkt som \u00e4r designad f\u00f6r att reng\u00f6ra och ge n\u00e4ring \u00e5t huden samtidigt som den ger en lugnande och avkopplande upplevelse. Denna kosmetika \u00e4r tillverkad med en blandning av eteriska oljor som samverkar f\u00f6r att skapa en unik och stimulerande doft.&nbsp; Salvian [&hellip;]<\/p>\n","protected":false},"featured_media":273278,"comment_status":"closed","ping_status":"open","template":"","meta":{"_angie_page":false},"product_brand":[],"product_cat":[12600,26836,25845,12984,26032,26014,26864],"product_tag":[],"class_list":{"0":"post-216522","1":"product","2":"type-product","3":"status-publish","4":"has-post-thumbnail","6":"product_cat-bad-och-dusch","7":"product_cat-blommig","8":"product_cat-dofter-aromer","9":"product_cat-kroppsvard","10":"product_cat-lavendel","11":"product_cat-muskatellsalvia","12":"product_cat-ort-aromatisk","13":"pa_collection-aromatherapy-hand-body-wash-sv","14":"pa_made-in-storbritannien","15":"pa_size-250ml","17":"first","18":"instock","19":"purchasable","20":"product-type-simple"},"supplier_id":null,"supplier_sku":"AHBW-06","barcode":null,"atum_controlled":true,"out_stock_date":null,"out_stock_threshold":null,"inheritable":false,"inbound_stock":0,"stock_on_hold":0,"sold_today":0,"sales_last_days":0,"reserved_stock":0,"customer_returns":0,"warehouse_damage":0,"lost_in_post":0,"other_logs":0,"out_stock_days":0,"lost_sales":0,"has_location":false,"update_date":"2026-05-08T05:02:36","atum_locations":[],"atum_stock_status":"instock","restock_status":false,"low_stock_amount":"","sales_update_date":"2026-02-06T00:01:24","calc_backorders":null,"_links":{"self":[{"href":"https:\/\/aromasentia.com\/sv\/wp-json\/wp\/v2\/product\/216522","targetHints":{"allow":["GET"]}}],"collection":[{"href":"https:\/\/aromasentia.com\/sv\/wp-json\/wp\/v2\/product"}],"about":[{"href":"https:\/\/aromasentia.com\/sv\/wp-json\/wp\/v2\/types\/product"}],"replies":[{"embeddable":true,"href":"https:\/\/aromasentia.com\/sv\/wp-json\/wp\/v2\/comments?post=216522"}],"version-history":[{"count":0,"href":"https:\/\/aromasentia.com\/sv\/wp-json\/wp\/v2\/product\/216522\/revisions"}],"wp:featuredmedia":[{"embeddable":true,"href":"https:\/\/aromasentia.com\/sv\/wp-json\/wp\/v2\/media\/273278"}],"wp:attachment":[{"href":"https:\/\/aromasentia.com\/sv\/wp-json\/wp\/v2\/media?parent=216522"}],"wp:term":[{"taxonomy":"product_brand","embeddable":true,"href":"https:\/\/aromasentia.com\/sv\/wp-json\/wp\/v2\/product_brand?post=216522"},{"taxonomy":"product_cat","embeddable":true,"href":"https:\/\/aromasentia.com\/sv\/wp-json\/wp\/v2\/product_cat?post=216522"},{"taxonomy":"product_tag","embeddable":true,"href":"https:\/\/aromasentia.com\/sv\/wp-json\/wp\/v2\/product_tag?post=216522"}],"curies":[{"name":"wp","href":"https:\/\/api.w.org\/{rel}","templated":true}]}}