{"id":216516,"date":"2025-03-20T16:19:41","date_gmt":"2025-03-20T16:19:41","guid":{"rendered":"https:\/\/aromasentia.com\/product\/juniper-lime-spearmint-hand-body-lotion-250ml\/"},"modified":"2025-06-29T20:45:37","modified_gmt":"2025-06-29T20:45:37","slug":"enbar-lime-gronmynta-hand-hudkram-250ml","status":"publish","type":"product","link":"https:\/\/aromasentia.com\/sv\/enbar-lime-gronmynta-hand-hudkram-250ml\/","title":{"rendered":"Enb\u00e4r, Lime &#038; Gr\u00f6nmynta Hand- &#038; Hudkr\u00e4m 250ml"},"content":{"rendered":"<p style=\"text-align: justify;\">AW <strong>100 % ren och naturlig oljebaserad Hand- och Hudkr\u00e4m<\/strong> utan konstgjorda dofter \u00e4r perfekt f\u00f6r dagligt bruk.&nbsp;<\/p>\n<p style=\"text-align: justify;\"><strong>Eteriska oljor: Enb\u00e4r, Lime, Gr\u00f6nmynta<\/strong><\/p>\n<p style=\"text-align: justify;\">Eteriska oljor har anv\u00e4nts i kosmetologi sedan urminnes tider. Inte bara p\u00e5 grund av deras doft, utan ocks\u00e5 p\u00e5 grund av dess hudv\u00e5rdande egenskaper.&nbsp;<\/p>\n<p style=\"text-align: justify;\"><strong>Hur fungerar oljebaserade kr\u00e4mer?&nbsp;<\/strong><\/p>\n<ul>\n<li style=\"text-align: justify;\">Har antiinflammatoriska, antibakteriella, svampd\u00f6dande och antiseptiska egenskaper&nbsp;<\/li>\n<li style=\"text-align: justify;\">F\u00f6rb\u00e4ttrar hudens fasthet och elasticitet&nbsp;<\/li>\n<li style=\"text-align: justify;\">J\u00e4mnar ut hudstrukturen&nbsp;<\/li>\n<li style=\"text-align: justify;\">St\u00e4rker kapill\u00e4rerna&nbsp;<\/li>\n<li style=\"text-align: justify;\">Lindrar inflammation&nbsp;<\/li>\n<li style=\"text-align: justify;\">Tack vare deras antioxiderande och regenerativa egenskaper bromsar de hudens \u00e5ldrandeprocess&nbsp;<\/li>\n<li style=\"text-align: justify;\">Reglerar niv\u00e5n av talg&nbsp;<\/li>\n<li style=\"text-align: justify;\">L\u00e4ttar upp \u00e4rr och missf\u00e4rgning&nbsp;<\/li>\n<li style=\"text-align: justify;\">Lindrar kl\u00e5da&nbsp;<\/li>\n<\/ul>\n<p style=\"text-align: justify;\"><strong>Instruktioner<\/strong><strong>:&nbsp;<\/strong>Applicera dagligen p\u00e5 ren hud f\u00f6r omedelbar \u00e5terfuktning.&nbsp;<\/p>\n<p style=\"text-align: justify;\"><em>* S\u00e4ljes i kartong om 4 * Tillverkad i England * B\u00e4rnstensf\u00e4rgad glasflaska * Inga konstgjorda dofter *&nbsp;<\/em><\/p>\n<p style=\"text-align: justify;\"><strong><span style=\"color: rgb(84, 172, 210);\">K\u00f6p nu och ta dina kunder till en h\u00f6gre niv\u00e5 av hudv\u00e5rd!<\/span><\/strong><\/p>\n","protected":false},"excerpt":{"rendered":"<p>AW 100 % ren och naturlig oljebaserad Hand- och Hudkr\u00e4m utan konstgjorda dofter \u00e4r perfekt f\u00f6r dagligt bruk.&nbsp; Eteriska oljor: Enb\u00e4r, Lime, Gr\u00f6nmynta Eteriska oljor har anv\u00e4nts i kosmetologi sedan urminnes tider. Inte bara p\u00e5 grund av deras doft, utan ocks\u00e5 p\u00e5 grund av dess hudv\u00e5rdande egenskaper.&nbsp; Hur fungerar oljebaserade kr\u00e4mer?&nbsp; Har antiinflammatoriska, antibakteriella, svampd\u00f6dande [&hellip;]<\/p>\n","protected":false},"featured_media":273224,"comment_status":"closed","ping_status":"open","template":"","meta":[],"product_brand":[27069],"product_cat":[12600,26822,25845,26064,12984,26037,26878],"product_tag":[],"class_list":{"0":"post-216516","1":"product","2":"type-product","3":"status-publish","4":"has-post-thumbnail","6":"product_brand-aw-cosmetics","7":"product_cat-bad-och-dusch","8":"product_cat-citrus","9":"product_cat-dofter-aromer","10":"product_cat-gronmynta","11":"product_cat-kroppsvard","12":"product_cat-lime","13":"product_cat-mintig","14":"pa_collection-aromatherapy-hand-body-lotion-sv","15":"pa_made-in-storbritannien","16":"pa_size-250ml","18":"first","19":"instock","20":"purchasable","21":"product-type-simple"},"supplier_id":null,"supplier_sku":"AHBL-01","barcode":null,"atum_controlled":true,"out_stock_date":null,"out_stock_threshold":null,"inheritable":false,"inbound_stock":null,"stock_on_hold":0,"sold_today":0,"sales_last_days":0,"reserved_stock":null,"customer_returns":null,"warehouse_damage":null,"lost_in_post":null,"other_logs":null,"out_stock_days":0,"lost_sales":0,"has_location":null,"update_date":"2026-02-06T00:01:30","atum_locations":[],"atum_stock_status":"instock","restock_status":false,"low_stock_amount":"","sales_update_date":"2026-02-06T00:01:30","calc_backorders":null,"_links":{"self":[{"href":"https:\/\/aromasentia.com\/sv\/wp-json\/wp\/v2\/product\/216516","targetHints":{"allow":["GET"]}}],"collection":[{"href":"https:\/\/aromasentia.com\/sv\/wp-json\/wp\/v2\/product"}],"about":[{"href":"https:\/\/aromasentia.com\/sv\/wp-json\/wp\/v2\/types\/product"}],"replies":[{"embeddable":true,"href":"https:\/\/aromasentia.com\/sv\/wp-json\/wp\/v2\/comments?post=216516"}],"version-history":[{"count":0,"href":"https:\/\/aromasentia.com\/sv\/wp-json\/wp\/v2\/product\/216516\/revisions"}],"wp:featuredmedia":[{"embeddable":true,"href":"https:\/\/aromasentia.com\/sv\/wp-json\/wp\/v2\/media\/273224"}],"wp:attachment":[{"href":"https:\/\/aromasentia.com\/sv\/wp-json\/wp\/v2\/media?parent=216516"}],"wp:term":[{"taxonomy":"product_brand","embeddable":true,"href":"https:\/\/aromasentia.com\/sv\/wp-json\/wp\/v2\/product_brand?post=216516"},{"taxonomy":"product_cat","embeddable":true,"href":"https:\/\/aromasentia.com\/sv\/wp-json\/wp\/v2\/product_cat?post=216516"},{"taxonomy":"product_tag","embeddable":true,"href":"https:\/\/aromasentia.com\/sv\/wp-json\/wp\/v2\/product_tag?post=216516"}],"curies":[{"name":"wp","href":"https:\/\/api.w.org\/{rel}","templated":true}]}}