{"id":216507,"date":"2025-03-20T16:20:34","date_gmt":"2025-03-20T16:20:34","guid":{"rendered":"https:\/\/aromasentia.com\/product\/vanilla-olive-oil-soap\/"},"modified":"2025-12-31T15:44:04","modified_gmt":"2025-12-31T15:44:04","slug":"vanilj-olivtval-olivoljetval","status":"publish","type":"product","link":"https:\/\/aromasentia.com\/sv\/vanilj-olivtval-olivoljetval\/","title":{"rendered":"Vanilj &#8211; Olivtv\u00e5l \/ Olivoljetv\u00e5l"},"content":{"rendered":"<p>Den h\u00e4r tv\u00e5len inneh\u00e5ller vanilj och kokosn\u00f6tsolja. Kokosolja inneh\u00e5ller laurinsyra, en fettsyra, som har omstrukturerande egenskaper och ger huden fukt, skydd och mjukhet.<\/p>\n<p>Hantverkstv\u00e5lar \u00e4r handgjorda med traditionell kallprocessmetod. De \u00e4r inte bara vackra, utan de \u00e4r ocks\u00e5 extremt anv\u00e4ndbara p\u00e5 m\u00e5nga s\u00e4tt. De \u00e4r gjorda f\u00f6r att vara bra f\u00f6r b\u00e5de dig och milj\u00f6n. Varje tv\u00e5l har speciella egenskaper som har att g\u00f6ra med de eteriska oljor och andra naturliga ingredienser som ing\u00e5r. Kallprocess tv\u00e5ltillverkning bevarar vitaminer, mineraler och enzymer fr\u00e5n premium, naturliga ingredienser.&nbsp;<\/p>\n<p> Korrekt tillverkad med vegetabiliska oljor, handgjorda hantverkstv\u00e5lar erbjuder ett h\u00e4lsosammare alternativ f\u00f6r bad och \u00f6vergripande hudv\u00e5rd.<\/p>\n","protected":false},"excerpt":{"rendered":"<p>Den h\u00e4r tv\u00e5len inneh\u00e5ller vanilj och kokosn\u00f6tsolja. Kokosolja inneh\u00e5ller laurinsyra, en fettsyra, som har omstrukturerande egenskaper och ger huden fukt, skydd och mjukhet. Hantverkstv\u00e5lar \u00e4r handgjorda med traditionell kallprocessmetod. De \u00e4r inte bara vackra, utan de \u00e4r ocks\u00e5 extremt anv\u00e4ndbara p\u00e5 m\u00e5nga s\u00e4tt. De \u00e4r gjorda f\u00f6r att vara bra f\u00f6r b\u00e5de dig och milj\u00f6n. [&hellip;]<\/p>\n","protected":false},"featured_media":273767,"comment_status":"closed","ping_status":"open","template":"","meta":{"_angie_page":false},"product_brand":[],"product_cat":[12600,12884],"product_tag":[],"class_list":{"0":"post-216507","1":"product","2":"type-product","3":"status-publish","4":"has-post-thumbnail","6":"product_cat-bad-och-dusch","7":"product_cat-naturliga-tvalar","8":"pa_collection-artisan-olive-oil-soaps-1-25kg-and-slices-sv","9":"pa_made-in-spanien","11":"first","12":"instock","13":"purchasable","14":"product-type-simple"},"supplier_id":null,"supplier_sku":"ArtS-14L","barcode":null,"atum_controlled":true,"out_stock_date":null,"out_stock_threshold":null,"inheritable":false,"inbound_stock":null,"stock_on_hold":0,"sold_today":0,"sales_last_days":0,"reserved_stock":null,"customer_returns":null,"warehouse_damage":null,"lost_in_post":null,"other_logs":null,"out_stock_days":0,"lost_sales":0,"has_location":null,"update_date":"2026-05-08T05:03:47","atum_locations":[],"atum_stock_status":"instock","restock_status":false,"low_stock_amount":"","sales_update_date":"2026-01-30T01:24:43","calc_backorders":null,"_links":{"self":[{"href":"https:\/\/aromasentia.com\/sv\/wp-json\/wp\/v2\/product\/216507","targetHints":{"allow":["GET"]}}],"collection":[{"href":"https:\/\/aromasentia.com\/sv\/wp-json\/wp\/v2\/product"}],"about":[{"href":"https:\/\/aromasentia.com\/sv\/wp-json\/wp\/v2\/types\/product"}],"replies":[{"embeddable":true,"href":"https:\/\/aromasentia.com\/sv\/wp-json\/wp\/v2\/comments?post=216507"}],"version-history":[{"count":0,"href":"https:\/\/aromasentia.com\/sv\/wp-json\/wp\/v2\/product\/216507\/revisions"}],"wp:featuredmedia":[{"embeddable":true,"href":"https:\/\/aromasentia.com\/sv\/wp-json\/wp\/v2\/media\/273767"}],"wp:attachment":[{"href":"https:\/\/aromasentia.com\/sv\/wp-json\/wp\/v2\/media?parent=216507"}],"wp:term":[{"taxonomy":"product_brand","embeddable":true,"href":"https:\/\/aromasentia.com\/sv\/wp-json\/wp\/v2\/product_brand?post=216507"},{"taxonomy":"product_cat","embeddable":true,"href":"https:\/\/aromasentia.com\/sv\/wp-json\/wp\/v2\/product_cat?post=216507"},{"taxonomy":"product_tag","embeddable":true,"href":"https:\/\/aromasentia.com\/sv\/wp-json\/wp\/v2\/product_tag?post=216507"}],"curies":[{"name":"wp","href":"https:\/\/api.w.org\/{rel}","templated":true}]}}