{"id":216504,"date":"2025-03-20T16:20:34","date_gmt":"2025-03-20T16:20:34","guid":{"rendered":"https:\/\/aromasentia.com\/product\/aloe-vera-olive-oil-soap\/"},"modified":"2025-12-31T15:43:56","modified_gmt":"2025-12-31T15:43:56","slug":"aloe-vera-olivtval-olivoljetval","status":"publish","type":"product","link":"https:\/\/aromasentia.com\/sv\/aloe-vera-olivtval-olivoljetval\/","title":{"rendered":"Aloe Vera &#8211; Olivtv\u00e5l \/ Olivoljetv\u00e5l"},"content":{"rendered":"<p>Aloe Vera fr\u00e4mjar regenerering av huden och lugnar s\u00e5r, br\u00e4nnskador, eksem, psoriasis, akne och hematom. Rekommenderas \u00e4ven efter solbad, rakning eller vaxning. Dessutom \u00e4r det antiviralt, antibakteriellt och svampd\u00f6dande.<\/p>\n<p>Artisan-tv\u00e5lar \u00e4r handgjorda med traditionell kallprocessmetod. De \u00e4r inte bara vackra, utan de \u00e4r ocks\u00e5 extremt anv\u00e4ndbara p\u00e5 m\u00e5nga s\u00e4tt. De \u00e4r gjorda f\u00f6r att vara bra f\u00f6r b\u00e5de dig och milj\u00f6n. Varje tv\u00e5l har speciella egenskaper som har att g\u00f6ra med de eteriska oljor och andra naturliga ingredienser som ing\u00e5r. Kallprocess tv\u00e5ltillverkning bevarar vitaminer, mineraler och enzymer fr\u00e5n premium, naturliga ingredienser.&nbsp;<\/p>\n<p> Korrekt tillverkad med vegetabiliska oljor, handgjorda hantverkstv\u00e5lar erbjuder ett h\u00e4lsosammare alternativ f\u00f6r bad och \u00f6vergripande hudv\u00e5rd.<\/p>\n","protected":false},"excerpt":{"rendered":"<p>Aloe Vera fr\u00e4mjar regenerering av huden och lugnar s\u00e5r, br\u00e4nnskador, eksem, psoriasis, akne och hematom. Rekommenderas \u00e4ven efter solbad, rakning eller vaxning. Dessutom \u00e4r det antiviralt, antibakteriellt och svampd\u00f6dande. Artisan-tv\u00e5lar \u00e4r handgjorda med traditionell kallprocessmetod. De \u00e4r inte bara vackra, utan de \u00e4r ocks\u00e5 extremt anv\u00e4ndbara p\u00e5 m\u00e5nga s\u00e4tt. De \u00e4r gjorda f\u00f6r att vara [&hellip;]<\/p>\n","protected":false},"featured_media":273684,"comment_status":"closed","ping_status":"open","template":"","meta":{"_angie_page":false},"product_brand":[],"product_cat":[26576,12600,25845,26843,12884],"product_tag":[],"class_list":{"0":"post-216504","1":"product","2":"type-product","3":"status-publish","4":"has-post-thumbnail","6":"product_cat-aloe-vera","7":"product_cat-bad-och-dusch","8":"product_cat-dofter-aromer","9":"product_cat-frasch-ren","10":"product_cat-naturliga-tvalar","11":"pa_collection-artisan-olive-oil-soaps-1-25kg-and-slices-sv","12":"pa_made-in-spanien","14":"first","15":"instock","16":"purchasable","17":"product-type-simple"},"supplier_id":null,"supplier_sku":"ArtS-09L","barcode":null,"atum_controlled":true,"out_stock_date":null,"out_stock_threshold":null,"inheritable":false,"inbound_stock":null,"stock_on_hold":0,"sold_today":0,"sales_last_days":0,"reserved_stock":null,"customer_returns":null,"warehouse_damage":null,"lost_in_post":null,"other_logs":null,"out_stock_days":0,"lost_sales":0,"has_location":null,"update_date":"2026-05-01T01:01:55","atum_locations":[],"atum_stock_status":"instock","restock_status":false,"low_stock_amount":"","sales_update_date":"2025-10-09T03:23:42","calc_backorders":null,"_links":{"self":[{"href":"https:\/\/aromasentia.com\/sv\/wp-json\/wp\/v2\/product\/216504","targetHints":{"allow":["GET"]}}],"collection":[{"href":"https:\/\/aromasentia.com\/sv\/wp-json\/wp\/v2\/product"}],"about":[{"href":"https:\/\/aromasentia.com\/sv\/wp-json\/wp\/v2\/types\/product"}],"replies":[{"embeddable":true,"href":"https:\/\/aromasentia.com\/sv\/wp-json\/wp\/v2\/comments?post=216504"}],"version-history":[{"count":0,"href":"https:\/\/aromasentia.com\/sv\/wp-json\/wp\/v2\/product\/216504\/revisions"}],"wp:featuredmedia":[{"embeddable":true,"href":"https:\/\/aromasentia.com\/sv\/wp-json\/wp\/v2\/media\/273684"}],"wp:attachment":[{"href":"https:\/\/aromasentia.com\/sv\/wp-json\/wp\/v2\/media?parent=216504"}],"wp:term":[{"taxonomy":"product_brand","embeddable":true,"href":"https:\/\/aromasentia.com\/sv\/wp-json\/wp\/v2\/product_brand?post=216504"},{"taxonomy":"product_cat","embeddable":true,"href":"https:\/\/aromasentia.com\/sv\/wp-json\/wp\/v2\/product_cat?post=216504"},{"taxonomy":"product_tag","embeddable":true,"href":"https:\/\/aromasentia.com\/sv\/wp-json\/wp\/v2\/product_tag?post=216504"}],"curies":[{"name":"wp","href":"https:\/\/api.w.org\/{rel}","templated":true}]}}