{"id":216497,"date":"2025-03-20T16:20:34","date_gmt":"2025-03-20T16:20:34","guid":{"rendered":"https:\/\/aromasentia.com\/product\/aromatherapy-shower-steamer-80g-post-workout\/"},"modified":"2025-12-31T15:43:56","modified_gmt":"2025-12-31T15:43:56","slug":"aromaterapi-duschtabletter-80g-efter-traningspasset","status":"publish","type":"product","link":"https:\/\/aromasentia.com\/sv\/aromaterapi-duschtabletter-80g-efter-traningspasset\/","title":{"rendered":"Aromaterapi Duschtabletter 80g &#8211; Efter Tr\u00e4ningspasset"},"content":{"rendered":"<p style=\"text-align: justify;\">V\u00e5ra duschtabletter ger en spaliknande aromatisk milj\u00f6 f\u00f6r dina kunder, som en badbomb f\u00f6r duschen. Med v\u00e5ra duschtabletter i grossistledet kan du ut\u00f6ka ditt utbud till dem som inte har ett bad och ge dem samma \u00f6verseende och uppfriskande upplevelse.<\/p>\n<p style=\"text-align: justify;\">Duschtabletterna \u00e4r speciellt framtagna med en blandning av eteriska oljor, inklusive pepparmynta och eukalyptus, f\u00f6r att ge en uppfriskande och vitaliserande duschupplevelse. Placera helt enkelt en duschtablett p\u00e5 golvet i duschen och l\u00e5t \u00e5ngan aktivera de eteriska oljorna och fylla duschen med en energigivande arom.&nbsp;<\/p>\n<p style=\"text-align: justify;\">V\u00e5ra <strong>16x Aromaterapi Duschtabletter 80g &#8211; Efter Tr\u00e4ningspasser<\/strong> \u00e4r perfekta f\u00f6r alla spa- eller sk\u00f6nhetsf\u00f6retag som vill erbjuda ett naturligt och effektivt s\u00e4tt f\u00f6r kunderna att \u00e5terh\u00e4mta sig fr\u00e5n sin tr\u00f6tthet efter tr\u00e4ningen.<\/p>\n<p style=\"text-align: justify;\"><strong><span style=\"color: rgb(84, 172, 210);\">Ge dina kunder n\u00e5got nytt och uppdatera f\u00f6rs\u00e4ljningen idag!<\/span><\/strong><\/p>\n","protected":false},"excerpt":{"rendered":"<p>V\u00e5ra duschtabletter ger en spaliknande aromatisk milj\u00f6 f\u00f6r dina kunder, som en badbomb f\u00f6r duschen. Med v\u00e5ra duschtabletter i grossistledet kan du ut\u00f6ka ditt utbud till dem som inte har ett bad och ge dem samma \u00f6verseende och uppfriskande upplevelse. Duschtabletterna \u00e4r speciellt framtagna med en blandning av eteriska oljor, inklusive pepparmynta och eukalyptus, f\u00f6r [&hellip;]<\/p>\n","protected":false},"featured_media":273509,"comment_status":"closed","ping_status":"open","template":"","meta":{"_angie_page":false},"product_brand":[],"product_cat":[12600,12864],"product_tag":[],"class_list":{"0":"post-216497","1":"product","2":"type-product","3":"status-publish","4":"has-post-thumbnail","6":"product_cat-bad-och-dusch","7":"product_cat-badbomber","8":"pa_collection-aromatherapy-shower-steamers-sv","9":"pa_made-in-storbritannien","10":"pa_size-80g","12":"first","13":"instock","14":"purchasable","15":"product-type-simple"},"supplier_id":null,"supplier_sku":"AROSS-02a","barcode":null,"atum_controlled":true,"out_stock_date":null,"out_stock_threshold":null,"inheritable":false,"inbound_stock":null,"stock_on_hold":0,"sold_today":0,"sales_last_days":0,"reserved_stock":null,"customer_returns":null,"warehouse_damage":null,"lost_in_post":null,"other_logs":null,"out_stock_days":0,"lost_sales":0,"has_location":null,"update_date":"2026-05-11T01:55:49","atum_locations":[],"atum_stock_status":"instock","restock_status":false,"low_stock_amount":"","sales_update_date":"2025-10-09T03:23:29","calc_backorders":null,"_links":{"self":[{"href":"https:\/\/aromasentia.com\/sv\/wp-json\/wp\/v2\/product\/216497","targetHints":{"allow":["GET"]}}],"collection":[{"href":"https:\/\/aromasentia.com\/sv\/wp-json\/wp\/v2\/product"}],"about":[{"href":"https:\/\/aromasentia.com\/sv\/wp-json\/wp\/v2\/types\/product"}],"replies":[{"embeddable":true,"href":"https:\/\/aromasentia.com\/sv\/wp-json\/wp\/v2\/comments?post=216497"}],"version-history":[{"count":0,"href":"https:\/\/aromasentia.com\/sv\/wp-json\/wp\/v2\/product\/216497\/revisions"}],"wp:featuredmedia":[{"embeddable":true,"href":"https:\/\/aromasentia.com\/sv\/wp-json\/wp\/v2\/media\/273509"}],"wp:attachment":[{"href":"https:\/\/aromasentia.com\/sv\/wp-json\/wp\/v2\/media?parent=216497"}],"wp:term":[{"taxonomy":"product_brand","embeddable":true,"href":"https:\/\/aromasentia.com\/sv\/wp-json\/wp\/v2\/product_brand?post=216497"},{"taxonomy":"product_cat","embeddable":true,"href":"https:\/\/aromasentia.com\/sv\/wp-json\/wp\/v2\/product_cat?post=216497"},{"taxonomy":"product_tag","embeddable":true,"href":"https:\/\/aromasentia.com\/sv\/wp-json\/wp\/v2\/product_tag?post=216497"}],"curies":[{"name":"wp","href":"https:\/\/api.w.org\/{rel}","templated":true}]}}