{"id":216496,"date":"2025-03-20T16:20:34","date_gmt":"2025-03-20T16:20:34","guid":{"rendered":"https:\/\/aromasentia.com\/product\/aromatherapy-shower-steamer-80g-focus-booster\/"},"modified":"2025-12-31T15:43:56","modified_gmt":"2025-12-31T15:43:56","slug":"aromaterapi-duschtabletter-80g-battre-fokus","status":"publish","type":"product","link":"https:\/\/aromasentia.com\/sv\/aromaterapi-duschtabletter-80g-battre-fokus\/","title":{"rendered":"Aromaterapi Duschtabletter 80g &#8211; B\u00e4ttre Fokus"},"content":{"rendered":"<p style=\"text-align: justify;\">Placera helt enkelt duschtabletten p\u00e5 golvet i duschen och l\u00e5t \u00e5ngan aktivera de eteriska oljorna och fylla rummet med en uppfriskande doft som hj\u00e4lper till att v\u00e4cka sinnena och \u00f6ka produktiviteten.&nbsp;<\/p>\n<p style=\"text-align: justify;\">Dessa duschtabletter \u00e4r inte bara ett utm\u00e4rkt s\u00e4tt att hj\u00e4lpa dina kunder att b\u00f6rja sin dag p\u00e5 r\u00e4tt s\u00e4tt. De \u00e4r ocks\u00e5 en fantastisk present till studenter, professionella eller alla som vill f\u00f6rb\u00e4ttra sin mentala prestation. Missa inte m\u00f6jligheten att erbjuda denna fantastiska produkt till dina kunder.&nbsp;<\/p>\n<p style=\"text-align: justify;\"><strong><span style=\"color: rgb(84, 172, 210);\">L\u00e4gg din best\u00e4llning och ta din spa- eller sk\u00f6nhetsverksamhet till n\u00e4sta niv\u00e5 med v\u00e5ra m\u00e5ngsidiga och praktiska duschtabletter!<\/span><\/strong><\/p>\n","protected":false},"excerpt":{"rendered":"<p>Placera helt enkelt duschtabletten p\u00e5 golvet i duschen och l\u00e5t \u00e5ngan aktivera de eteriska oljorna och fylla rummet med en uppfriskande doft som hj\u00e4lper till att v\u00e4cka sinnena och \u00f6ka produktiviteten.&nbsp; Dessa duschtabletter \u00e4r inte bara ett utm\u00e4rkt s\u00e4tt att hj\u00e4lpa dina kunder att b\u00f6rja sin dag p\u00e5 r\u00e4tt s\u00e4tt. De \u00e4r ocks\u00e5 en fantastisk [&hellip;]<\/p>\n","protected":false},"featured_media":273484,"comment_status":"closed","ping_status":"open","template":"","meta":{"_angie_page":false},"product_brand":[],"product_cat":[12600,12864],"product_tag":[],"class_list":{"0":"post-216496","1":"product","2":"type-product","3":"status-publish","4":"has-post-thumbnail","6":"product_cat-bad-och-dusch","7":"product_cat-badbomber","8":"pa_collection-aromatherapy-shower-steamers-sv","9":"pa_made-in-storbritannien","10":"pa_size-80g","12":"first","13":"instock","14":"purchasable","15":"product-type-simple"},"supplier_id":null,"supplier_sku":"AROSS-03a","barcode":null,"atum_controlled":true,"out_stock_date":null,"out_stock_threshold":null,"inheritable":false,"inbound_stock":null,"stock_on_hold":0,"sold_today":0,"sales_last_days":0,"reserved_stock":null,"customer_returns":null,"warehouse_damage":null,"lost_in_post":null,"other_logs":null,"out_stock_days":0,"lost_sales":0,"has_location":null,"update_date":"2026-05-08T05:03:47","atum_locations":[],"atum_stock_status":"instock","restock_status":false,"low_stock_amount":"","sales_update_date":"2025-10-09T03:23:29","calc_backorders":null,"_links":{"self":[{"href":"https:\/\/aromasentia.com\/sv\/wp-json\/wp\/v2\/product\/216496","targetHints":{"allow":["GET"]}}],"collection":[{"href":"https:\/\/aromasentia.com\/sv\/wp-json\/wp\/v2\/product"}],"about":[{"href":"https:\/\/aromasentia.com\/sv\/wp-json\/wp\/v2\/types\/product"}],"replies":[{"embeddable":true,"href":"https:\/\/aromasentia.com\/sv\/wp-json\/wp\/v2\/comments?post=216496"}],"version-history":[{"count":0,"href":"https:\/\/aromasentia.com\/sv\/wp-json\/wp\/v2\/product\/216496\/revisions"}],"wp:featuredmedia":[{"embeddable":true,"href":"https:\/\/aromasentia.com\/sv\/wp-json\/wp\/v2\/media\/273484"}],"wp:attachment":[{"href":"https:\/\/aromasentia.com\/sv\/wp-json\/wp\/v2\/media?parent=216496"}],"wp:term":[{"taxonomy":"product_brand","embeddable":true,"href":"https:\/\/aromasentia.com\/sv\/wp-json\/wp\/v2\/product_brand?post=216496"},{"taxonomy":"product_cat","embeddable":true,"href":"https:\/\/aromasentia.com\/sv\/wp-json\/wp\/v2\/product_cat?post=216496"},{"taxonomy":"product_tag","embeddable":true,"href":"https:\/\/aromasentia.com\/sv\/wp-json\/wp\/v2\/product_tag?post=216496"}],"curies":[{"name":"wp","href":"https:\/\/api.w.org\/{rel}","templated":true}]}}