{"id":216454,"date":"2025-03-20T16:24:19","date_gmt":"2025-03-20T16:24:19","guid":{"rendered":"https:\/\/aromasentia.com\/product\/1x-bamboo-toothbrush-charcoal-medium-soft\/"},"modified":"2025-12-31T15:43:20","modified_gmt":"2025-12-31T15:43:20","slug":"tandborste-av-bambu-trakol-medium","status":"publish","type":"product","link":"https:\/\/aromasentia.com\/sv\/tandborste-av-bambu-trakol-medium\/","title":{"rendered":"Tandborste av Bambu &#8211; Tr\u00e4kol Medium"},"content":{"rendered":"<p style=\"text-align: justify;\"><strong>Detta paket inneh\u00e5ller 12 medelmjuka tandborstar.&nbsp;<\/strong><\/p>\n<p style=\"text-align: justify;\"><strong>Dessa Medelmjuka Bambu-tandborstar<\/strong> reng\u00f6r t\u00e4nderna lika bra som en vanlig plasttandborste, men \u00e4r mycket b\u00e4ttre f\u00f6r milj\u00f6n. Varje bambutandborste som dina kunder anv\u00e4nder inneb\u00e4r en plasttandborste mindre som sl\u00e4ngs.&nbsp;<\/p>\n<p style=\"text-align: justify;\">Varje tandborste \u00e4r individuellt inslagen f\u00f6r hand i en \u00e5tervinningsbar kartong. Tandborstarna inneh\u00e5ller medelmjuka borst, samt \u00e4r grymhetsfria och veganska. Gjorda av bambu, och borsten \u00e4r av nylon.&nbsp;<\/p>\n<p style=\"text-align: justify;\">Och varf\u00f6r bambu? Bambu \u00e4r v\u00e4rldens snabbaste naturligt f\u00f6rnybara resurs som ocks\u00e5 \u00e4r antimikrobiell, anti-svamp och antibakteriell.&nbsp;<\/p>\n<p style=\"text-align: justify;\"><strong><span style=\"color: rgb(84, 172, 210);\">Byt fr\u00e5n plast till bambu nu och r\u00e4dda v\u00e4rlden!<\/span><\/strong><\/p>\n","protected":false},"excerpt":{"rendered":"<p>Detta paket inneh\u00e5ller 12 medelmjuka tandborstar.&nbsp; Dessa Medelmjuka Bambu-tandborstar reng\u00f6r t\u00e4nderna lika bra som en vanlig plasttandborste, men \u00e4r mycket b\u00e4ttre f\u00f6r milj\u00f6n. Varje bambutandborste som dina kunder anv\u00e4nder inneb\u00e4r en plasttandborste mindre som sl\u00e4ngs.&nbsp; Varje tandborste \u00e4r individuellt inslagen f\u00f6r hand i en \u00e5tervinningsbar kartong. Tandborstarna inneh\u00e5ller medelmjuka borst, samt \u00e4r grymhetsfria och veganska. [&hellip;]<\/p>\n","protected":false},"featured_media":276652,"comment_status":"closed","ping_status":"open","template":"","meta":{"_angie_page":false},"product_brand":[],"product_cat":[12600],"product_tag":[],"class_list":{"0":"post-216454","1":"product","2":"type-product","3":"status-publish","4":"has-post-thumbnail","6":"product_cat-bad-och-dusch","7":"pa_collection-bamboo-toothbrush-bamboo-cotton-buds-sv","8":"pa_made-in-kina","10":"first","11":"instock","12":"purchasable","13":"product-type-simple"},"supplier_id":null,"supplier_sku":"BamTB-02","barcode":null,"atum_controlled":true,"out_stock_date":null,"out_stock_threshold":null,"inheritable":false,"inbound_stock":null,"stock_on_hold":0,"sold_today":0,"sales_last_days":0,"reserved_stock":null,"customer_returns":null,"warehouse_damage":null,"lost_in_post":null,"other_logs":null,"out_stock_days":0,"lost_sales":0,"has_location":null,"update_date":"2026-04-27T06:53:32","atum_locations":[],"atum_stock_status":"instock","restock_status":false,"low_stock_amount":"","sales_update_date":"2026-02-06T00:02:01","calc_backorders":null,"_links":{"self":[{"href":"https:\/\/aromasentia.com\/sv\/wp-json\/wp\/v2\/product\/216454","targetHints":{"allow":["GET"]}}],"collection":[{"href":"https:\/\/aromasentia.com\/sv\/wp-json\/wp\/v2\/product"}],"about":[{"href":"https:\/\/aromasentia.com\/sv\/wp-json\/wp\/v2\/types\/product"}],"replies":[{"embeddable":true,"href":"https:\/\/aromasentia.com\/sv\/wp-json\/wp\/v2\/comments?post=216454"}],"version-history":[{"count":0,"href":"https:\/\/aromasentia.com\/sv\/wp-json\/wp\/v2\/product\/216454\/revisions"}],"wp:featuredmedia":[{"embeddable":true,"href":"https:\/\/aromasentia.com\/sv\/wp-json\/wp\/v2\/media\/276652"}],"wp:attachment":[{"href":"https:\/\/aromasentia.com\/sv\/wp-json\/wp\/v2\/media?parent=216454"}],"wp:term":[{"taxonomy":"product_brand","embeddable":true,"href":"https:\/\/aromasentia.com\/sv\/wp-json\/wp\/v2\/product_brand?post=216454"},{"taxonomy":"product_cat","embeddable":true,"href":"https:\/\/aromasentia.com\/sv\/wp-json\/wp\/v2\/product_cat?post=216454"},{"taxonomy":"product_tag","embeddable":true,"href":"https:\/\/aromasentia.com\/sv\/wp-json\/wp\/v2\/product_tag?post=216454"}],"curies":[{"name":"wp","href":"https:\/\/api.w.org\/{rel}","templated":true}]}}