{"id":216441,"date":"2025-03-20T16:24:19","date_gmt":"2025-03-20T16:24:19","guid":{"rendered":"https:\/\/aromasentia.com\/product\/1-3kg-box-of-chill-pills-mango\/"},"modified":"2025-12-31T15:43:13","modified_gmt":"2025-12-31T15:43:13","slug":"1-3-kg-chill-pills-badbomber-mango","status":"publish","type":"product","link":"https:\/\/aromasentia.com\/sv\/1-3-kg-chill-pills-badbomber-mango\/","title":{"rendered":"1.3 Kg Chill Pills Badbomber &#8211; Mango"},"content":{"rendered":"<p style=\"text-align: justify;\">Vi presenterar det senaste tillskottet till din avkopplingsgsrutin: <strong>Badpiller<\/strong>. Dessa uts\u00f6kta badpiller kommer i ett urval av fina dofter, var och en i sin egen distinkta f\u00e4rg.&nbsp;<\/p>\n<p style=\"text-align: justify;\">Skapa en i\u00f6gonfallande uppvisning i din butik med v\u00e5r <strong>1.3 kg Badpiller<\/strong>. Dina kunder kommer inte att kunna motst\u00e5 dessa h\u00e4rliga sm\u00e5 badbomber, vilket g\u00f6r dem till ett m\u00e5ste f\u00f6r din butik.&nbsp;<\/p>\n<p style=\"text-align: justify;\">Ge dig ut p\u00e5 en sensorisk resa till en tropisk oas. Doften av solmogna mango tar dig till en h\u00e4ngmatta p\u00e5 en vit sandstrand, drickandes en fruktig drink medan du kopplar av.&nbsp;<\/p>\n<p style=\"text-align: justify;\">V\u00e4lj dina favoritdofter eller blanda och matcha f\u00f6r att skapa en personlig oas av avkoppling.&nbsp;<\/p>\n<p style=\"text-align: justify;\">Ocks\u00e5 perfekta f\u00f6r ett fotspa.&nbsp;<\/p>\n<p style=\"text-align: justify;\"><strong><span style=\"color: rgb(84, 172, 210);\">K\u00f6p en ask idag och uppt\u00e4ck den f\u00f6rtrollande v\u00e4rlden av badpiller!<\/span><\/strong><\/p>\n","protected":false},"excerpt":{"rendered":"<p>Vi presenterar det senaste tillskottet till din avkopplingsgsrutin: Badpiller. Dessa uts\u00f6kta badpiller kommer i ett urval av fina dofter, var och en i sin egen distinkta f\u00e4rg.&nbsp; Skapa en i\u00f6gonfallande uppvisning i din butik med v\u00e5r 1.3 kg Badpiller. Dina kunder kommer inte att kunna motst\u00e5 dessa h\u00e4rliga sm\u00e5 badbomber, vilket g\u00f6r dem till ett [&hellip;]<\/p>\n","protected":false},"featured_media":275109,"comment_status":"closed","ping_status":"open","template":"","meta":{"_angie_page":false},"product_brand":[],"product_cat":[12600,12864],"product_tag":[],"class_list":{"0":"post-216441","1":"product","2":"type-product","3":"status-publish","4":"has-post-thumbnail","6":"product_cat-bad-och-dusch","7":"product_cat-badbomber","8":"pa_collection-aw-chill-pills-1-3kg-display-box-sv","9":"pa_made-in-storbritannien","11":"first","12":"instock","13":"purchasable","14":"product-type-simple"},"supplier_id":null,"supplier_sku":"AWChill-01","barcode":null,"atum_controlled":true,"out_stock_date":null,"out_stock_threshold":null,"inheritable":false,"inbound_stock":null,"stock_on_hold":0,"sold_today":0,"sales_last_days":0,"reserved_stock":null,"customer_returns":null,"warehouse_damage":null,"lost_in_post":null,"other_logs":null,"out_stock_days":0,"lost_sales":0,"has_location":null,"update_date":"2026-04-30T13:09:32","atum_locations":[],"atum_stock_status":"instock","restock_status":false,"low_stock_amount":"","sales_update_date":"2025-10-09T03:24:08","calc_backorders":null,"_links":{"self":[{"href":"https:\/\/aromasentia.com\/sv\/wp-json\/wp\/v2\/product\/216441","targetHints":{"allow":["GET"]}}],"collection":[{"href":"https:\/\/aromasentia.com\/sv\/wp-json\/wp\/v2\/product"}],"about":[{"href":"https:\/\/aromasentia.com\/sv\/wp-json\/wp\/v2\/types\/product"}],"replies":[{"embeddable":true,"href":"https:\/\/aromasentia.com\/sv\/wp-json\/wp\/v2\/comments?post=216441"}],"version-history":[{"count":0,"href":"https:\/\/aromasentia.com\/sv\/wp-json\/wp\/v2\/product\/216441\/revisions"}],"wp:featuredmedia":[{"embeddable":true,"href":"https:\/\/aromasentia.com\/sv\/wp-json\/wp\/v2\/media\/275109"}],"wp:attachment":[{"href":"https:\/\/aromasentia.com\/sv\/wp-json\/wp\/v2\/media?parent=216441"}],"wp:term":[{"taxonomy":"product_brand","embeddable":true,"href":"https:\/\/aromasentia.com\/sv\/wp-json\/wp\/v2\/product_brand?post=216441"},{"taxonomy":"product_cat","embeddable":true,"href":"https:\/\/aromasentia.com\/sv\/wp-json\/wp\/v2\/product_cat?post=216441"},{"taxonomy":"product_tag","embeddable":true,"href":"https:\/\/aromasentia.com\/sv\/wp-json\/wp\/v2\/product_tag?post=216441"}],"curies":[{"name":"wp","href":"https:\/\/api.w.org\/{rel}","templated":true}]}}