{"id":216433,"date":"2025-03-20T16:25:36","date_gmt":"2025-03-20T16:25:36","guid":{"rendered":"https:\/\/aromasentia.com\/product\/grey-cloud-guest-soap-sea-moss\/"},"modified":"2025-12-31T15:43:05","modified_gmt":"2025-12-31T15:43:05","slug":"gasstvalar-i-form-av-moln-havsmossa","status":"publish","type":"product","link":"https:\/\/aromasentia.com\/sv\/gasstvalar-i-form-av-moln-havsmossa\/","title":{"rendered":"G\u00e4sstv\u00e5lar i Form av Moln &#8211; Havsmossa"},"content":{"rendered":"<p style=\"text-align: justify;\"><strong>Molnformade G\u00e4sttv\u00e5lar med doft av havsmossa i grossistledet<\/strong> &#8211; dessa minitv\u00e5lar f\u00e5r dina kunder att le och lukten av dem f\u00e5r dem att komma tillbaka f\u00f6r mer.&nbsp;<\/p>\n<p style=\"text-align: justify;\">V\u00e5ra s\u00f6ta sm\u00e5 g\u00e4sttv\u00e5lar \u00e4r en underbar produkt f\u00f6r utst\u00e4llning. De \u00e4r f\u00e4rgglada och doftar fantastiskt &#8211; fr\u00e4scht och uppfriskande &#8211; och kommer att locka kunder oavsett deras preferenser.<\/p>\n<p style=\"text-align: justify;\">Precis det r\u00e4tta f\u00f6r B&amp;B, pensionat eller som en liten g\u00e5va till br\u00f6llopsg\u00e4ster. G\u00e4sttv\u00e5larna v\u00e4ger ca 20 gram styck och m\u00e4ter ca 40 x 40 mm.&nbsp;<\/p>\n<p style=\"text-align: justify;\">V\u00e5ra g\u00e4sttv\u00e5lar \u00e4r dessutom SLS- och parabenfria.&nbsp;<\/p>\n<p style=\"text-align: justify;\">De s\u00e4ljs i utst\u00e4llningsl\u00e5da med 108 stycken och \u00e4r redo att placeras p\u00e5 dina hyllor.<\/p>\n","protected":false},"excerpt":{"rendered":"<p>Molnformade G\u00e4sttv\u00e5lar med doft av havsmossa i grossistledet &#8211; dessa minitv\u00e5lar f\u00e5r dina kunder att le och lukten av dem f\u00e5r dem att komma tillbaka f\u00f6r mer.&nbsp; V\u00e5ra s\u00f6ta sm\u00e5 g\u00e4sttv\u00e5lar \u00e4r en underbar produkt f\u00f6r utst\u00e4llning. De \u00e4r f\u00e4rgglada och doftar fantastiskt &#8211; fr\u00e4scht och uppfriskande &#8211; och kommer att locka kunder oavsett deras [&hellip;]<\/p>\n","protected":false},"featured_media":277367,"comment_status":"closed","ping_status":"open","template":"","meta":[],"product_brand":[],"product_cat":[12600,12884],"product_tag":[],"class_list":{"0":"post-216433","1":"product","2":"type-product","3":"status-publish","4":"has-post-thumbnail","6":"product_cat-bad-och-dusch","7":"product_cat-naturliga-tvalar","8":"pa_collection-shaped-guest-soaps-sv","9":"pa_made-in-storbritannien","11":"first","12":"outofstock","13":"purchasable","14":"product-type-simple"},"supplier_id":null,"supplier_sku":"AWGSoap-16","barcode":null,"atum_controlled":true,"out_stock_date":"2026-01-30 17:55:51","out_stock_threshold":null,"inheritable":false,"inbound_stock":null,"stock_on_hold":0,"sold_today":0,"sales_last_days":0,"reserved_stock":null,"customer_returns":null,"warehouse_damage":null,"lost_in_post":null,"other_logs":null,"out_stock_days":0,"lost_sales":0,"has_location":null,"update_date":"2026-01-30T17:55:53","atum_locations":[],"atum_stock_status":"outofstock","restock_status":false,"low_stock_amount":"","sales_update_date":"2026-01-30T01:26:25","calc_backorders":null,"_links":{"self":[{"href":"https:\/\/aromasentia.com\/sv\/wp-json\/wp\/v2\/product\/216433","targetHints":{"allow":["GET"]}}],"collection":[{"href":"https:\/\/aromasentia.com\/sv\/wp-json\/wp\/v2\/product"}],"about":[{"href":"https:\/\/aromasentia.com\/sv\/wp-json\/wp\/v2\/types\/product"}],"replies":[{"embeddable":true,"href":"https:\/\/aromasentia.com\/sv\/wp-json\/wp\/v2\/comments?post=216433"}],"version-history":[{"count":0,"href":"https:\/\/aromasentia.com\/sv\/wp-json\/wp\/v2\/product\/216433\/revisions"}],"wp:featuredmedia":[{"embeddable":true,"href":"https:\/\/aromasentia.com\/sv\/wp-json\/wp\/v2\/media\/277367"}],"wp:attachment":[{"href":"https:\/\/aromasentia.com\/sv\/wp-json\/wp\/v2\/media?parent=216433"}],"wp:term":[{"taxonomy":"product_brand","embeddable":true,"href":"https:\/\/aromasentia.com\/sv\/wp-json\/wp\/v2\/product_brand?post=216433"},{"taxonomy":"product_cat","embeddable":true,"href":"https:\/\/aromasentia.com\/sv\/wp-json\/wp\/v2\/product_cat?post=216433"},{"taxonomy":"product_tag","embeddable":true,"href":"https:\/\/aromasentia.com\/sv\/wp-json\/wp\/v2\/product_tag?post=216433"}],"curies":[{"name":"wp","href":"https:\/\/api.w.org\/{rel}","templated":true}]}}