{"id":216418,"date":"2025-03-20T16:25:36","date_gmt":"2025-03-20T16:25:36","guid":{"rendered":"https:\/\/aromasentia.com\/product\/strawberry-pavlova-bath-dust-200g\/"},"modified":"2025-12-31T15:42:58","modified_gmt":"2025-12-31T15:42:58","slug":"badpulver-jordgubbspavlova-190g","status":"publish","type":"product","link":"https:\/\/aromasentia.com\/sv\/badpulver-jordgubbspavlova-190g\/","title":{"rendered":"Badpulver &#8211; Jordgubbspavlova 190g"},"content":{"rendered":"<p style=\"text-align: justify;\">Dina kunder kommer ha sv\u00e5rt att motst\u00e5 denna aptitretande doft som p\u00e5minner om en nybakad pavlova, med dess inslag av mogna jordgubbar och fluffig konsistens. <\/p>\n<p style=\"text-align: justify;\">Badpulver har samma effekt som v\u00e5ra <a href=\"https:\/\/aromasentia.com\/jbb\" rel=\"noopener noreferrer\" target=\"_blank\"><strong>Stora Badbomber<\/strong><\/a>. Str\u00f6 bara s\u00e5 mycket pulver du vill i det varma vattnet och njut av en enorm brus och h\u00e4rlig doft!&nbsp;<\/p>\n<p style=\"text-align: justify;\">Badpulver \u00e4r gjort av en blandning av citronsyra och natriumbikarbonat f\u00f6r att mjuka upp vattnet. Dessutom inneh\u00e5ller det sheasm\u00f6r som g\u00f6r att huden k\u00e4nns mjuk och len.&nbsp;<\/p>\n<p style=\"text-align: justify;\">Dessa kan bli ett utm\u00e4rkt till\u00e4gg till ditt sortiment av badrumspresenter.&nbsp;<\/p>\n<p style=\"text-align: justify;\"><strong><span style=\"color: rgb(84, 172, 210);\">Best\u00e4ll nu och g\u00f6r varje badstund of\u00f6rgl\u00f6mlig!<\/span><\/strong><\/p>\n","protected":false},"excerpt":{"rendered":"<p>Dina kunder kommer ha sv\u00e5rt att motst\u00e5 denna aptitretande doft som p\u00e5minner om en nybakad pavlova, med dess inslag av mogna jordgubbar och fluffig konsistens. Badpulver har samma effekt som v\u00e5ra Stora Badbomber. Str\u00f6 bara s\u00e5 mycket pulver du vill i det varma vattnet och njut av en enorm brus och h\u00e4rlig doft!&nbsp; Badpulver \u00e4r [&hellip;]<\/p>\n","protected":false},"featured_media":277532,"comment_status":"closed","ping_status":"open","template":"","meta":{"_angie_page":false},"product_brand":[],"product_cat":[12600,12908,25845,26850,26549],"product_tag":[],"class_list":{"0":"post-216418","1":"product","2":"type-product","3":"status-publish","4":"has-post-thumbnail","6":"product_cat-bad-och-dusch","7":"product_cat-badsalt","8":"product_cat-dofter-aromer","9":"product_cat-fruktig","10":"product_cat-jordgubbar","11":"pa_collection-bath-dust-190g-sv","12":"pa_made-in-storbritannien","13":"pa_size-200g","15":"first","16":"instock","17":"purchasable","18":"product-type-simple"},"supplier_id":null,"supplier_sku":"BAS-32","barcode":null,"atum_controlled":true,"out_stock_date":null,"out_stock_threshold":null,"inheritable":false,"inbound_stock":null,"stock_on_hold":0,"sold_today":0,"sales_last_days":0,"reserved_stock":null,"customer_returns":null,"warehouse_damage":null,"lost_in_post":null,"other_logs":null,"out_stock_days":0,"lost_sales":0,"has_location":null,"update_date":"2026-04-27T06:53:55","atum_locations":[],"atum_stock_status":"instock","restock_status":false,"low_stock_amount":"","sales_update_date":"2025-10-09T03:25:40","calc_backorders":null,"_links":{"self":[{"href":"https:\/\/aromasentia.com\/sv\/wp-json\/wp\/v2\/product\/216418","targetHints":{"allow":["GET"]}}],"collection":[{"href":"https:\/\/aromasentia.com\/sv\/wp-json\/wp\/v2\/product"}],"about":[{"href":"https:\/\/aromasentia.com\/sv\/wp-json\/wp\/v2\/types\/product"}],"replies":[{"embeddable":true,"href":"https:\/\/aromasentia.com\/sv\/wp-json\/wp\/v2\/comments?post=216418"}],"version-history":[{"count":0,"href":"https:\/\/aromasentia.com\/sv\/wp-json\/wp\/v2\/product\/216418\/revisions"}],"wp:featuredmedia":[{"embeddable":true,"href":"https:\/\/aromasentia.com\/sv\/wp-json\/wp\/v2\/media\/277532"}],"wp:attachment":[{"href":"https:\/\/aromasentia.com\/sv\/wp-json\/wp\/v2\/media?parent=216418"}],"wp:term":[{"taxonomy":"product_brand","embeddable":true,"href":"https:\/\/aromasentia.com\/sv\/wp-json\/wp\/v2\/product_brand?post=216418"},{"taxonomy":"product_cat","embeddable":true,"href":"https:\/\/aromasentia.com\/sv\/wp-json\/wp\/v2\/product_cat?post=216418"},{"taxonomy":"product_tag","embeddable":true,"href":"https:\/\/aromasentia.com\/sv\/wp-json\/wp\/v2\/product_tag?post=216418"}],"curies":[{"name":"wp","href":"https:\/\/api.w.org\/{rel}","templated":true}]}}