{"id":216390,"date":"2025-03-20T16:29:32","date_gmt":"2025-03-20T16:29:32","guid":{"rendered":"https:\/\/aromasentia.com\/product\/pure-body-butter-90g-avocado-butter\/"},"modified":"2025-12-31T15:42:36","modified_gmt":"2025-12-31T15:42:36","slug":"rent-kroppssmor-90g-avokadosmor","status":"publish","type":"product","link":"https:\/\/aromasentia.com\/sv\/rent-kroppssmor-90g-avokadosmor\/","title":{"rendered":"Rent Kroppssm\u00f6r 90g &#8211; Avokadosm\u00f6r"},"content":{"rendered":"<p>AW Rent Avokadosm\u00f6r \u00e4r en rik k\u00e4lla till m\u00e5nga vitaminer; n\u00e4mligen A, D, E och B (inklusive folsyra), K och P, samt kalium, kalcium och j\u00e4rn.&nbsp;<\/p>\n<p style=\"text-align: justify;\">Det \u00e4r ingen doft tillsatt och den har bara en mycket l\u00e4tt eller neutral doft.&nbsp;<\/p>\n<p style=\"text-align: justify;\">Den \u00e4r fr\u00e4mst till\u00e4gnad personer med torr, mycket torr, uttorkad eller kombinerad hud. Tack vare dess mycket \u00e5terfuktande egenskaper lugnar den och ger n\u00e4ring effektivt till sprucken eller flagnande hud.&nbsp;<\/p>\n<p style=\"text-align: justify;\"><strong>F\u00f6rdelar<\/strong><strong>:&nbsp;<\/strong><\/p>\n<ul>\n<li style=\"text-align: justify;\">stimulerar kollagensyntesen&nbsp;<\/li>\n<li style=\"text-align: justify;\">\u00e5terfuktar p\u00e5 djupet och mjukar upp<\/li>\n<li style=\"text-align: justify;\">minskar fina rynkor&nbsp;<\/li>\n<li style=\"text-align: justify;\">stramar upp och tonar huden&nbsp;<\/li>\n<li style=\"text-align: justify;\">ger n\u00e4ring och fyller p\u00e5 hudens lipidbarri\u00e4r<\/li>\n<li style=\"text-align: justify;\">skyddar mot fria radikaler och yttre faktorer&nbsp;<\/li>\n<\/ul>\n<p style=\"text-align: justify;\"><strong>Anv\u00e4ndarinstruktioner:&nbsp;<\/strong>Reng\u00f6r huden i varm dusch eller bad f\u00f6re applicering f\u00f6r att \u00f6ppna upp porerna. Massera f\u00f6rsiktigt in en liten klick sm\u00f6r i huden. L\u00e5t sm\u00f6ret absorberas i n\u00e5gra minuter innan du kl\u00e4r p\u00e5 dig.&nbsp;<\/p>\n<p style=\"text-align: justify;\"><strong><span style=\"color: rgb(84, 172, 210);\">Best\u00e4ll idag och se hur popul\u00e4r denna produkt kommer att bli bland dina kunder!&nbsp;<\/span><\/strong><\/p>\n","protected":false},"excerpt":{"rendered":"<p>AW Rent Avokadosm\u00f6r \u00e4r en rik k\u00e4lla till m\u00e5nga vitaminer; n\u00e4mligen A, D, E och B (inklusive folsyra), K och P, samt kalium, kalcium och j\u00e4rn.&nbsp; Det \u00e4r ingen doft tillsatt och den har bara en mycket l\u00e4tt eller neutral doft.&nbsp; Den \u00e4r fr\u00e4mst till\u00e4gnad personer med torr, mycket torr, uttorkad eller kombinerad hud. Tack [&hellip;]<\/p>\n","protected":false},"featured_media":278554,"comment_status":"closed","ping_status":"open","template":"","meta":{"_angie_page":false},"product_brand":[],"product_cat":[12600,12984],"product_tag":[],"class_list":{"0":"post-216390","1":"product","2":"type-product","3":"status-publish","4":"has-post-thumbnail","6":"product_cat-bad-och-dusch","7":"product_cat-kroppsvard","8":"pa_collection-pure-body-butter-90-g-sv","9":"pa_made-in-storbritannien","10":"pa_size-90g","12":"first","13":"instock","14":"purchasable","15":"product-type-simple"},"supplier_id":null,"supplier_sku":"BB-03","barcode":null,"atum_controlled":true,"out_stock_date":null,"out_stock_threshold":null,"inheritable":false,"inbound_stock":null,"stock_on_hold":0,"sold_today":0,"sales_last_days":0,"reserved_stock":null,"customer_returns":null,"warehouse_damage":null,"lost_in_post":null,"other_logs":null,"out_stock_days":0,"lost_sales":0,"has_location":null,"update_date":"2026-04-29T18:50:32","atum_locations":[],"atum_stock_status":"instock","restock_status":false,"low_stock_amount":"","sales_update_date":"2026-01-30T01:24:56","calc_backorders":null,"_links":{"self":[{"href":"https:\/\/aromasentia.com\/sv\/wp-json\/wp\/v2\/product\/216390","targetHints":{"allow":["GET"]}}],"collection":[{"href":"https:\/\/aromasentia.com\/sv\/wp-json\/wp\/v2\/product"}],"about":[{"href":"https:\/\/aromasentia.com\/sv\/wp-json\/wp\/v2\/types\/product"}],"replies":[{"embeddable":true,"href":"https:\/\/aromasentia.com\/sv\/wp-json\/wp\/v2\/comments?post=216390"}],"version-history":[{"count":0,"href":"https:\/\/aromasentia.com\/sv\/wp-json\/wp\/v2\/product\/216390\/revisions"}],"wp:featuredmedia":[{"embeddable":true,"href":"https:\/\/aromasentia.com\/sv\/wp-json\/wp\/v2\/media\/278554"}],"wp:attachment":[{"href":"https:\/\/aromasentia.com\/sv\/wp-json\/wp\/v2\/media?parent=216390"}],"wp:term":[{"taxonomy":"product_brand","embeddable":true,"href":"https:\/\/aromasentia.com\/sv\/wp-json\/wp\/v2\/product_brand?post=216390"},{"taxonomy":"product_cat","embeddable":true,"href":"https:\/\/aromasentia.com\/sv\/wp-json\/wp\/v2\/product_cat?post=216390"},{"taxonomy":"product_tag","embeddable":true,"href":"https:\/\/aromasentia.com\/sv\/wp-json\/wp\/v2\/product_tag?post=216390"}],"curies":[{"name":"wp","href":"https:\/\/api.w.org\/{rel}","templated":true}]}}