{"id":216388,"date":"2025-03-20T16:29:32","date_gmt":"2025-03-20T16:29:32","guid":{"rendered":"https:\/\/aromasentia.com\/product\/pure-body-butter-90g-argan\/"},"modified":"2025-12-31T15:42:36","modified_gmt":"2025-12-31T15:42:36","slug":"rent-kroppssmor-90g-argan","status":"publish","type":"product","link":"https:\/\/aromasentia.com\/sv\/rent-kroppssmor-90g-argan\/","title":{"rendered":"Rent Kroppssm\u00f6r 90g &#8211; Argan"},"content":{"rendered":"<p style=\"text-align: justify;\"><strong>AW Rent Argan Kroppssm\u00f6r&nbsp;<\/strong>\u00e4r baserat p\u00e5 arganolja. Det \u00e4r ingen doft tillsatt och det har bara en mycket l\u00e4tt eller neutral doft.&nbsp;<\/p>\n<p style=\"text-align: justify;\">Arganolja som produceras av fr\u00f6n fr\u00e5n argantr\u00e4det, endemisk f\u00f6r Marocko, \u00e4r uppskattad f\u00f6r sina n\u00e4ringsm\u00e4ssiga och kosmetiska egenskaper.&nbsp;<\/p>\n<p style=\"text-align: justify;\">Arganolja har den enast\u00e5ende f\u00f6rm\u00e5gan att ge n\u00e4ring, \u00e5terfukta och \u00f6ka hudens elasticitet.&nbsp;<\/p>\n<p style=\"text-align: justify;\"><strong>Anv\u00e4ndarinstruktioner:&nbsp;<\/strong>Reng\u00f6r huden i varm dusch eller bad f\u00f6re applicering f\u00f6r att \u00f6ppna upp porerna. Massera f\u00f6rsiktigt in en liten klick sm\u00f6r i huden. L\u00e5t sm\u00f6ret absorberas i n\u00e5gra minuter innan du kl\u00e4r p\u00e5 dig.&nbsp;<\/p>\n<p style=\"text-align: justify;\"><strong><span style=\"color: rgb(84, 172, 210);\">Best\u00e4ll idag och se hur popul\u00e4ra dessa \u00e4r bland dina kunder!<\/span><\/strong> <\/p>\n","protected":false},"excerpt":{"rendered":"<p>AW Rent Argan Kroppssm\u00f6r&nbsp;\u00e4r baserat p\u00e5 arganolja. Det \u00e4r ingen doft tillsatt och det har bara en mycket l\u00e4tt eller neutral doft.&nbsp; Arganolja som produceras av fr\u00f6n fr\u00e5n argantr\u00e4det, endemisk f\u00f6r Marocko, \u00e4r uppskattad f\u00f6r sina n\u00e4ringsm\u00e4ssiga och kosmetiska egenskaper.&nbsp; Arganolja har den enast\u00e5ende f\u00f6rm\u00e5gan att ge n\u00e4ring, \u00e5terfukta och \u00f6ka hudens elasticitet.&nbsp; Anv\u00e4ndarinstruktioner:&nbsp;Reng\u00f6r huden [&hellip;]<\/p>\n","protected":false},"featured_media":278520,"comment_status":"closed","ping_status":"open","template":"","meta":{"_angie_page":false},"product_brand":[],"product_cat":[12600,12984],"product_tag":[],"class_list":{"0":"post-216388","1":"product","2":"type-product","3":"status-publish","4":"has-post-thumbnail","6":"product_cat-bad-och-dusch","7":"product_cat-kroppsvard","8":"pa_collection-pure-body-butter-90-g-sv","9":"pa_made-in-storbritannien","10":"pa_size-90g","12":"first","13":"instock","14":"purchasable","15":"product-type-simple"},"supplier_id":null,"supplier_sku":"BB-05","barcode":null,"atum_controlled":true,"out_stock_date":null,"out_stock_threshold":null,"inheritable":false,"inbound_stock":null,"stock_on_hold":0,"sold_today":0,"sales_last_days":0,"reserved_stock":null,"customer_returns":null,"warehouse_damage":null,"lost_in_post":null,"other_logs":null,"out_stock_days":0,"lost_sales":0,"has_location":null,"update_date":"2026-04-27T06:54:15","atum_locations":[],"atum_stock_status":"instock","restock_status":false,"low_stock_amount":"","sales_update_date":"2026-01-30T01:24:51","calc_backorders":null,"_links":{"self":[{"href":"https:\/\/aromasentia.com\/sv\/wp-json\/wp\/v2\/product\/216388","targetHints":{"allow":["GET"]}}],"collection":[{"href":"https:\/\/aromasentia.com\/sv\/wp-json\/wp\/v2\/product"}],"about":[{"href":"https:\/\/aromasentia.com\/sv\/wp-json\/wp\/v2\/types\/product"}],"replies":[{"embeddable":true,"href":"https:\/\/aromasentia.com\/sv\/wp-json\/wp\/v2\/comments?post=216388"}],"version-history":[{"count":0,"href":"https:\/\/aromasentia.com\/sv\/wp-json\/wp\/v2\/product\/216388\/revisions"}],"wp:featuredmedia":[{"embeddable":true,"href":"https:\/\/aromasentia.com\/sv\/wp-json\/wp\/v2\/media\/278520"}],"wp:attachment":[{"href":"https:\/\/aromasentia.com\/sv\/wp-json\/wp\/v2\/media?parent=216388"}],"wp:term":[{"taxonomy":"product_brand","embeddable":true,"href":"https:\/\/aromasentia.com\/sv\/wp-json\/wp\/v2\/product_brand?post=216388"},{"taxonomy":"product_cat","embeddable":true,"href":"https:\/\/aromasentia.com\/sv\/wp-json\/wp\/v2\/product_cat?post=216388"},{"taxonomy":"product_tag","embeddable":true,"href":"https:\/\/aromasentia.com\/sv\/wp-json\/wp\/v2\/product_tag?post=216388"}],"curies":[{"name":"wp","href":"https:\/\/api.w.org\/{rel}","templated":true}]}}