{"id":216387,"date":"2025-03-20T16:29:32","date_gmt":"2025-03-20T16:29:32","guid":{"rendered":"https:\/\/aromasentia.com\/product\/pure-body-butter-90g-aloe-vera\/"},"modified":"2025-12-31T15:42:36","modified_gmt":"2025-12-31T15:42:36","slug":"rent-kroppssmor-90g-aloe-vera","status":"publish","type":"product","link":"https:\/\/aromasentia.com\/sv\/rent-kroppssmor-90g-aloe-vera\/","title":{"rendered":"Rent Kroppssm\u00f6r 90g &#8211; Aloe Vera"},"content":{"rendered":"<p style=\"text-align: justify;\"><strong>AW Rent Aloe Vera Kroppssm\u00f6r&nbsp;<\/strong>har fuktgivande egenskaper, lugnar irritationer, st\u00f6djer regenereringen av epidermis, samt skyddar hud och h\u00e5r mot \u00f6verdriven vattenf\u00f6rlust.&nbsp;<\/p>\n<p style=\"text-align: justify;\">Aloe Vera anv\u00e4nds i kosmetika avsedd f\u00f6r hudv\u00e5rd efter h\u00e5rborttagning och efter att sola. Det \u00e4r ingen doft tillsatt och den har bara en mycket l\u00e4tt eller neutral doft.&nbsp;<\/p>\n<p style=\"text-align: justify;\"><strong>Anv\u00e4ndarinstruktioner:&nbsp;<\/strong><\/p>\n<p style=\"text-align: justify;\">Innan applicering, reng\u00f6r huden i varm dusch eller bad f\u00f6r att hj\u00e4lpa till att \u00f6ppna upp porerna. Massera f\u00f6rsiktigt in en liten klick sm\u00f6r i huden. L\u00e5t sm\u00f6ret absorberas i &nbsp;n\u00e5gra minuter innan du kl\u00e4r p\u00e5 dig.&nbsp;<\/p>\n<p style=\"text-align: justify;\">Sm\u00f6ret kan \u00e4ven appliceras direkt p\u00e5 topparna av h\u00e5ret. Aloe Vera Kroppssm\u00f6r mjukar upp h\u00e5rfj\u00e4ll, f\u00f6rhindrar slitna toppar, \u00e5terfuktar och regenererar h\u00e5rbotten.&nbsp;<\/p>\n<p style=\"text-align: justify;\"><strong>Hur anv\u00e4nder man Aloe Vera-sm\u00f6r i h\u00e5ret?&nbsp;<\/strong><\/p>\n<p style=\"text-align: justify;\">Du kan anv\u00e4nda Aloe Vera Kroppssm\u00f6ret som en n\u00e4rande h\u00e5rmask. Applicera det sm\u00e4lta sm\u00f6ret i h\u00e5ret, linda in h\u00e5ret med folie eller en handduk och v\u00e4nta i 15 minuter. Tv\u00e4tta h\u00e5ret noggrant efter proceduren. F\u00f6r b\u00e4ttre resultat, l\u00e4mna sm\u00f6ret i h\u00e5ret hela natten och tv\u00e4tta h\u00e5ret noggrant med schampo.<\/p>\n","protected":false},"excerpt":{"rendered":"<p>AW Rent Aloe Vera Kroppssm\u00f6r&nbsp;har fuktgivande egenskaper, lugnar irritationer, st\u00f6djer regenereringen av epidermis, samt skyddar hud och h\u00e5r mot \u00f6verdriven vattenf\u00f6rlust.&nbsp; Aloe Vera anv\u00e4nds i kosmetika avsedd f\u00f6r hudv\u00e5rd efter h\u00e5rborttagning och efter att sola. Det \u00e4r ingen doft tillsatt och den har bara en mycket l\u00e4tt eller neutral doft.&nbsp; Anv\u00e4ndarinstruktioner:&nbsp; Innan applicering, reng\u00f6r huden [&hellip;]<\/p>\n","protected":false},"featured_media":278503,"comment_status":"closed","ping_status":"open","template":"","meta":{"_angie_page":false},"product_brand":[],"product_cat":[26576,12600,25845,26843,12984],"product_tag":[],"class_list":{"0":"post-216387","1":"product","2":"type-product","3":"status-publish","4":"has-post-thumbnail","6":"product_cat-aloe-vera","7":"product_cat-bad-och-dusch","8":"product_cat-dofter-aromer","9":"product_cat-frasch-ren","10":"product_cat-kroppsvard","11":"pa_collection-pure-body-butter-90-g-sv","12":"pa_made-in-storbritannien","13":"pa_size-90g","15":"first","16":"instock","17":"purchasable","18":"product-type-simple"},"supplier_id":null,"supplier_sku":"BB-06","barcode":null,"atum_controlled":true,"out_stock_date":null,"out_stock_threshold":null,"inheritable":false,"inbound_stock":null,"stock_on_hold":0,"sold_today":0,"sales_last_days":0,"reserved_stock":null,"customer_returns":null,"warehouse_damage":null,"lost_in_post":null,"other_logs":null,"out_stock_days":0,"lost_sales":0,"has_location":null,"update_date":"2026-04-27T06:54:15","atum_locations":[],"atum_stock_status":"instock","restock_status":false,"low_stock_amount":"","sales_update_date":"2026-01-30T01:25:02","calc_backorders":null,"_links":{"self":[{"href":"https:\/\/aromasentia.com\/sv\/wp-json\/wp\/v2\/product\/216387","targetHints":{"allow":["GET"]}}],"collection":[{"href":"https:\/\/aromasentia.com\/sv\/wp-json\/wp\/v2\/product"}],"about":[{"href":"https:\/\/aromasentia.com\/sv\/wp-json\/wp\/v2\/types\/product"}],"replies":[{"embeddable":true,"href":"https:\/\/aromasentia.com\/sv\/wp-json\/wp\/v2\/comments?post=216387"}],"version-history":[{"count":0,"href":"https:\/\/aromasentia.com\/sv\/wp-json\/wp\/v2\/product\/216387\/revisions"}],"wp:featuredmedia":[{"embeddable":true,"href":"https:\/\/aromasentia.com\/sv\/wp-json\/wp\/v2\/media\/278503"}],"wp:attachment":[{"href":"https:\/\/aromasentia.com\/sv\/wp-json\/wp\/v2\/media?parent=216387"}],"wp:term":[{"taxonomy":"product_brand","embeddable":true,"href":"https:\/\/aromasentia.com\/sv\/wp-json\/wp\/v2\/product_brand?post=216387"},{"taxonomy":"product_cat","embeddable":true,"href":"https:\/\/aromasentia.com\/sv\/wp-json\/wp\/v2\/product_cat?post=216387"},{"taxonomy":"product_tag","embeddable":true,"href":"https:\/\/aromasentia.com\/sv\/wp-json\/wp\/v2\/product_tag?post=216387"}],"curies":[{"name":"wp","href":"https:\/\/api.w.org\/{rel}","templated":true}]}}