{"id":216371,"date":"2025-03-20T16:30:10","date_gmt":"2025-03-20T16:30:10","guid":{"rendered":"https:\/\/aromasentia.com\/product\/bath-bomb-kit-alloy-satin\/"},"modified":"2025-12-31T15:42:21","modified_gmt":"2025-12-31T15:42:21","slug":"skapa-egna-badbomber-kit-alloy-satin","status":"publish","type":"product","link":"https:\/\/aromasentia.com\/sv\/skapa-egna-badbomber-kit-alloy-satin\/","title":{"rendered":"Skapa Egna Badbomber Kit &#8211; Alloy &#038; Satin"},"content":{"rendered":"<p style=\"text-align: justify;\">Sl\u00e4pp loss din kreativitet genom att blanda f\u00e4rger, salter och dofter i olika stilar f\u00f6r att skapa din perfekta sensoriska resa. Konsultera instruktionsguiden f\u00f6r inspiration och skapa precis den st\u00e4mning du \u00f6nskar!<\/p>\n<p style=\"text-align: justify;\">Dessa unika badbomber kan beh\u00e5llas f\u00f6r din egen avkoppling eller bli underbara presenter till n\u00e5gon annan. Uppgradera din badrutin med Ancient Wisdoms Badbomb-kit och njut av en avkopplande och f\u00f6ryngrande badupplevelse som aldrig f\u00f6rr!&nbsp;<\/p>\n<p style=\"text-align: justify;\"><strong>DYI-setet inneh\u00e5ller:&nbsp;<\/strong>torkade rosenblad, sm\u00e5 stj\u00e4rnor, 500g himalayasalt, 200g citronsyra, 2 olika formar f\u00f6r badbomber, 2 fantastiska dofter, 3 prim\u00e4ra f\u00e4rg\u00e4mnen och steg-f\u00f6r-steg-instruktioner.&nbsp;<\/p>\n<p style=\"text-align: justify;\"><strong>Instruktioner:&nbsp;<\/strong><\/p>\n<p style=\"text-align: justify;\">Steg 1: H\u00e4ll natriumbikarbonat och \u00f6nskad m\u00e4ngd himalayasalt, kronblad och sm\u00e5 stj\u00e4rnor i en tom sk\u00e5l.&nbsp;<\/p>\n<p style=\"text-align: justify;\">Steg 2: H\u00e4ll i 10ml vatten och blanda ihop tills blandningen b\u00f6rjar fastna. Om den k\u00e4nns torr, tills\u00e4tt ytterligare n\u00e5gra droppar vatten.&nbsp;<\/p>\n<p style=\"text-align: justify;\">Steg 3: Om du vill skapa flera varianter av badbomber, dela blandningen lika. Tills\u00e4tt f\u00e4rg- och doftoljan till din blandning\/blandningar och blanda noggrant innan du tills\u00e4tter citronsyra.&nbsp;<\/p>\n<p style=\"text-align: justify;\">Steg 4: Skopa blandningen i b\u00e5da sidorna av formen och pressa ordentligt.&nbsp;<\/p>\n<p style=\"text-align: justify;\">Steg 5: Kl\u00e4m sidorna av formen f\u00f6rsiktigt f\u00f6r att sl\u00e4ppa badbomben och st\u00e4ll \u00e5t sidan f\u00f6r att torka i 60 minuter.&nbsp;<\/p>\n<p style=\"text-align: justify;\"><strong><span style=\"color: rgb(84, 172, 210);\">\u00d6verraska en \u00e4lskad med dessa underbara skapelser. Skaffa ditt DIY Badbomb Kit idag!<\/span><\/strong><\/p>\n","protected":false},"excerpt":{"rendered":"<p>Sl\u00e4pp loss din kreativitet genom att blanda f\u00e4rger, salter och dofter i olika stilar f\u00f6r att skapa din perfekta sensoriska resa. Konsultera instruktionsguiden f\u00f6r inspiration och skapa precis den st\u00e4mning du \u00f6nskar! Dessa unika badbomber kan beh\u00e5llas f\u00f6r din egen avkoppling eller bli underbara presenter till n\u00e5gon annan. Uppgradera din badrutin med Ancient Wisdoms Badbomb-kit [&hellip;]<\/p>\n","protected":false},"featured_media":278915,"comment_status":"closed","ping_status":"open","template":"","meta":{"_angie_page":false},"product_brand":[],"product_cat":[12600,12864,12865],"product_tag":[],"class_list":{"0":"post-216371","1":"product","2":"type-product","3":"status-publish","4":"has-post-thumbnail","6":"product_cat-bad-och-dusch","7":"product_cat-badbomber","8":"product_cat-presentset","9":"pa_collection-bath-bomb-kit-diy-sv","10":"pa_made-in-storbritannien","12":"first","13":"outofstock","14":"purchasable","15":"product-type-simple"},"supplier_id":null,"supplier_sku":"BBKIT-02","barcode":null,"atum_controlled":true,"out_stock_date":"2026-04-25 15:13:31","out_stock_threshold":null,"inheritable":false,"inbound_stock":null,"stock_on_hold":0,"sold_today":0,"sales_last_days":0,"reserved_stock":null,"customer_returns":null,"warehouse_damage":null,"lost_in_post":null,"other_logs":null,"out_stock_days":0,"lost_sales":0,"has_location":null,"update_date":"2026-04-27T06:54:25","atum_locations":[],"atum_stock_status":"outofstock","restock_status":false,"low_stock_amount":"","sales_update_date":"2026-01-20T05:14:11","calc_backorders":null,"_links":{"self":[{"href":"https:\/\/aromasentia.com\/sv\/wp-json\/wp\/v2\/product\/216371","targetHints":{"allow":["GET"]}}],"collection":[{"href":"https:\/\/aromasentia.com\/sv\/wp-json\/wp\/v2\/product"}],"about":[{"href":"https:\/\/aromasentia.com\/sv\/wp-json\/wp\/v2\/types\/product"}],"replies":[{"embeddable":true,"href":"https:\/\/aromasentia.com\/sv\/wp-json\/wp\/v2\/comments?post=216371"}],"version-history":[{"count":0,"href":"https:\/\/aromasentia.com\/sv\/wp-json\/wp\/v2\/product\/216371\/revisions"}],"wp:featuredmedia":[{"embeddable":true,"href":"https:\/\/aromasentia.com\/sv\/wp-json\/wp\/v2\/media\/278915"}],"wp:attachment":[{"href":"https:\/\/aromasentia.com\/sv\/wp-json\/wp\/v2\/media?parent=216371"}],"wp:term":[{"taxonomy":"product_brand","embeddable":true,"href":"https:\/\/aromasentia.com\/sv\/wp-json\/wp\/v2\/product_brand?post=216371"},{"taxonomy":"product_cat","embeddable":true,"href":"https:\/\/aromasentia.com\/sv\/wp-json\/wp\/v2\/product_cat?post=216371"},{"taxonomy":"product_tag","embeddable":true,"href":"https:\/\/aromasentia.com\/sv\/wp-json\/wp\/v2\/product_tag?post=216371"}],"curies":[{"name":"wp","href":"https:\/\/api.w.org\/{rel}","templated":true}]}}