{"id":216364,"date":"2025-03-20T16:30:10","date_gmt":"2025-03-20T16:30:10","guid":{"rendered":"https:\/\/aromasentia.com\/product\/scented-shea-body-butter-90g-sweet-strawberry\/"},"modified":"2025-12-31T15:42:14","modified_gmt":"2025-12-31T15:42:14","slug":"doftande-shea-kroppssmor-90g-sot-jordgubbe","status":"publish","type":"product","link":"https:\/\/aromasentia.com\/sv\/doftande-shea-kroppssmor-90g-sot-jordgubbe\/","title":{"rendered":"Doftande Shea Kroppssm\u00f6r 90g &#8211; S\u00f6t Jordgubbe"},"content":{"rendered":"<p style=\"text-align: justify;\">Denna fantastiska <strong>Doftande Shea Kroppssm\u00f6r &#8211; S\u00f6t Jordgubbe&nbsp;<\/strong>inneh\u00e5ller doftolja och \u00e4r \u00e4ven veganskt, vilket g\u00f6r det perfekt f\u00f6r daglig anv\u00e4ndning efter bad eller dusch, s\u00e5v\u00e4l som f\u00f6r kroppsmassage.<\/p>\n<p style=\"text-align: justify;\">Koncentrationen av naturliga vitaminer och fettsyror i sheasm\u00f6r hj\u00e4lper till att \u00e5terfukta och ge n\u00e4ring till huden. Dess h\u00f6ga fetthalt g\u00f6r det till ett utm\u00e4rkt naturligt mjukg\u00f6rande och fuktbevarande medel, som l\u00e5ser in fukt och h\u00e5ller huden \u00e5terfuktad. Det ser till att hudens naturliga oljor bevaras.&nbsp;<\/p>\n<p style=\"text-align: justify;\"><strong>Anv\u00e4ndarinstruktioner:&nbsp;<\/strong>Reng\u00f6r huden i varm dusch eller bad f\u00f6re applicering f\u00f6r att \u00f6ppna upp porerna. Massera f\u00f6rsiktigt in en liten klick av v\u00e5rt doftande kroppssm\u00f6r i huden. L\u00e5t sm\u00f6ret absorberas i n\u00e5gra minuter innan du kl\u00e4r p\u00e5 dig.&nbsp;<\/p>\n<p style=\"text-align: justify;\"><strong><span style=\"color: rgb(84, 172, 210);\">Erbjud dina kunder denna n\u00f6dv\u00e4ndiga produkt f\u00f6r vardagen. Fyll p\u00e5 nu!<\/span><\/strong><\/p>\n","protected":false},"excerpt":{"rendered":"<p>Denna fantastiska Doftande Shea Kroppssm\u00f6r &#8211; S\u00f6t Jordgubbe&nbsp;inneh\u00e5ller doftolja och \u00e4r \u00e4ven veganskt, vilket g\u00f6r det perfekt f\u00f6r daglig anv\u00e4ndning efter bad eller dusch, s\u00e5v\u00e4l som f\u00f6r kroppsmassage. Koncentrationen av naturliga vitaminer och fettsyror i sheasm\u00f6r hj\u00e4lper till att \u00e5terfukta och ge n\u00e4ring till huden. Dess h\u00f6ga fetthalt g\u00f6r det till ett utm\u00e4rkt naturligt mjukg\u00f6rande [&hellip;]<\/p>\n","protected":false},"featured_media":278684,"comment_status":"closed","ping_status":"open","template":"","meta":{"_angie_page":false},"product_brand":[],"product_cat":[12600,25845,26850,26549,12984],"product_tag":[],"class_list":{"0":"post-216364","1":"product","2":"type-product","3":"status-publish","4":"has-post-thumbnail","6":"product_cat-bad-och-dusch","7":"product_cat-dofter-aromer","8":"product_cat-fruktig","9":"product_cat-jordgubbar","10":"product_cat-kroppsvard","11":"pa_collection-scented-shea-body-butter-90g-sv","12":"pa_made-in-storbritannien","13":"pa_size-90g","15":"first","16":"instock","17":"purchasable","18":"product-type-simple"},"supplier_id":null,"supplier_sku":"BBFO-05","barcode":null,"atum_controlled":true,"out_stock_date":null,"out_stock_threshold":null,"inheritable":false,"inbound_stock":null,"stock_on_hold":0,"sold_today":0,"sales_last_days":0,"reserved_stock":null,"customer_returns":null,"warehouse_damage":null,"lost_in_post":null,"other_logs":null,"out_stock_days":0,"lost_sales":0,"has_location":null,"update_date":"2026-05-04T00:02:50","atum_locations":[],"atum_stock_status":"instock","restock_status":false,"low_stock_amount":"","sales_update_date":"2025-10-09T03:25:59","calc_backorders":null,"_links":{"self":[{"href":"https:\/\/aromasentia.com\/sv\/wp-json\/wp\/v2\/product\/216364","targetHints":{"allow":["GET"]}}],"collection":[{"href":"https:\/\/aromasentia.com\/sv\/wp-json\/wp\/v2\/product"}],"about":[{"href":"https:\/\/aromasentia.com\/sv\/wp-json\/wp\/v2\/types\/product"}],"replies":[{"embeddable":true,"href":"https:\/\/aromasentia.com\/sv\/wp-json\/wp\/v2\/comments?post=216364"}],"version-history":[{"count":0,"href":"https:\/\/aromasentia.com\/sv\/wp-json\/wp\/v2\/product\/216364\/revisions"}],"wp:featuredmedia":[{"embeddable":true,"href":"https:\/\/aromasentia.com\/sv\/wp-json\/wp\/v2\/media\/278684"}],"wp:attachment":[{"href":"https:\/\/aromasentia.com\/sv\/wp-json\/wp\/v2\/media?parent=216364"}],"wp:term":[{"taxonomy":"product_brand","embeddable":true,"href":"https:\/\/aromasentia.com\/sv\/wp-json\/wp\/v2\/product_brand?post=216364"},{"taxonomy":"product_cat","embeddable":true,"href":"https:\/\/aromasentia.com\/sv\/wp-json\/wp\/v2\/product_cat?post=216364"},{"taxonomy":"product_tag","embeddable":true,"href":"https:\/\/aromasentia.com\/sv\/wp-json\/wp\/v2\/product_tag?post=216364"}],"curies":[{"name":"wp","href":"https:\/\/api.w.org\/{rel}","templated":true}]}}