{"id":216323,"date":"2025-03-20T16:33:42","date_gmt":"2025-03-20T16:33:42","guid":{"rendered":"https:\/\/aromasentia.com\/product\/chill-pills-gift-pack-350g-strawberry\/"},"modified":"2025-12-31T15:41:44","modified_gmt":"2025-12-31T15:41:44","slug":"chill-pills-badbomber-presentpaket-350g-jordgubbe","status":"publish","type":"product","link":"https:\/\/aromasentia.com\/sv\/chill-pills-badbomber-presentpaket-350g-jordgubbe\/","title":{"rendered":"Chill Pills Badbomber Presentpaket 350g &#8211; Jordgubbe"},"content":{"rendered":"<p style=\"text-align: justify;\"><strong>Jordgubbe Badpiller<\/strong> sl\u00e4pper l\u00f6s den h\u00e4rliga, solmogna doften av jordgubbar och erbjuder en s\u00f6t, nostalgisk doft som p\u00e5minner om lata sommardagar och saftiga jordgubbsplocknings-\u00e4ventyr.<\/p>\n<p style=\"text-align: justify;\">Varje f\u00f6rpackning inneh\u00e5ller 350g (ca 30 badpiller).&nbsp;<\/p>\n<p style=\"text-align: justify;\">F\u00f6r en sk\u00f6n badupplevelse rekommenderas att du anv\u00e4nder 5 badpiller per bad. Detta inneb\u00e4r att varje f\u00f6rpackning ger cirka 6 bad, vilket erbjuder stort v\u00e4rde f\u00f6r slutanv\u00e4ndaren.&nbsp;<\/p>\n<p style=\"text-align: justify;\">Ett badpiller v\u00e4ger cirka 12g.&nbsp;<\/p>\n<p style=\"text-align: justify;\">Tillverkade med stolthet och k\u00e4rlek i Storbritannien av AW Aromatics.&nbsp;<\/p>\n<p style=\"text-align: justify;\"><em>Handgjorda &#8211; Veganv\u00e4nliga &#8211; Pl\u00e5geri-fria &#8211; Plastfri f\u00f6rpackning<\/em><\/p>\n","protected":false},"excerpt":{"rendered":"<p>Jordgubbe Badpiller sl\u00e4pper l\u00f6s den h\u00e4rliga, solmogna doften av jordgubbar och erbjuder en s\u00f6t, nostalgisk doft som p\u00e5minner om lata sommardagar och saftiga jordgubbsplocknings-\u00e4ventyr. Varje f\u00f6rpackning inneh\u00e5ller 350g (ca 30 badpiller).&nbsp; F\u00f6r en sk\u00f6n badupplevelse rekommenderas att du anv\u00e4nder 5 badpiller per bad. Detta inneb\u00e4r att varje f\u00f6rpackning ger cirka 6 bad, vilket erbjuder stort [&hellip;]<\/p>\n","protected":false},"featured_media":279975,"comment_status":"closed","ping_status":"open","template":"","meta":{"_angie_page":false},"product_brand":[],"product_cat":[12600,12864,25845,26850,26549,12865],"product_tag":[],"class_list":{"0":"post-216323","1":"product","2":"type-product","3":"status-publish","4":"has-post-thumbnail","6":"product_cat-bad-och-dusch","7":"product_cat-badbomber","8":"product_cat-dofter-aromer","9":"product_cat-fruktig","10":"product_cat-jordgubbar","11":"product_cat-presentset","12":"pa_collection-chill-pills-gift-packs-350g-sv","13":"pa_made-in-storbritannien","14":"pa_size-350g","16":"first","17":"instock","18":"purchasable","19":"product-type-simple"},"supplier_id":null,"supplier_sku":"ChillP-14","barcode":null,"atum_controlled":true,"out_stock_date":null,"out_stock_threshold":null,"inheritable":false,"inbound_stock":null,"stock_on_hold":0,"sold_today":0,"sales_last_days":0,"reserved_stock":null,"customer_returns":null,"warehouse_damage":null,"lost_in_post":null,"other_logs":null,"out_stock_days":0,"lost_sales":0,"has_location":null,"update_date":"2026-05-08T05:06:09","atum_locations":[],"atum_stock_status":"instock","restock_status":false,"low_stock_amount":"","sales_update_date":"2026-01-20T05:13:47","calc_backorders":null,"_links":{"self":[{"href":"https:\/\/aromasentia.com\/sv\/wp-json\/wp\/v2\/product\/216323","targetHints":{"allow":["GET"]}}],"collection":[{"href":"https:\/\/aromasentia.com\/sv\/wp-json\/wp\/v2\/product"}],"about":[{"href":"https:\/\/aromasentia.com\/sv\/wp-json\/wp\/v2\/types\/product"}],"replies":[{"embeddable":true,"href":"https:\/\/aromasentia.com\/sv\/wp-json\/wp\/v2\/comments?post=216323"}],"version-history":[{"count":0,"href":"https:\/\/aromasentia.com\/sv\/wp-json\/wp\/v2\/product\/216323\/revisions"}],"wp:featuredmedia":[{"embeddable":true,"href":"https:\/\/aromasentia.com\/sv\/wp-json\/wp\/v2\/media\/279975"}],"wp:attachment":[{"href":"https:\/\/aromasentia.com\/sv\/wp-json\/wp\/v2\/media?parent=216323"}],"wp:term":[{"taxonomy":"product_brand","embeddable":true,"href":"https:\/\/aromasentia.com\/sv\/wp-json\/wp\/v2\/product_brand?post=216323"},{"taxonomy":"product_cat","embeddable":true,"href":"https:\/\/aromasentia.com\/sv\/wp-json\/wp\/v2\/product_cat?post=216323"},{"taxonomy":"product_tag","embeddable":true,"href":"https:\/\/aromasentia.com\/sv\/wp-json\/wp\/v2\/product_tag?post=216323"}],"curies":[{"name":"wp","href":"https:\/\/api.w.org\/{rel}","templated":true}]}}