{"id":216310,"date":"2025-03-20T16:35:30","date_gmt":"2025-03-20T16:35:30","guid":{"rendered":"https:\/\/aromasentia.com\/product\/charcoal-soap-85g-tea-tree\/"},"modified":"2025-12-31T15:41:37","modified_gmt":"2025-12-31T15:41:37","slug":"tval-med-aktivt-kol-85g-tetrad","status":"publish","type":"product","link":"https:\/\/aromasentia.com\/sv\/tval-med-aktivt-kol-85g-tetrad\/","title":{"rendered":"Tv\u00e5l med Aktivt Kol 85g &#8211; Tetr\u00e4d"},"content":{"rendered":"<p style=\"text-align: justify;\"><strong>Tv\u00e5l med Aktivt Kol i grossistledet &#8211; Tetr\u00e4d<\/strong>, med tillsatt arganolja, hampfr\u00f6olja och sheasm\u00f6r \u00e4r helt fantastisk.<\/p>\n<p style=\"text-align: justify;\">Den har f\u00f6rm\u00e5gan att reng\u00f6ra huden p\u00e5 djupet, ta bort alla orenheter fr\u00e5n porerna samtidigt som den h\u00e5ller huden \u00e5terfuktad och mjuk. Aktivt kol \u00e5terst\u00e4ller hudens naturliga balans och \u00e5terfuktar torr hud.&nbsp;<\/p>\n<p style=\"text-align: justify;\">F\u00f6rutom att den kan anv\u00e4ndas p\u00e5 kroppen, \u00e4r den ocks\u00e5 bra som ansiktsreng\u00f6ring. Tv\u00e5l med aktivt kol s\u00e4gs ocks\u00e5 avgifta och rena huden.&nbsp;<\/p>\n<p style=\"text-align: justify;\">Denna tv\u00e5l kommer att g\u00f6ra dina kunders hud j\u00e4mnare och lugna deras sinne. Dessutom \u00e4r den fri fr\u00e5n parabener, SLS &amp; palmolja.&nbsp;<\/p>\n<p style=\"text-align: justify;\"><strong>* Veganv\u00e4nlig * Grymhetsfri * Handgjord * Tillverkad i Storbritannien *&nbsp;<\/strong><\/p>\n<p style=\"text-align: justify;\"><strong><span style=\"color: rgb(84, 172, 210);\">Best\u00e4ll dessa trendiga tv\u00e5lar idag!<\/span><\/strong><\/p>\n","protected":false},"excerpt":{"rendered":"<p>Tv\u00e5l med Aktivt Kol i grossistledet &#8211; Tetr\u00e4d, med tillsatt arganolja, hampfr\u00f6olja och sheasm\u00f6r \u00e4r helt fantastisk. Den har f\u00f6rm\u00e5gan att reng\u00f6ra huden p\u00e5 djupet, ta bort alla orenheter fr\u00e5n porerna samtidigt som den h\u00e5ller huden \u00e5terfuktad och mjuk. Aktivt kol \u00e5terst\u00e4ller hudens naturliga balans och \u00e5terfuktar torr hud.&nbsp; F\u00f6rutom att den kan anv\u00e4ndas p\u00e5 [&hellip;]<\/p>\n","protected":false},"featured_media":280461,"comment_status":"closed","ping_status":"open","template":"","meta":[],"product_brand":[27069],"product_cat":[12600,25845,26871,12884,26067],"product_tag":[],"class_list":{"0":"post-216310","1":"product","2":"type-product","3":"status-publish","4":"has-post-thumbnail","6":"product_brand-aw-cosmetics","7":"product_cat-bad-och-dusch","8":"product_cat-dofter-aromer","9":"product_cat-medicinsk-kamferdoftande","10":"product_cat-naturliga-tvalar","11":"product_cat-tea-tree-tetrad","12":"pa_collection-charcoal-soap-bar-85g-sv","13":"pa_made-in-storbritannien","15":"first","16":"outofstock","17":"purchasable","18":"product-type-simple"},"supplier_id":null,"supplier_sku":"CHSB-04","barcode":null,"atum_controlled":true,"out_stock_date":"2025-12-02 15:19:52","out_stock_threshold":null,"inheritable":false,"inbound_stock":null,"stock_on_hold":0,"sold_today":0,"sales_last_days":0,"reserved_stock":null,"customer_returns":null,"warehouse_damage":null,"lost_in_post":null,"other_logs":null,"out_stock_days":65,"lost_sales":0,"has_location":null,"update_date":"2026-02-06T00:01:04","atum_locations":[],"atum_stock_status":"outofstock","restock_status":false,"low_stock_amount":"","sales_update_date":"2026-02-06T00:01:04","calc_backorders":null,"_links":{"self":[{"href":"https:\/\/aromasentia.com\/sv\/wp-json\/wp\/v2\/product\/216310","targetHints":{"allow":["GET"]}}],"collection":[{"href":"https:\/\/aromasentia.com\/sv\/wp-json\/wp\/v2\/product"}],"about":[{"href":"https:\/\/aromasentia.com\/sv\/wp-json\/wp\/v2\/types\/product"}],"replies":[{"embeddable":true,"href":"https:\/\/aromasentia.com\/sv\/wp-json\/wp\/v2\/comments?post=216310"}],"version-history":[{"count":0,"href":"https:\/\/aromasentia.com\/sv\/wp-json\/wp\/v2\/product\/216310\/revisions"}],"wp:featuredmedia":[{"embeddable":true,"href":"https:\/\/aromasentia.com\/sv\/wp-json\/wp\/v2\/media\/280461"}],"wp:attachment":[{"href":"https:\/\/aromasentia.com\/sv\/wp-json\/wp\/v2\/media?parent=216310"}],"wp:term":[{"taxonomy":"product_brand","embeddable":true,"href":"https:\/\/aromasentia.com\/sv\/wp-json\/wp\/v2\/product_brand?post=216310"},{"taxonomy":"product_cat","embeddable":true,"href":"https:\/\/aromasentia.com\/sv\/wp-json\/wp\/v2\/product_cat?post=216310"},{"taxonomy":"product_tag","embeddable":true,"href":"https:\/\/aromasentia.com\/sv\/wp-json\/wp\/v2\/product_tag?post=216310"}],"curies":[{"name":"wp","href":"https:\/\/api.w.org\/{rel}","templated":true}]}}