{"id":216304,"date":"2025-03-20T16:35:30","date_gmt":"2025-03-20T16:35:30","guid":{"rendered":"https:\/\/aromasentia.com\/product\/chill-pills-gift-pack-350g-frosted-sugar-plum\/"},"modified":"2025-12-31T15:41:29","modified_gmt":"2025-12-31T15:41:29","slug":"chill-pills-badbomber-presentpaket-350g-frostat-sockerplommon","status":"publish","type":"product","link":"https:\/\/aromasentia.com\/sv\/chill-pills-badbomber-presentpaket-350g-frostat-sockerplommon\/","title":{"rendered":"Chill Pills Badbomber Presentpaket 350g &#8211; Frostat Sockerplommon"},"content":{"rendered":"<p style=\"text-align: justify;\">Varje f\u00f6rpackning inneh\u00e5ller 350g (cirka 30 badpiller).&nbsp;<\/p>\n<p style=\"text-align: justify;\">F\u00f6r en lyxig badupplevelse rekommenderas det att anv\u00e4nda 5 badpiller per bad, vilket inneb\u00e4r att varje f\u00f6rpackning ger ungef\u00e4r 6 bad &ndash; perfekt f\u00f6r att erbjuda b\u00e5de stort v\u00e4rde och njutning f\u00f6r slutanv\u00e4ndaren.&nbsp;<\/p>\n<p style=\"text-align: justify;\"><strong>Doftprofil:&nbsp;<\/strong><\/p>\n<p style=\"text-align: justify;\"><strong>Toppnoter:&nbsp;<\/strong>Plommon &#8211; Vinterb\u00e4r<\/p>\n<p style=\"text-align: justify;\"><strong>Hj\u00e4rtnoter: <\/strong>Socker<\/p>\n<p style=\"text-align: justify;\"><strong>Basnoter:<\/strong> Vanilj<\/p>\n","protected":false},"excerpt":{"rendered":"<p>Varje f\u00f6rpackning inneh\u00e5ller 350g (cirka 30 badpiller).&nbsp; F\u00f6r en lyxig badupplevelse rekommenderas det att anv\u00e4nda 5 badpiller per bad, vilket inneb\u00e4r att varje f\u00f6rpackning ger ungef\u00e4r 6 bad &ndash; perfekt f\u00f6r att erbjuda b\u00e5de stort v\u00e4rde och njutning f\u00f6r slutanv\u00e4ndaren.&nbsp; Doftprofil:&nbsp; Toppnoter:&nbsp;Plommon &#8211; Vinterb\u00e4r Hj\u00e4rtnoter: Socker Basnoter: Vanilj<\/p>\n","protected":false},"featured_media":280359,"comment_status":"closed","ping_status":"open","template":"","meta":{"_angie_page":false},"product_brand":[],"product_cat":[12600,12864,12865],"product_tag":[],"class_list":{"0":"post-216304","1":"product","2":"type-product","3":"status-publish","4":"has-post-thumbnail","6":"product_cat-bad-och-dusch","7":"product_cat-badbomber","8":"product_cat-presentset","9":"pa_collection-chill-pills-gift-packs-350g-sv","10":"pa_made-in-storbritannien","11":"pa_size-350g","13":"first","14":"instock","15":"purchasable","16":"product-type-simple"},"supplier_id":null,"supplier_sku":"ChillP-17","barcode":null,"atum_controlled":true,"out_stock_date":null,"out_stock_threshold":null,"inheritable":false,"inbound_stock":null,"stock_on_hold":0,"sold_today":0,"sales_last_days":0,"reserved_stock":null,"customer_returns":null,"warehouse_damage":null,"lost_in_post":null,"other_logs":null,"out_stock_days":0,"lost_sales":0,"has_location":null,"update_date":"2026-04-27T06:57:12","atum_locations":[],"atum_stock_status":"instock","restock_status":false,"low_stock_amount":"","sales_update_date":"2026-01-30T01:26:09","calc_backorders":null,"_links":{"self":[{"href":"https:\/\/aromasentia.com\/sv\/wp-json\/wp\/v2\/product\/216304","targetHints":{"allow":["GET"]}}],"collection":[{"href":"https:\/\/aromasentia.com\/sv\/wp-json\/wp\/v2\/product"}],"about":[{"href":"https:\/\/aromasentia.com\/sv\/wp-json\/wp\/v2\/types\/product"}],"replies":[{"embeddable":true,"href":"https:\/\/aromasentia.com\/sv\/wp-json\/wp\/v2\/comments?post=216304"}],"version-history":[{"count":0,"href":"https:\/\/aromasentia.com\/sv\/wp-json\/wp\/v2\/product\/216304\/revisions"}],"wp:featuredmedia":[{"embeddable":true,"href":"https:\/\/aromasentia.com\/sv\/wp-json\/wp\/v2\/media\/280359"}],"wp:attachment":[{"href":"https:\/\/aromasentia.com\/sv\/wp-json\/wp\/v2\/media?parent=216304"}],"wp:term":[{"taxonomy":"product_brand","embeddable":true,"href":"https:\/\/aromasentia.com\/sv\/wp-json\/wp\/v2\/product_brand?post=216304"},{"taxonomy":"product_cat","embeddable":true,"href":"https:\/\/aromasentia.com\/sv\/wp-json\/wp\/v2\/product_cat?post=216304"},{"taxonomy":"product_tag","embeddable":true,"href":"https:\/\/aromasentia.com\/sv\/wp-json\/wp\/v2\/product_tag?post=216304"}],"curies":[{"name":"wp","href":"https:\/\/api.w.org\/{rel}","templated":true}]}}