{"id":216295,"date":"2025-03-20T16:37:16","date_gmt":"2025-03-20T16:37:16","guid":{"rendered":"https:\/\/aromasentia.com\/product\/rose-rose-petals-soap-loaf\/"},"modified":"2025-12-31T15:41:29","modified_gmt":"2025-12-31T15:41:29","slug":"ros-rosenblad-tvalkaka","status":"publish","type":"product","link":"https:\/\/aromasentia.com\/sv\/ros-rosenblad-tvalkaka\/","title":{"rendered":"Ros &#038; rosenblad &#8211; Tv\u00e5lkaka"},"content":{"rendered":"<p>Ibland vill du bara unna dig n\u00e5got speciellt, s\u00e5 varf\u00f6r inte lugna din hud med h\u00e4rlig, naturlig handgjord tv\u00e5l?<\/p>\n<p>Roser \u00e4r inte bara ett vackert tillskott till ditt romantiska bad, men de \u00e4r ocks\u00e5 underbart doftande. Rose &amp; Rose Petals Soap, gjord med de b\u00e4sta naturliga ingredienserna, ger den perfekta atmosf\u00e4ren till ditt bad och kommer att slappna av din kropp, lindra stress och l\u00e4mna din hud gl\u00f6dande.&nbsp;<\/p>\n<p>&nbsp;Det finns inget som en bortsk\u00e4md naturlig &nbsp;tv\u00e5l som luktar fantastiskt, f\u00f6r att bryta upp monotonin i din morgonrutin. V\u00e5ra fantastiska handgjorda tv\u00e5lar \u00e4r tillverkade av naturliga ingredienser av h\u00f6gsta kvalitet med sm\u00e4lt- och h\u00e4llmetoden. N\u00e4r du anv\u00e4nder dem kommer du att uppt\u00e4cka en m\u00e4ngd st\u00e4mningsfulla dofter och taktila texturer. Dessa \u00e5terfuktande och hudv\u00e5rdande tv\u00e5lar ger ett fantastiskt och l\u00e5ngvarigt l\u00f6dder och huden k\u00e4nns ren, mjuk och h\u00e4lsosam.<\/p>\n","protected":false},"excerpt":{"rendered":"<p>Ibland vill du bara unna dig n\u00e5got speciellt, s\u00e5 varf\u00f6r inte lugna din hud med h\u00e4rlig, naturlig handgjord tv\u00e5l? Roser \u00e4r inte bara ett vackert tillskott till ditt romantiska bad, men de \u00e4r ocks\u00e5 underbart doftande. Rose &amp; Rose Petals Soap, gjord med de b\u00e4sta naturliga ingredienserna, ger den perfekta atmosf\u00e4ren till ditt bad och [&hellip;]<\/p>\n","protected":false},"featured_media":281275,"comment_status":"closed","ping_status":"open","template":"","meta":{"_angie_page":false},"product_brand":[],"product_cat":[12600,26836,25845,12884,26059],"product_tag":[],"class_list":{"0":"post-216295","1":"product","2":"type-product","3":"status-publish","4":"has-post-thumbnail","6":"product_cat-bad-och-dusch","7":"product_cat-blommig","8":"product_cat-dofter-aromer","9":"product_cat-naturliga-tvalar","10":"product_cat-ros","11":"pa_collection-handcrafted-wild-soap-loaves-1-3-kg-slices-100-140g-sv","12":"pa_made-in-storbritannien","14":"first","15":"instock","16":"purchasable","17":"product-type-simple"},"supplier_id":null,"supplier_sku":"HCS-13L","barcode":null,"atum_controlled":true,"out_stock_date":null,"out_stock_threshold":null,"inheritable":false,"inbound_stock":null,"stock_on_hold":0,"sold_today":0,"sales_last_days":0,"reserved_stock":null,"customer_returns":null,"warehouse_damage":null,"lost_in_post":null,"other_logs":null,"out_stock_days":0,"lost_sales":0,"has_location":null,"update_date":"2026-01-30T01:25:19","atum_locations":[],"atum_stock_status":"instock","restock_status":false,"low_stock_amount":"","sales_update_date":"2026-01-30T01:25:19","calc_backorders":null,"_links":{"self":[{"href":"https:\/\/aromasentia.com\/sv\/wp-json\/wp\/v2\/product\/216295","targetHints":{"allow":["GET"]}}],"collection":[{"href":"https:\/\/aromasentia.com\/sv\/wp-json\/wp\/v2\/product"}],"about":[{"href":"https:\/\/aromasentia.com\/sv\/wp-json\/wp\/v2\/types\/product"}],"replies":[{"embeddable":true,"href":"https:\/\/aromasentia.com\/sv\/wp-json\/wp\/v2\/comments?post=216295"}],"version-history":[{"count":0,"href":"https:\/\/aromasentia.com\/sv\/wp-json\/wp\/v2\/product\/216295\/revisions"}],"wp:featuredmedia":[{"embeddable":true,"href":"https:\/\/aromasentia.com\/sv\/wp-json\/wp\/v2\/media\/281275"}],"wp:attachment":[{"href":"https:\/\/aromasentia.com\/sv\/wp-json\/wp\/v2\/media?parent=216295"}],"wp:term":[{"taxonomy":"product_brand","embeddable":true,"href":"https:\/\/aromasentia.com\/sv\/wp-json\/wp\/v2\/product_brand?post=216295"},{"taxonomy":"product_cat","embeddable":true,"href":"https:\/\/aromasentia.com\/sv\/wp-json\/wp\/v2\/product_cat?post=216295"},{"taxonomy":"product_tag","embeddable":true,"href":"https:\/\/aromasentia.com\/sv\/wp-json\/wp\/v2\/product_tag?post=216295"}],"curies":[{"name":"wp","href":"https:\/\/api.w.org\/{rel}","templated":true}]}}