{"id":216288,"date":"2025-03-20T16:37:16","date_gmt":"2025-03-20T16:37:16","guid":{"rendered":"https:\/\/aromasentia.com\/product\/1x-cinnamon-vanilla-bath-donut\/"},"modified":"2025-12-31T15:41:22","modified_gmt":"2025-12-31T15:41:22","slug":"1x-kanel-vanilj-bad-donut","status":"publish","type":"product","link":"https:\/\/aromasentia.com\/sv\/1x-kanel-vanilj-bad-donut\/","title":{"rendered":"1x Kanel &#038; Vanilj Bad Donut"},"content":{"rendered":"<p>Nybakad! g\u00f6r badtiden lite roligare med <strong>Aroma Sentia-ping Cinnamon &amp; Vanilla Bath Donuts Fizzers<\/strong>. Den fr\u00e4scha, varma doften kommer att fylla ditt kundbad med h\u00e4rlig doft. <strong>De \u00e4r perfekta f\u00f6r f\u00f6delsedagar, jul eller bara en behandling f\u00f6r dig sj\u00e4lv<\/strong>. Den fr\u00e4scha, varma doften kommer att fylla din kunds bad med en h\u00e4rlig doft.&nbsp;<\/p>\n<p>En ringformad badbomb full av f\u00e4rg och doft. <strong>Vi vet att de&#39;r frestande att \u00e4ta, men sn\u00e4lla g\u00f6r&#39;t.<\/strong><\/p>\n<p>\u00c4t mig inte!<\/p>\n<p>Fri fr\u00e5n skadedjur<\/p>\n<p>Individuellt krympf\u00f6rpackad<\/p>\n<p><span style=\"color: rgb(184, 49, 47);\"><strong>Handgjord i Sheffield<\/strong><\/span><\/p>\n<p style=\"text-align: justify;\"><span style=\"color: rgb(243, 121, 52);\"><strong>Anm\u00e4rkning: Produkten finns inte tillg\u00e4nglig i Slovakien<\/strong><\/span><\/p>\n","protected":false},"excerpt":{"rendered":"<p>Nybakad! g\u00f6r badtiden lite roligare med Aroma Sentia-ping Cinnamon &amp; Vanilla Bath Donuts Fizzers. Den fr\u00e4scha, varma doften kommer att fylla ditt kundbad med h\u00e4rlig doft. De \u00e4r perfekta f\u00f6r f\u00f6delsedagar, jul eller bara en behandling f\u00f6r dig sj\u00e4lv. Den fr\u00e4scha, varma doften kommer att fylla din kunds bad med en h\u00e4rlig doft.&nbsp; En ringformad [&hellip;]<\/p>\n","protected":false},"featured_media":281156,"comment_status":"closed","ping_status":"open","template":"","meta":{"_angie_page":false},"product_brand":[],"product_cat":[12600,25845,26012,26892],"product_tag":[],"class_list":{"0":"post-216288","1":"product","2":"type-product","3":"status-publish","4":"has-post-thumbnail","6":"product_cat-bad-och-dusch","7":"product_cat-dofter-aromer","8":"product_cat-kanel","9":"product_cat-kryddig","10":"pa_made-in-storbritannien","12":"first","13":"outofstock","14":"purchasable","15":"product-type-simple"},"supplier_id":null,"supplier_sku":"Donut-07","barcode":null,"atum_controlled":true,"out_stock_date":"2026-04-25 15:14:04","out_stock_threshold":null,"inheritable":false,"inbound_stock":null,"stock_on_hold":0,"sold_today":0,"sales_last_days":0,"reserved_stock":null,"customer_returns":null,"warehouse_damage":null,"lost_in_post":null,"other_logs":null,"out_stock_days":0,"lost_sales":0,"has_location":null,"update_date":"2026-04-27T06:59:11","atum_locations":[],"atum_stock_status":"outofstock","restock_status":false,"low_stock_amount":"","sales_update_date":"2026-01-30T01:25:50","calc_backorders":null,"_links":{"self":[{"href":"https:\/\/aromasentia.com\/sv\/wp-json\/wp\/v2\/product\/216288","targetHints":{"allow":["GET"]}}],"collection":[{"href":"https:\/\/aromasentia.com\/sv\/wp-json\/wp\/v2\/product"}],"about":[{"href":"https:\/\/aromasentia.com\/sv\/wp-json\/wp\/v2\/types\/product"}],"replies":[{"embeddable":true,"href":"https:\/\/aromasentia.com\/sv\/wp-json\/wp\/v2\/comments?post=216288"}],"version-history":[{"count":0,"href":"https:\/\/aromasentia.com\/sv\/wp-json\/wp\/v2\/product\/216288\/revisions"}],"wp:featuredmedia":[{"embeddable":true,"href":"https:\/\/aromasentia.com\/sv\/wp-json\/wp\/v2\/media\/281156"}],"wp:attachment":[{"href":"https:\/\/aromasentia.com\/sv\/wp-json\/wp\/v2\/media?parent=216288"}],"wp:term":[{"taxonomy":"product_brand","embeddable":true,"href":"https:\/\/aromasentia.com\/sv\/wp-json\/wp\/v2\/product_brand?post=216288"},{"taxonomy":"product_cat","embeddable":true,"href":"https:\/\/aromasentia.com\/sv\/wp-json\/wp\/v2\/product_cat?post=216288"},{"taxonomy":"product_tag","embeddable":true,"href":"https:\/\/aromasentia.com\/sv\/wp-json\/wp\/v2\/product_tag?post=216288"}],"curies":[{"name":"wp","href":"https:\/\/api.w.org\/{rel}","templated":true}]}}