{"id":216265,"date":"2025-03-20T16:38:28","date_gmt":"2025-03-20T16:38:28","guid":{"rendered":"https:\/\/aromasentia.com\/product\/coconut-dream-soap-bar-100g\/"},"modified":"2025-12-31T15:41:06","modified_gmt":"2025-12-31T15:41:06","slug":"drom-med-kokosnot-tvalkaka-100g","status":"publish","type":"product","link":"https:\/\/aromasentia.com\/sv\/drom-med-kokosnot-tvalkaka-100g\/","title":{"rendered":"Dr\u00f6m med kokosn\u00f6t Tv\u00e5lkaka &#8211; 100g"},"content":{"rendered":"<p><span style=\u201dcolor: rgb(75, 80, 88);\u201d>Aroma Sentia <strong>&nbsp;Coconut Dream<\/strong><strong>&nbsp;Soap Bar &#8211; 100g<\/strong> \u00e4r toppad med torkade kokosflingor och doftande kokosn\u00f6t. Denna tv\u00e5l har en s\u00f6t, kr\u00e4mig doft som k\u00e4nns ljus och sl\u00e5ende levande och exotisk.<\/span><\/p>\n<p><span style=\u201dcolor: rgb(75, 80, 88);\u201d>S\u00e4ljs inslagen i vaxat papper med med ingrediensetikett och vikt ca 100g per skiva. <\/span><\/p>\n<p><span style=\u201dcolor: rgb(75, 80, 88);\u201d><strong>BEM\u00c4RK:<\/strong> tv\u00e5larna \u00e4r handgjorda, f\u00e4rg eller design kan variera n\u00e5got fr\u00e5n bilderna.<\/span><\/p>\n","protected":false},"excerpt":{"rendered":"<p>Aroma Sentia &nbsp;Coconut Dream&nbsp;Soap Bar &#8211; 100g \u00e4r toppad med torkade kokosflingor och doftande kokosn\u00f6t. Denna tv\u00e5l har en s\u00f6t, kr\u00e4mig doft som k\u00e4nns ljus och sl\u00e5ende levande och exotisk. S\u00e4ljs inslagen i vaxat papper med med ingrediensetikett och vikt ca 100g per skiva. BEM\u00c4RK: tv\u00e5larna \u00e4r handgjorda, f\u00e4rg eller design kan variera n\u00e5got fr\u00e5n [&hellip;]<\/p>\n","protected":false},"featured_media":281365,"comment_status":"closed","ping_status":"open","template":"","meta":{"_angie_page":false},"product_brand":[],"product_cat":[12600,12884],"product_tag":[],"class_list":{"0":"post-216265","1":"product","2":"type-product","3":"status-publish","4":"has-post-thumbnail","6":"product_cat-bad-och-dusch","7":"product_cat-naturliga-tvalar","8":"pa_collection-handcrafted-wild-soap-loaves-1-3-kg-slices-100-140g-sv","9":"pa_made-in-storbritannien","10":"pa_size-100g","12":"first","13":"instock","14":"purchasable","15":"product-type-simple"},"supplier_id":null,"supplier_sku":"DSHCS-11","barcode":null,"atum_controlled":true,"out_stock_date":null,"out_stock_threshold":null,"inheritable":false,"inbound_stock":null,"stock_on_hold":0,"sold_today":0,"sales_last_days":0,"reserved_stock":null,"customer_returns":null,"warehouse_damage":null,"lost_in_post":null,"other_logs":null,"out_stock_days":0,"lost_sales":0,"has_location":null,"update_date":"2026-04-30T06:45:29","atum_locations":[],"atum_stock_status":"instock","restock_status":false,"low_stock_amount":"","sales_update_date":"2026-01-30T01:25:56","calc_backorders":null,"_links":{"self":[{"href":"https:\/\/aromasentia.com\/sv\/wp-json\/wp\/v2\/product\/216265","targetHints":{"allow":["GET"]}}],"collection":[{"href":"https:\/\/aromasentia.com\/sv\/wp-json\/wp\/v2\/product"}],"about":[{"href":"https:\/\/aromasentia.com\/sv\/wp-json\/wp\/v2\/types\/product"}],"replies":[{"embeddable":true,"href":"https:\/\/aromasentia.com\/sv\/wp-json\/wp\/v2\/comments?post=216265"}],"version-history":[{"count":0,"href":"https:\/\/aromasentia.com\/sv\/wp-json\/wp\/v2\/product\/216265\/revisions"}],"wp:featuredmedia":[{"embeddable":true,"href":"https:\/\/aromasentia.com\/sv\/wp-json\/wp\/v2\/media\/281365"}],"wp:attachment":[{"href":"https:\/\/aromasentia.com\/sv\/wp-json\/wp\/v2\/media?parent=216265"}],"wp:term":[{"taxonomy":"product_brand","embeddable":true,"href":"https:\/\/aromasentia.com\/sv\/wp-json\/wp\/v2\/product_brand?post=216265"},{"taxonomy":"product_cat","embeddable":true,"href":"https:\/\/aromasentia.com\/sv\/wp-json\/wp\/v2\/product_cat?post=216265"},{"taxonomy":"product_tag","embeddable":true,"href":"https:\/\/aromasentia.com\/sv\/wp-json\/wp\/v2\/product_tag?post=216265"}],"curies":[{"name":"wp","href":"https:\/\/api.w.org\/{rel}","templated":true}]}}