{"id":216257,"date":"2025-03-20T16:38:28","date_gmt":"2025-03-20T16:38:28","guid":{"rendered":"https:\/\/aromasentia.com\/product\/baby-powder-soap-loaf\/"},"modified":"2025-12-31T15:40:58","modified_gmt":"2025-12-31T15:40:58","slug":"baby-powder-soap-loaf","status":"publish","type":"product","link":"https:\/\/aromasentia.com\/sv\/baby-powder-soap-loaf\/","title":{"rendered":"Baby Powder &#8211; Soap Loaf"},"content":{"rendered":"<p>Ibland vill du bara unna dig n\u00e5got speciellt, s\u00e5 varf\u00f6r inte lugna din hud med h\u00e4rlig, naturlig handgjord tv\u00e5l?<\/p>\n<p>Babypulvertv\u00e5len med silkeslent l\u00f6dder och fr\u00e4sch babypulverdoft ger n\u00e4ring och \u00e5terfuktar torr hud och h\u00e5ller den mjuk och smidig.&nbsp;<\/p>\n<p>Det finns inget som en bortsk\u00e4md naturlig tv\u00e5l som luktar fantastiskt f\u00f6r att bryta monotonin i din morgonrutin. V\u00e5ra fantastiska handgjorda tv\u00e5lar tillverkas av naturliga ingredienser av h\u00f6gsta kvalitet med hj\u00e4lp av sm\u00e4lt- och h\u00e4llmetoden. N\u00e4r du anv\u00e4nder dem kommer du att uppt\u00e4cka en m\u00e4ngd st\u00e4mningsfulla dofter och taktila texturer. Dessa \u00e5terfuktande och hudv\u00e5rdande tv\u00e5lar erbjuder ett fantastiskt l\u00e5ngvarigt l\u00f6dder och l\u00e4mnar din hud ren, mjuk och h\u00e4lsosam.<\/p>\n","protected":false},"excerpt":{"rendered":"<p>Ibland vill du bara unna dig n\u00e5got speciellt, s\u00e5 varf\u00f6r inte lugna din hud med h\u00e4rlig, naturlig handgjord tv\u00e5l? Babypulvertv\u00e5len med silkeslent l\u00f6dder och fr\u00e4sch babypulverdoft ger n\u00e4ring och \u00e5terfuktar torr hud och h\u00e5ller den mjuk och smidig.&nbsp; Det finns inget som en bortsk\u00e4md naturlig tv\u00e5l som luktar fantastiskt f\u00f6r att bryta monotonin i din [&hellip;]<\/p>\n","protected":false},"featured_media":281293,"comment_status":"closed","ping_status":"open","template":"","meta":{"_angie_page":false},"product_brand":[],"product_cat":[12600,12884],"product_tag":[],"class_list":{"0":"post-216257","1":"product","2":"type-product","3":"status-publish","4":"has-post-thumbnail","6":"product_cat-bad-och-dusch","7":"product_cat-naturliga-tvalar","8":"pa_collection-handcrafted-wild-soap-loaves-1-3-kg-slices-100-140g-sv","9":"pa_made-in-storbritannien","11":"first","12":"instock","13":"purchasable","14":"product-type-simple"},"supplier_id":null,"supplier_sku":"HCS-16L","barcode":null,"atum_controlled":true,"out_stock_date":null,"out_stock_threshold":null,"inheritable":false,"inbound_stock":null,"stock_on_hold":0,"sold_today":0,"sales_last_days":0,"reserved_stock":null,"customer_returns":null,"warehouse_damage":null,"lost_in_post":null,"other_logs":null,"out_stock_days":0,"lost_sales":0,"has_location":null,"update_date":"2026-01-30T01:25:04","atum_locations":[],"atum_stock_status":"instock","restock_status":false,"low_stock_amount":"","sales_update_date":"2026-01-30T01:25:04","calc_backorders":null,"_links":{"self":[{"href":"https:\/\/aromasentia.com\/sv\/wp-json\/wp\/v2\/product\/216257","targetHints":{"allow":["GET"]}}],"collection":[{"href":"https:\/\/aromasentia.com\/sv\/wp-json\/wp\/v2\/product"}],"about":[{"href":"https:\/\/aromasentia.com\/sv\/wp-json\/wp\/v2\/types\/product"}],"replies":[{"embeddable":true,"href":"https:\/\/aromasentia.com\/sv\/wp-json\/wp\/v2\/comments?post=216257"}],"version-history":[{"count":0,"href":"https:\/\/aromasentia.com\/sv\/wp-json\/wp\/v2\/product\/216257\/revisions"}],"wp:featuredmedia":[{"embeddable":true,"href":"https:\/\/aromasentia.com\/sv\/wp-json\/wp\/v2\/media\/281293"}],"wp:attachment":[{"href":"https:\/\/aromasentia.com\/sv\/wp-json\/wp\/v2\/media?parent=216257"}],"wp:term":[{"taxonomy":"product_brand","embeddable":true,"href":"https:\/\/aromasentia.com\/sv\/wp-json\/wp\/v2\/product_brand?post=216257"},{"taxonomy":"product_cat","embeddable":true,"href":"https:\/\/aromasentia.com\/sv\/wp-json\/wp\/v2\/product_cat?post=216257"},{"taxonomy":"product_tag","embeddable":true,"href":"https:\/\/aromasentia.com\/sv\/wp-json\/wp\/v2\/product_tag?post=216257"}],"curies":[{"name":"wp","href":"https:\/\/api.w.org\/{rel}","templated":true}]}}