{"id":216242,"date":"2025-03-20T16:39:07","date_gmt":"2025-03-20T16:39:07","guid":{"rendered":"https:\/\/aromasentia.com\/product\/enchanted-rose-soap-bar-140g\/"},"modified":"2025-12-31T15:40:43","modified_gmt":"2025-12-31T15:40:43","slug":"enchanted-rose-tvalkaka-100g","status":"publish","type":"product","link":"https:\/\/aromasentia.com\/sv\/enchanted-rose-tvalkaka-100g\/","title":{"rendered":"Enchanted Rose Tv\u00e5lkaka &#8211; 100g"},"content":{"rendered":"<p><span style=\u201dcolor: rgb(75, 80, 88);\u201d>Uppt\u00e4ck cool Wild &amp; Natural Hand-Crafted <strong>Rose &amp; Vanilla Soap Bar &#8211; 100g.&nbsp;<\/strong><\/span><\/p>\n<p><span style=\u201dcolor: rgb(75, 80, 88);\u201d>Njut av den romantiska och lyxiga doften av Rose &amp; Vanilla tv\u00e5lbr\u00f6d. Denna tv\u00e5l kombinerar den tidl\u00f6sa doften av rosor med de varma, s\u00f6ta tonerna av vanilj. Det&#39; \u00e4r en sensorisk njutning som g\u00f6r att du k\u00e4nner dig bortsk\u00e4md och omsluten av romantik.<\/span><\/p>\n<p><span style=\u201dcolor: rgb(75, 80, 88);\u201d><strong> OBSERVERA:<\/strong> V\u00e5ra tv\u00e5lar \u00e4r tillverkade f\u00f6r hand, s\u00e5 det kan finnas sm\u00e5 variationer i f\u00e4rg eller design j\u00e4mf\u00f6rt med de bilder som tillhandah\u00e5lls.<\/span><\/p>\n","protected":false},"excerpt":{"rendered":"<p>Uppt\u00e4ck cool Wild &amp; Natural Hand-Crafted Rose &amp; Vanilla Soap Bar &#8211; 100g.&nbsp; Njut av den romantiska och lyxiga doften av Rose &amp; Vanilla tv\u00e5lbr\u00f6d. Denna tv\u00e5l kombinerar den tidl\u00f6sa doften av rosor med de varma, s\u00f6ta tonerna av vanilj. Det&#39; \u00e4r en sensorisk njutning som g\u00f6r att du k\u00e4nner dig bortsk\u00e4md och omsluten av [&hellip;]<\/p>\n","protected":false},"featured_media":281542,"comment_status":"closed","ping_status":"open","template":"","meta":{"_angie_page":false},"product_brand":[],"product_cat":[12600,26836,25845,12884,26059],"product_tag":[],"class_list":{"0":"post-216242","1":"product","2":"type-product","3":"status-publish","4":"has-post-thumbnail","6":"product_cat-bad-och-dusch","7":"product_cat-blommig","8":"product_cat-dofter-aromer","9":"product_cat-naturliga-tvalar","10":"product_cat-ros","11":"pa_collection-handcrafted-wild-soap-loaves-1-3-kg-slices-100-140g-sv","12":"pa_made-in-storbritannien","13":"pa_size-140g","15":"first","16":"instock","17":"purchasable","18":"product-type-simple"},"supplier_id":null,"supplier_sku":"DSHCS-51","barcode":null,"atum_controlled":true,"out_stock_date":null,"out_stock_threshold":null,"inheritable":false,"inbound_stock":0,"stock_on_hold":0,"sold_today":0,"sales_last_days":0,"reserved_stock":0,"customer_returns":0,"warehouse_damage":0,"lost_in_post":0,"other_logs":0,"out_stock_days":0,"lost_sales":0,"has_location":false,"update_date":"2026-04-27T07:27:47","atum_locations":[],"atum_stock_status":"instock","restock_status":false,"low_stock_amount":"","sales_update_date":"2026-01-30T01:25:39","calc_backorders":null,"_links":{"self":[{"href":"https:\/\/aromasentia.com\/sv\/wp-json\/wp\/v2\/product\/216242","targetHints":{"allow":["GET"]}}],"collection":[{"href":"https:\/\/aromasentia.com\/sv\/wp-json\/wp\/v2\/product"}],"about":[{"href":"https:\/\/aromasentia.com\/sv\/wp-json\/wp\/v2\/types\/product"}],"replies":[{"embeddable":true,"href":"https:\/\/aromasentia.com\/sv\/wp-json\/wp\/v2\/comments?post=216242"}],"version-history":[{"count":0,"href":"https:\/\/aromasentia.com\/sv\/wp-json\/wp\/v2\/product\/216242\/revisions"}],"wp:featuredmedia":[{"embeddable":true,"href":"https:\/\/aromasentia.com\/sv\/wp-json\/wp\/v2\/media\/281542"}],"wp:attachment":[{"href":"https:\/\/aromasentia.com\/sv\/wp-json\/wp\/v2\/media?parent=216242"}],"wp:term":[{"taxonomy":"product_brand","embeddable":true,"href":"https:\/\/aromasentia.com\/sv\/wp-json\/wp\/v2\/product_brand?post=216242"},{"taxonomy":"product_cat","embeddable":true,"href":"https:\/\/aromasentia.com\/sv\/wp-json\/wp\/v2\/product_cat?post=216242"},{"taxonomy":"product_tag","embeddable":true,"href":"https:\/\/aromasentia.com\/sv\/wp-json\/wp\/v2\/product_tag?post=216242"}],"curies":[{"name":"wp","href":"https:\/\/api.w.org\/{rel}","templated":true}]}}