{"id":216241,"date":"2025-03-20T16:39:07","date_gmt":"2025-03-20T16:39:07","guid":{"rendered":"https:\/\/aromasentia.com\/product\/verdant-zen-soap-bar-140g\/"},"modified":"2025-12-31T15:40:43","modified_gmt":"2025-12-31T15:40:43","slug":"verdant-zen-tvalkaka-100g","status":"publish","type":"product","link":"https:\/\/aromasentia.com\/sv\/verdant-zen-tvalkaka-100g\/","title":{"rendered":"Verdant Zen Tv\u00e5lkaka &#8211; 100g"},"content":{"rendered":"<p><span style=\u201dcolor: rgb(75, 80, 88);\u201d>Uppt\u00e4ck cool Wholesale Wild &amp; Natural Hand-Crafted <strong>Green Tea &amp; Olive Soap Bar &#8211; 100g<\/strong>, Omfamna de lugnande och f\u00f6ryngrande egenskaperna hos Green Tea &amp; Olive tv\u00e5lbr\u00f6d. Denna tv\u00e5l fyller din dusch med den lugnande essensen av gr\u00f6nt te och de n\u00e4rande f\u00f6rdelarna med olivolja. Det \u00e4r en vitaliserande upplevelse som l\u00e4mnar din hud mjuk, smidig och balanserad.<\/span><\/p>\n<p><span style=\u201dcolor: rgb(75, 80, 88);\u201d><strong> OBSERVERA:<\/strong> V\u00e5ra tv\u00e5lar tillverkas f\u00f6r hand, s\u00e5 det kan finnas sm\u00e5 variationer i f\u00e4rg eller design j\u00e4mf\u00f6rt med de bilder som tillhandah\u00e5lls.<\/span><\/p>\n","protected":false},"excerpt":{"rendered":"<p>Uppt\u00e4ck cool Wholesale Wild &amp; Natural Hand-Crafted Green Tea &amp; Olive Soap Bar &#8211; 100g, Omfamna de lugnande och f\u00f6ryngrande egenskaperna hos Green Tea &amp; Olive tv\u00e5lbr\u00f6d. Denna tv\u00e5l fyller din dusch med den lugnande essensen av gr\u00f6nt te och de n\u00e4rande f\u00f6rdelarna med olivolja. Det \u00e4r en vitaliserande upplevelse som l\u00e4mnar din hud mjuk, [&hellip;]<\/p>\n","protected":false},"featured_media":281525,"comment_status":"closed","ping_status":"open","template":"","meta":{"_angie_page":false},"product_brand":[],"product_cat":[12600,12884],"product_tag":[],"class_list":{"0":"post-216241","1":"product","2":"type-product","3":"status-publish","4":"has-post-thumbnail","6":"product_cat-bad-och-dusch","7":"product_cat-naturliga-tvalar","8":"pa_collection-handcrafted-wild-soap-loaves-1-3-kg-slices-100-140g-sv","9":"pa_made-in-storbritannien","10":"pa_size-140g","12":"first","13":"outofstock","14":"purchasable","15":"product-type-simple"},"supplier_id":null,"supplier_sku":"DSHCS-50","barcode":null,"atum_controlled":true,"out_stock_date":"2025-09-04 22:30:37","out_stock_threshold":null,"inheritable":false,"inbound_stock":null,"stock_on_hold":0,"sold_today":0,"sales_last_days":0,"reserved_stock":null,"customer_returns":null,"warehouse_damage":null,"lost_in_post":null,"other_logs":null,"out_stock_days":34,"lost_sales":0,"has_location":null,"update_date":"2026-04-27T07:27:47","atum_locations":[],"atum_stock_status":"outofstock","restock_status":false,"low_stock_amount":"","sales_update_date":"2025-10-09T03:22:08","calc_backorders":null,"_links":{"self":[{"href":"https:\/\/aromasentia.com\/sv\/wp-json\/wp\/v2\/product\/216241","targetHints":{"allow":["GET"]}}],"collection":[{"href":"https:\/\/aromasentia.com\/sv\/wp-json\/wp\/v2\/product"}],"about":[{"href":"https:\/\/aromasentia.com\/sv\/wp-json\/wp\/v2\/types\/product"}],"replies":[{"embeddable":true,"href":"https:\/\/aromasentia.com\/sv\/wp-json\/wp\/v2\/comments?post=216241"}],"version-history":[{"count":0,"href":"https:\/\/aromasentia.com\/sv\/wp-json\/wp\/v2\/product\/216241\/revisions"}],"wp:featuredmedia":[{"embeddable":true,"href":"https:\/\/aromasentia.com\/sv\/wp-json\/wp\/v2\/media\/281525"}],"wp:attachment":[{"href":"https:\/\/aromasentia.com\/sv\/wp-json\/wp\/v2\/media?parent=216241"}],"wp:term":[{"taxonomy":"product_brand","embeddable":true,"href":"https:\/\/aromasentia.com\/sv\/wp-json\/wp\/v2\/product_brand?post=216241"},{"taxonomy":"product_cat","embeddable":true,"href":"https:\/\/aromasentia.com\/sv\/wp-json\/wp\/v2\/product_cat?post=216241"},{"taxonomy":"product_tag","embeddable":true,"href":"https:\/\/aromasentia.com\/sv\/wp-json\/wp\/v2\/product_tag?post=216241"}],"curies":[{"name":"wp","href":"https:\/\/api.w.org\/{rel}","templated":true}]}}